{"id":8171,"date":"2016-03-29T06:48:33","date_gmt":"2016-03-29T04:48:33","guid":{"rendered":"https:\/\/www.hotellapaul.it\/mappa-lago-di-garda-sirmione\/"},"modified":"2026-01-03T11:42:00","modified_gmt":"2026-01-03T10:42:00","slug":"carte-du-lacde-garde-sirmione","status":"publish","type":"page","link":"https:\/\/www.hotellapaul.it\/fr\/carte-du-lacde-garde-sirmione\/","title":{"rendered":"Carte du Lac de Garde Sirmione"},"content":{"rendered":"\n<h2 class=\"wp-block-heading\">Carte du Lac de Garde Sirmione<\/h2>\n\n\n\n<h3 class=\"wp-block-heading\">Sirmione est situ\u00e9e au centre du sud de la Garde, dans une position optimale pour rejoindre les villes de V\u00e9rone, Brescia et Mantoue, une \u00e9tape obligatoire pour ceux qui voyagent entre Milan et Venise.<\/h3>\n\n\n\n<p>Carte du Lac de Garde : si vous avez l&rsquo;intention de visiter le Lac de Garde, le meilleur moyen est de partir de Sirmione et vous trouverez ici des informations sur la fa\u00e7on de vous y rendre par les principaux moyens de transport : avion, train, bus, voiture. Les principaux a\u00e9roports sont Bergame Orio al Serio, V\u00e9rone Villafranca, Milan Malpensa ; avec l&rsquo;autoroute les sorties sont \u00e0 Sirmione, Desenzano, Peschiera ; la ligne ferroviaire a des arr\u00eats \u00e0 Desenzano et Peschiera ; en bus, il y a la ligne bleue de la ligne V\u00e9rone-Brescia-V\u00e9rone.<\/p>\n\n\n\n<p><span style=\"color: #0000ff;\"><strong>AUTOBUS<br><\/strong><\/span><\/p>\n\n\n\n<p>Il y a des arr\u00eats obligatoires et certains sur demande, les principaux sont : Sirmione centre (devant le ch\u00e2teau) et Sirmione Colombare et ces lignes s&rsquo;arr\u00eatent ici :<\/p>\n\n\n\n<p><strong>Ligne Bleue&nbsp;:<\/strong> relie Sirmione aux villes, c&rsquo;est la ligne bleue de la ligne V\u00e9rone-Brescia-V\u00e9rone, la fr\u00e9quence est presque horaire en saison, hors saison les horaires sont r\u00e9duits.<\/p>\n\n\n\n<p><strong>Ligne jaune :<\/strong> pour les d\u00e9placements \u00e0 l&rsquo;int\u00e9rieur de la Commune, elle est utilis\u00e9e pour circuler entre le centre de Sirmione et les hameaux de Colombare, Lugana, Rovizza.<\/p>\n\n\n\n<p><strong>Link:<\/strong> <a href=\"http:\/\/www.arriva.it\/web\/guest\/results\/-\/search?q=orari+brescia+verona&amp;redirecting=true&amp;freesearch=true\" target=\"_blank\" rel=\"noopener\">Orari linea blu Verona-Brescia-Verona<\/a><\/p>\n\n\n\n<p><span style=\"color: #0000ff;\"><strong>TRAIN<br><\/strong><\/span><\/p>\n\n\n\n<p>La ligne est la ligne Milan-Venise et les arr\u00eats de train les plus proches sont ceux de la gare de Desenzano et de la gare de Peschiera, qui se trouvent \u00e0 environ 8 km. De l\u00e0, vous pouvez vous y rendre en bus (ligne bleue V\u00e9rone-Brescia-V\u00e9rone) ou en taxi (co\u00fbt environ 20 \u20ac)<\/p>\n\n\n\n<p><strong>Link:<\/strong> <span style=\"color: #0000ff;\"><a style=\"color: #0000ff;\" href=\"http:\/\/www.trenitalia.com\/trenitalia.html\" target=\"_blank\" rel=\"noopener\">Site officiel de Trenitalia<\/a><\/span><\/p>\n\n\n\n<p><span style=\"color: #0000ff;\"><strong>A\u00c9ROPORTS<\/strong><\/span><\/p>\n\n\n\n<p><strong>Milano Malpensa:<\/strong>&nbsp;vous prenez l&rsquo;a\u00e9robus de l&rsquo;a\u00e9roport \u00e0 la gare centrale de Milan, prenez le train jusqu&rsquo;\u00e0 la gare de Desenzano del Garda et vous pourrez ensuite vous rendre \u00e0 Sirmione en bus (voir instructions \u00ab\u00a0bus\u00a0\u00bb) ou en taxi.<\/p>\n\n\n\n<p><strong>Bergamo \u2013 Orio al Serio \u2013 Caravaggio:<\/strong>&nbsp;prenez le bus de l&rsquo;a\u00e9roport jusqu&rsquo;\u00e0 la gare de Bergame, prenez le train (voir les instructions \u00ab\u00a0train\u00a0\u00bb) jusqu&rsquo;\u00e0 Desenzano del Garda, puis vous pourrez rejoindre Sirmione en bus (voir les instructions \u00ab\u00a0bus\u00a0\u00bb) ou en taxi.<\/p>\n\n\n\n<p><strong>Montichiari \u2013 G. D\u2019Annunzio:<\/strong>&nbsp;prendre le taxi jusqu&rsquo;\u00e0 l&rsquo;arr\u00eat de bus en face du Parc des Expositions de Garda \u00e0 Montichiari (via Mantova), prendre le bus jusqu&rsquo;\u00e0 l&rsquo;arr\u00eat de la gare Desenzano FS, prendre la ligne de bus bleue jusqu&rsquo;\u00e0 Sirmione ; ou prendre un taxi<\/p>\n\n\n\n<p><strong>Link:<\/strong> <span style=\"color: #0000ff;\"><a style=\"color: #0000ff;\" href=\"http:\/\/www.autostradale.it\/airports\/1\/3\/?lang=1\" target=\"_blank\" rel=\"noopener\">Aerobus (Malpensa-Stazione Milano Centrale)<\/a><\/span> &#8211; <span style=\"color: #0000ff;\"><a style=\"color: #0000ff;\" href=\"http:\/\/www.atb.bergamo.it\/ENG\/homepage.aspx\" target=\"_blank\" rel=\"noopener\">Airport Bus (Caravaggio-Bergamo Rail station)<\/a><\/span> &#8211; <span style=\"color: #0000ff;\"><a style=\"color: #0000ff;\" href=\"http:\/\/www.arriva.it\/web\/guest\/results\/-\/search?q=montichiari+sirmione&amp;redirecting=true&amp;freesearch=false\" target=\"_blank\" rel=\"noopener\">Bus Line Montichiari-Desenzano-Sirmione<\/a><\/span><\/p>\n\n\n\n<p><span style=\"color: #0000ff;\"><strong>TAXI<\/strong><\/span><\/p>\n\n\n\n<p>A Sirmione il y a deux stations de taxis : l&rsquo;une devant le ch\u00e2teau de Sirmione, l&rsquo;autre dans le hameau de Colombare, devant le si\u00e8ge de la Banco Popolare.<\/p>\n\n\n\n<p>Ci-dessous quelques indications sur les tarifs des taxis :<\/p>\n\n\n\n<p>\u2013 Sirmione- Desenzano oppure Sirmione-Peschiera : environ \u20ac 20<br>\u2013 Sirmione- Aeroporto di Verona Villafranca: environ \u20ac 65<br>\u2013 Sirmione- Aeroporto di Bergamo Orio al Serio : environ \u20ac 150<br>\u2013 Sirmione- Aeroporto di Milano Malpensa : environ \u20ac 270<\/p>\n\n\n\n<p>Ci-dessous, la carte des transports du lac de Garde:<\/p>\n\n\n\n<figure class=\"wp-block-image\"><a href=\"https:\/\/www.hotellapaul.it\/wp-content\/uploads\/2016\/03\/milano-venezia-trasporti-r.jpg\" rel=\"attachment wp-att-2697\"><img decoding=\"async\" src=\"https:\/\/www.hotellapaul.it\/wp-content\/uploads\/2016\/03\/milano-venezia-trasporti-r-300x134.jpg\" alt=\"mappa Lago di Garda trasporti\" class=\"wp-image-2697\" title=\"mappa Lago di Garda trasporti\"\/><\/a><\/figure>\n","protected":false},"excerpt":{"rendered":"<p>Carte du Lac de Garde Sirmione Sirmione est situ\u00e9e au centre du [&hellip;]<\/p>\n","protected":false},"author":2,"featured_media":0,"parent":0,"menu_order":37,"comment_status":"closed","ping_status":"closed","template":"","meta":{"_acf_changed":false,"footnotes":""},"class_list":["post-8171","page","type-page","status-publish","hentry"],"acf":[],"yoast_head":"<!-- This site is optimized with the Yoast SEO plugin v27.6 - https:\/\/yoast.com\/product\/yoast-seo-wordpress\/ -->\n<title>Carte du Lac de Garde\u00a0| Sirmione | Avion-train-bus-voiture<\/title>\n<meta name=\"description\" content=\"Carte du Lac de Garde, comment se rendre \u00e0 Sirmione en avion, train, bus, voiture ; liens vers les sites officiels des moyens de transport et indication des prix des taxis\" \/>\n<meta name=\"robots\" content=\"index, follow, max-snippet:-1, max-image-preview:large, max-video-preview:-1\" \/>\n<link rel=\"canonical\" href=\"https:\/\/www.hotellapaul.it\/mappa-del-lago-di-garda-sirmione\/\" \/>\n<meta property=\"og:locale\" content=\"fr_FR\" \/>\n<meta property=\"og:type\" content=\"article\" \/>\n<meta property=\"og:title\" content=\"Carte du Lac de Garde\u00a0| Sirmione | Avion-train-bus-voiture\" \/>\n<meta property=\"og:description\" content=\"Carte du Lac de Garde, comment se rendre \u00e0 Sirmione en avion, train, bus, voiture ; liens vers les sites officiels des moyens de transport et indication des prix des taxis\" \/>\n<meta property=\"og:url\" content=\"https:\/\/www.hotellapaul.it\/mappa-del-lago-di-garda-sirmione\/\" \/>\n<meta property=\"og:site_name\" content=\"Hotel La Paul\" \/>\n<meta property=\"article:modified_time\" content=\"2026-01-03T10:42:00+00:00\" \/>\n<meta property=\"og:image\" content=\"https:\/\/www.hotellapaul.it\/wp-content\/uploads\/2016\/03\/milano-venezia-trasporti-r.jpg\" \/>\n\t<meta property=\"og:image:width\" content=\"900\" \/>\n\t<meta property=\"og:image:height\" content=\"402\" \/>\n\t<meta property=\"og:image:type\" content=\"image\/jpeg\" \/>\n<meta name=\"twitter:card\" content=\"summary_large_image\" \/>\n<meta name=\"twitter:label1\" content=\"Dur\u00e9e de lecture estim\u00e9e\" \/>\n\t<meta name=\"twitter:data1\" content=\"3 minutes\" \/>\n<script type=\"application\/ld+json\" class=\"yoast-schema-graph\">{\"@context\":\"https:\\\/\\\/schema.org\",\"@graph\":[{\"@type\":\"WebPage\",\"@id\":\"https:\\\/\\\/www.hotellapaul.it\\\/mappa-del-lago-di-garda-sirmione\\\/\",\"url\":\"https:\\\/\\\/www.hotellapaul.it\\\/mappa-del-lago-di-garda-sirmione\\\/\",\"name\":\"Carte du Lac de Garde\u00a0| Sirmione | Avion-train-bus-voiture\",\"isPartOf\":{\"@id\":\"https:\\\/\\\/www.hotellapaul.it\\\/#website\"},\"primaryImageOfPage\":{\"@id\":\"https:\\\/\\\/www.hotellapaul.it\\\/mappa-del-lago-di-garda-sirmione\\\/#primaryimage\"},\"image\":{\"@id\":\"https:\\\/\\\/www.hotellapaul.it\\\/mappa-del-lago-di-garda-sirmione\\\/#primaryimage\"},\"thumbnailUrl\":\"https:\\\/\\\/www.hotellapaul.it\\\/wp-content\\\/uploads\\\/2016\\\/03\\\/milano-venezia-trasporti-r-300x134.jpg\",\"datePublished\":\"2016-03-29T04:48:33+00:00\",\"dateModified\":\"2026-01-03T10:42:00+00:00\",\"description\":\"Carte du Lac de Garde, comment se rendre \u00e0 Sirmione en avion, train, bus, voiture ; liens vers les sites officiels des moyens de transport et indication des prix des taxis\",\"breadcrumb\":{\"@id\":\"https:\\\/\\\/www.hotellapaul.it\\\/mappa-del-lago-di-garda-sirmione\\\/#breadcrumb\"},\"inLanguage\":\"fr-FR\",\"potentialAction\":[{\"@type\":\"ReadAction\",\"target\":[\"https:\\\/\\\/www.hotellapaul.it\\\/mappa-del-lago-di-garda-sirmione\\\/\"]}]},{\"@type\":\"ImageObject\",\"inLanguage\":\"fr-FR\",\"@id\":\"https:\\\/\\\/www.hotellapaul.it\\\/mappa-del-lago-di-garda-sirmione\\\/#primaryimage\",\"url\":\"https:\\\/\\\/www.hotellapaul.it\\\/wp-content\\\/uploads\\\/2016\\\/03\\\/milano-venezia-trasporti-r-300x134.jpg\",\"contentUrl\":\"https:\\\/\\\/www.hotellapaul.it\\\/wp-content\\\/uploads\\\/2016\\\/03\\\/milano-venezia-trasporti-r-300x134.jpg\"},{\"@type\":\"BreadcrumbList\",\"@id\":\"https:\\\/\\\/www.hotellapaul.it\\\/mappa-del-lago-di-garda-sirmione\\\/#breadcrumb\",\"itemListElement\":[{\"@type\":\"ListItem\",\"position\":1,\"name\":\"Home\",\"item\":\"https:\\\/\\\/www.hotellapaul.it\\\/fr\\\/\"},{\"@type\":\"ListItem\",\"position\":2,\"name\":\"Carte du Lac de Garde Sirmione\"}]},{\"@type\":\"WebSite\",\"@id\":\"https:\\\/\\\/www.hotellapaul.it\\\/#website\",\"url\":\"https:\\\/\\\/www.hotellapaul.it\\\/\",\"name\":\"Hotel La Paul\",\"description\":\"Hotel dal 1958 a Sirmione\",\"potentialAction\":[{\"@type\":\"SearchAction\",\"target\":{\"@type\":\"EntryPoint\",\"urlTemplate\":\"https:\\\/\\\/www.hotellapaul.it\\\/?s={search_term_string}\"},\"query-input\":{\"@type\":\"PropertyValueSpecification\",\"valueRequired\":true,\"valueName\":\"search_term_string\"}}],\"inLanguage\":\"fr-FR\"}]}<\/script>\n<!-- \/ Yoast SEO plugin. -->","yoast_head_json":{"title":"Carte du Lac de Garde\u00a0| Sirmione | Avion-train-bus-voiture","description":"Carte du Lac de Garde, comment se rendre \u00e0 Sirmione en avion, train, bus, voiture ; liens vers les sites officiels des moyens de transport et indication des prix des taxis","robots":{"index":"index","follow":"follow","max-snippet":"max-snippet:-1","max-image-preview":"max-image-preview:large","max-video-preview":"max-video-preview:-1"},"canonical":"https:\/\/www.hotellapaul.it\/mappa-del-lago-di-garda-sirmione\/","og_locale":"fr_FR","og_type":"article","og_title":"Carte du Lac de Garde\u00a0| Sirmione | Avion-train-bus-voiture","og_description":"Carte du Lac de Garde, comment se rendre \u00e0 Sirmione en avion, train, bus, voiture ; liens vers les sites officiels des moyens de transport et indication des prix des taxis","og_url":"https:\/\/www.hotellapaul.it\/mappa-del-lago-di-garda-sirmione\/","og_site_name":"Hotel La Paul","article_modified_time":"2026-01-03T10:42:00+00:00","og_image":[{"width":900,"height":402,"url":"https:\/\/www.hotellapaul.it\/wp-content\/uploads\/2016\/03\/milano-venezia-trasporti-r.jpg","type":"image\/jpeg"}],"twitter_card":"summary_large_image","twitter_misc":{"Dur\u00e9e de lecture estim\u00e9e":"3 minutes"},"schema":{"@context":"https:\/\/schema.org","@graph":[{"@type":"WebPage","@id":"https:\/\/www.hotellapaul.it\/mappa-del-lago-di-garda-sirmione\/","url":"https:\/\/www.hotellapaul.it\/mappa-del-lago-di-garda-sirmione\/","name":"Carte du Lac de Garde\u00a0| Sirmione | Avion-train-bus-voiture","isPartOf":{"@id":"https:\/\/www.hotellapaul.it\/#website"},"primaryImageOfPage":{"@id":"https:\/\/www.hotellapaul.it\/mappa-del-lago-di-garda-sirmione\/#primaryimage"},"image":{"@id":"https:\/\/www.hotellapaul.it\/mappa-del-lago-di-garda-sirmione\/#primaryimage"},"thumbnailUrl":"https:\/\/www.hotellapaul.it\/wp-content\/uploads\/2016\/03\/milano-venezia-trasporti-r-300x134.jpg","datePublished":"2016-03-29T04:48:33+00:00","dateModified":"2026-01-03T10:42:00+00:00","description":"Carte du Lac de Garde, comment se rendre \u00e0 Sirmione en avion, train, bus, voiture ; liens vers les sites officiels des moyens de transport et indication des prix des taxis","breadcrumb":{"@id":"https:\/\/www.hotellapaul.it\/mappa-del-lago-di-garda-sirmione\/#breadcrumb"},"inLanguage":"fr-FR","potentialAction":[{"@type":"ReadAction","target":["https:\/\/www.hotellapaul.it\/mappa-del-lago-di-garda-sirmione\/"]}]},{"@type":"ImageObject","inLanguage":"fr-FR","@id":"https:\/\/www.hotellapaul.it\/mappa-del-lago-di-garda-sirmione\/#primaryimage","url":"https:\/\/www.hotellapaul.it\/wp-content\/uploads\/2016\/03\/milano-venezia-trasporti-r-300x134.jpg","contentUrl":"https:\/\/www.hotellapaul.it\/wp-content\/uploads\/2016\/03\/milano-venezia-trasporti-r-300x134.jpg"},{"@type":"BreadcrumbList","@id":"https:\/\/www.hotellapaul.it\/mappa-del-lago-di-garda-sirmione\/#breadcrumb","itemListElement":[{"@type":"ListItem","position":1,"name":"Home","item":"https:\/\/www.hotellapaul.it\/fr\/"},{"@type":"ListItem","position":2,"name":"Carte du Lac de Garde Sirmione"}]},{"@type":"WebSite","@id":"https:\/\/www.hotellapaul.it\/#website","url":"https:\/\/www.hotellapaul.it\/","name":"Hotel La Paul","description":"Hotel dal 1958 a Sirmione","potentialAction":[{"@type":"SearchAction","target":{"@type":"EntryPoint","urlTemplate":"https:\/\/www.hotellapaul.it\/?s={search_term_string}"},"query-input":{"@type":"PropertyValueSpecification","valueRequired":true,"valueName":"search_term_string"}}],"inLanguage":"fr-FR"}]}},"_links":{"self":[{"href":"https:\/\/www.hotellapaul.it\/fr\/wp-json\/wp\/v2\/pages\/8171","targetHints":{"allow":["GET"]}}],"collection":[{"href":"https:\/\/www.hotellapaul.it\/fr\/wp-json\/wp\/v2\/pages"}],"about":[{"href":"https:\/\/www.hotellapaul.it\/fr\/wp-json\/wp\/v2\/types\/page"}],"author":[{"embeddable":true,"href":"https:\/\/www.hotellapaul.it\/fr\/wp-json\/wp\/v2\/users\/2"}],"replies":[{"embeddable":true,"href":"https:\/\/www.hotellapaul.it\/fr\/wp-json\/wp\/v2\/comments?post=8171"}],"version-history":[{"count":0,"href":"https:\/\/www.hotellapaul.it\/fr\/wp-json\/wp\/v2\/pages\/8171\/revisions"}],"wp:attachment":[{"href":"https:\/\/www.hotellapaul.it\/fr\/wp-json\/wp\/v2\/media?parent=8171"}],"curies":[{"name":"wp","href":"https:\/\/api.w.org\/{rel}","templated":true}]}}