{"id":485,"date":"2015-01-20T16:25:44","date_gmt":"2015-01-20T15:25:44","guid":{"rendered":"https:\/\/www.hotellapaul.it\/?page_id=485"},"modified":"2026-01-03T11:41:52","modified_gmt":"2026-01-03T10:41:52","slug":"parcs-de-garda","status":"publish","type":"page","link":"https:\/\/www.hotellapaul.it\/fr\/parcs-de-garda\/","title":{"rendered":"Parcs de Garda"},"content":{"rendered":"\n<h3 class=\"wp-block-heading\">Les Parcs de Garda rappel depuis des ann\u00e9es milliers de touristes soit pour les parcs d&rsquo;attractions que pour les parcs naturels.<\/h3>\n\n\n\n<h3 class=\"wp-block-heading\">Parcs naturell de Garda<\/h3>\n\n\n\n<p>Le Lac de Garde est connu depuis des si\u00e8cles dans toute Europe pour son climat doux et la beaut\u00e9 de ses paysages, qu&rsquo;il a port\u00e9 ici personnages illustres de la culture europ\u00e9enne; dans une zone assez petite, vous pouvez profiter des nombreux paysages, des plaines de l&rsquo;arri\u00e8re-pays du lac de Garde, les collines morainiques, les hauteurs comme le mont Baldo ou les for\u00eats du parc Alto Garda Bresciano et Valle di Ledro.<br>Entre les parcs naturels plus connu de Garda nous trouvons le Parc Naturel du haut Garda Bresciano, le Parc du Mincio, le Parc Nature Vive et Zoo Safari, le Parc Jardin Sigurt\u00e0, le Jardin botanique Heller, le parc de la Forteresse de Manerba. H\u00f4tel La Paul en Sirmione se trouve dans une position optimale pour organiser une visite \u00e0 tous ces parcs de Garda, naturels et amusement.<\/p>\n\n\n\n<figure class=\"wp-block-gallery has-nested-images columns-4 is-cropped wp-block-gallery-1 is-layout-flex wp-block-gallery-is-layout-flex\">\n<figure class=\"wp-block-image size-large\"><img decoding=\"async\" data-id=\"9652\" src=\"https:\/\/www.hotellapaul.it\/wp-content\/uploads\/2024\/02\/parco-natura-viva-200.gif\" alt=\"Parco Natura Viva\" class=\"wp-image-9652\"\/><\/figure>\n\n\n\n<figure class=\"wp-block-image size-large\"><img decoding=\"async\" data-id=\"9657\" src=\"https:\/\/www.hotellapaul.it\/wp-content\/uploads\/2024\/02\/orto-botanico-monte-baldo-200.gif\" alt=\"Parco Orto Botanico\" class=\"wp-image-9657\"\/><\/figure>\n\n\n\n<figure class=\"wp-block-image size-large\"><img decoding=\"async\" data-id=\"9662\" src=\"https:\/\/www.hotellapaul.it\/wp-content\/uploads\/2024\/02\/Parco-del-Mincio-200.gif\" alt=\"Parco del Mincio\" class=\"wp-image-9662\"\/><\/figure>\n\n\n\n<figure class=\"wp-block-image size-large\"><img decoding=\"async\" data-id=\"9667\" src=\"https:\/\/www.hotellapaul.it\/wp-content\/uploads\/2024\/02\/parco-giardino-sigurta-200.gif\" alt=\"Parco Sigurt\u00e0\" class=\"wp-image-9667\"\/><\/figure>\n<\/figure>\n\n\n\n<p><strong><a title=\"Parc Nature Vive\" href=\"http:\/\/www.hotel-in-sirmione.com\/fr\/parc-nature-vive\/\" target=\"_blank\" rel=\"noopener\">Parc Natura Viva Zoo-safari<\/a>:<\/strong> au Bussolengo, voici trois zones \u00e0 visiter: le parc de la faune et de reptiles, avec une promenade dans la jungle tropicale; Zoo safari, faire dans la voiture comme sur un parc de safari africain et Extinction parc, une marche entre les grands animaux du pass\u00e9. Ouvert de Mars \u00e0 Novembre et le fin semaine ensemble de D\u00e9cembre; est une vingtaine de kilom\u00e8tres de h\u00f4tel La Paul \u00e0 Sirmione. <a title=\"Parc Nature Vive\" href=\"http:\/\/www.hotel-in-sirmione.com\/fr\/parc-nature-vive\/\" target=\"_blank\" rel=\"noopener\">&#8230;. En savoir plus<\/a><\/p>\n\n\n\n<p><strong><a title=\"Parc Naturel du Mincio\" href=\"http:\/\/www.hotel-in-sirmione.com\/fr\/parc-naturel-du-mincio\/\" target=\"_blank\" rel=\"noopener\">Parc naturalle de Mincio<\/a>:<\/strong>est un parc qui s&rsquo;\u00e9tend du lac de Garde \u00e0 la rivi\u00e8re Po en passant par les lacs de Mantoue; est divis\u00e9e en haute, moyenne et basse Mincio; la partie la plus proche de la Garda est quelle de haute Mincio et inclut quelques r\u00e9serves naturelles, le plus proche est \u00e0 Castellaro Lagusello, entour\u00e9e par les collines de la Garda et abrite \u00e9galement l&rsquo;un des quatre centres de visiteurs dans le parc, d&rsquo;autres sont Parc Bertone dans Goito, Parc Rivalta en Rivalta sul Mincio et Chiavica del Moro. Castellaro Lagusello demeure \u00e0 environ 15 km de Hotel La Paul <a title=\"Parc Naturel du Mincio\" href=\"http:\/\/www.hotel-in-sirmione.com\/fr\/parc-naturel-du-mincio\/\" target=\"_blank\" rel=\"noopener\">&#8230;. En savoir plus<\/a><\/p>\n\n\n\n<p><strong><a title=\"Parc Jardin Sigurt\u00e0\" href=\"http:\/\/www.hotel-in-sirmione.com\/fr\/parc-jardin-sigurta\/\" target=\"_blank\" rel=\"noopener\">Parc Jardin Sigurt\u00e0<\/a>:&nbsp;<\/strong>est un parc de jardin dans une belle r\u00e9gion qui Valeggio Mincio et Borghetto; en fonction du temps les couleurs du parc changent gr\u00e2ce aux diff\u00e9rentes fleurs. Au-del\u00e0 \u00e0 l&rsquo;aspect naturel viennent organis\u00e9s spectacles principalement pour familles, le parc peut \u00eatre visit\u00e9 soit en v\u00e9lo ou avec le Golfcar lou\u00e9 \u00e0 l&rsquo;int\u00e9rieur. <a title=\"Parc Jardin Sigurt\u00e0\" href=\"http:\/\/www.hotel-in-sirmione.com\/fr\/parc-jardin-sigurta\/\" target=\"_blank\" rel=\"noopener\">&#8230;. En savoir plus<\/a><\/p>\n\n\n\n<p><strong><a title=\"Parc Haut Garda Bresciano\" href=\"http:\/\/www.hotel-in-sirmione.com\/fr\/parc-haut-garda-bresciano\/\" target=\"_blank\" rel=\"noopener\">Parc Haut Garda Bresciano<\/a>:<\/strong> il est form\u00e9 par deux r\u00e9alit\u00e9s territoriales: la C\u00f4te du Garda, avec des caract\u00e9ristiques m\u00e9diterran\u00e9ennes et l&rsquo;arri\u00e8re-pays montent avec des cimes qui effleurent les deux-mille m\u00e8tres. La zone int\u00e9ress\u00e9e est distribu\u00e9e sur neuf communes, Sal\u00f2, Gardone Riviera, Toscolano Maderno, Gargnano, Tignale, Tremosine, Limone sul Garda, Valvestino et Magasa, et il comprend huit mus\u00e9es (Mus\u00e9e du Centre des visiteurs du parc, Ecomus\u00e9e Limonaia Pra&rsquo; dela Fam, Mus\u00e9e ethnographique du Valvestino, Mus\u00e9e Botanique Don Pietro Port\u00e9e, Limonaia du Cast\u00e8l, Mus\u00e9e Arch\u00e9ologique A.M. Mucchi, Observatoire Naturaliste, exposition permanents \u00ab\u00a0Anciens m\u00e9tiers, le moulin \u00e0 l&rsquo;eau\u00a0\u00bb <a title=\"Parc Haut Garda Bresciano\" href=\"http:\/\/www.hotel-in-sirmione.com\/fr\/parc-haut-garda-bresciano\/\" target=\"_blank\" rel=\"noopener\">&#8230;. En savoir plus<\/a><\/p>\n\n\n\n<h4 class=\"wp-block-heading\">Parcs d&rsquo;attractions du lac de Garde<\/h4>\n\n\n\n<figure class=\"wp-block-gallery has-nested-images columns-4 is-cropped wp-block-gallery-2 is-layout-flex wp-block-gallery-is-layout-flex\">\n<figure class=\"wp-block-image size-large\"><img decoding=\"async\" data-id=\"9672\" src=\"https:\/\/www.hotellapaul.it\/wp-content\/uploads\/2024\/02\/la-quiete-200.gif\" alt=\"Parco La Quiete\" class=\"wp-image-9672\"\/><\/figure>\n\n\n\n<figure class=\"wp-block-image size-large\"><img decoding=\"async\" data-id=\"9677\" src=\"https:\/\/www.hotellapaul.it\/wp-content\/uploads\/2024\/02\/movieland-200.gif\" alt=\"Parco Movieland\" class=\"wp-image-9677\"\/><\/figure>\n\n\n\n<figure class=\"wp-block-image size-large\"><img decoding=\"async\" data-id=\"9682\" src=\"https:\/\/www.hotellapaul.it\/wp-content\/uploads\/2024\/02\/gardaland-200.gif\" alt=\"Parco Gardaland\" class=\"wp-image-9682\"\/><\/figure>\n\n\n\n<figure class=\"wp-block-image size-large\"><img decoding=\"async\" data-id=\"9687\" src=\"https:\/\/www.hotellapaul.it\/wp-content\/uploads\/2024\/02\/parco-cavour-200.gif\" alt=\"Parco Cavour\" class=\"wp-image-9687\"\/><\/figure>\n<\/figure>\n\n\n\n<p><strong><a title=\"Parc Gardaland\" href=\"http:\/\/www.hotel-in-sirmione.com\/fr\/parc-gardaland\/\" target=\"_blank\" rel=\"noopener\">Parc Gardaland<\/a>:&nbsp;<\/strong>est le plus important des parcs de Garde et les parcs d&rsquo;attractions aussi italiens, renouvel\u00e9s chaque ann\u00e9e avec une vari\u00e9t\u00e9 de jeux superbes pour les adultes et les enfants, plus de trente attractions et de nombreux spectacles. Il ya aussi des restaurants \u00e0 th\u00e8me, bars, kiosques et boutiques de souvenirs. <a title=\"Parc Gardaland\" href=\"http:\/\/www.hotel-in-sirmione.com\/fr\/parc-gardaland\/\" target=\"_blank\" rel=\"noopener\">&#8230;.. En savoir plus<\/a><\/p>\n\n\n\n<p><strong><a title=\"Parc Movieland Studios\" href=\"http:\/\/www.hotel-in-sirmione.com\/fr\/parc-movieland-studios\/\" target=\"_blank\" rel=\"noopener\">Parc Movieland Studios<\/a>:<\/strong> est un parc \u00e0 th\u00e8me o\u00f9 vous pouvez trouver soit les attractions qui montre d\u00e9finies dans les plateaux de cin\u00e9ma o\u00f9 l&rsquo;imitateur d&rsquo;acteurs c\u00e9l\u00e8bres vous impliquer dans leur salon pour vous faire sentir partie de l&rsquo;ensemble, comme Lara Croft et Freddy Cruger. Movieland Studios est ouvert d&rsquo;Avril \u00e0 la mi-Septembre sur le week-end jusqu&rsquo;\u00e0 la fin de Octobre. Convient pour tous les \u00e2ges. <a title=\"Parc Movieland Studios\" href=\"http:\/\/www.hotel-in-sirmione.com\/fr\/parc-movieland-studios\/\" target=\"_blank\" rel=\"noopener\">&#8230;. En savoir plus<\/a><\/p>\n\n\n\n<p><strong><a title=\"Parc Aquatique Caneva\" href=\"http:\/\/www.hotel-in-sirmione.com\/fr\/parc-caneva-aquapark\/\" target=\"_blank\" rel=\"noopener\">Parc Aquatique Caneva<\/a>:<\/strong> \u00e0 Lazise sur le lac de Garde ce est un parc aquatique avec des attractions pour les adultes et les familles, offre une grande zone de style carib\u00e9en avec du sable, toboggans, piscine lagon avec de vraies vagues, restaurant Medieval Times, Rock Star, Rodeo Grill. <a title=\"Parc Aquatique Caneva\" href=\"http:\/\/www.hotel-in-sirmione.com\/fr\/parc-caneva-aquapark\/\" target=\"_blank\" rel=\"noopener\">&#8230;. En savoir plus<\/a><\/p>\n\n\n\n<p><strong><a title=\"Parc La Quiete\" href=\"http:\/\/www.hotel-in-sirmione.com\/fr\/parc-la-quiete\/\" target=\"_blank\" rel=\"noopener\">Parc La Quiete<\/a>:<\/strong> est un parc aquatique dans la campagne de Lonato, dix hectares de herbe verte, les zones bois\u00e9es \u00e9quip\u00e9 pour les pique-niques, piscines pour toute la famille avec beaucoup de chaises longues, un bassin pour enfants avec jeux d&rsquo;eau navire pirate et le ch\u00e2teau, des terrains de sport avec le football, beach-volley, mini-golf, p\u00eache, restaurant et bar \u00e0 pizza. <a title=\"Parc La Quiete\" href=\"http:\/\/www.hotel-in-sirmione.com\/fr\/parc-la-quiete\/\" target=\"_blank\" rel=\"noopener\">&#8230;. En savoir plus<\/a><\/p>\n\n\n\n<p><strong><a title=\"Parc Picoverde\" href=\"http:\/\/www.hotel-in-sirmione.com\/fr\/parc-picoverde\/\" target=\"_blank\" rel=\"noopener\">Parc Picoverde<\/a>:<\/strong> est situ\u00e9 entre les collines de Garda, Custoza, \u00e0 quelques kilom\u00e8tres de Valeggio, offre une grande pelouse avec parasols et chaises longues, piscine lagon pour adultes et enfants, toboggans, tennis, terrain de soccer et un restaurant avec le vert bar. <a title=\"Parc Picoverde\" href=\"http:\/\/www.hotel-in-sirmione.com\/fr\/parc-picoverde\/\" target=\"_blank\" rel=\"noopener\">&#8230;. En savoir plus<\/a><\/p>\n\n\n\n<p><strong><a title=\"Parc Aquatique Cavour\" href=\"http:\/\/www.hotel-in-sirmione.com\/fr\/parc-aquatique-cavour\/\" target=\"_blank\" rel=\"noopener\">Parc acquatique Cavour<\/a>: <\/strong>est situ\u00e9e dans la campagne de Valeggio, \u00e0 quelques kilom\u00e8tres du lac de Garde et de notre h\u00f4tel \u00e0 Sirmione, offre diverses attractions pour toute la famille, l&rsquo;\u00eele de l&rsquo;Arctique avec les ours et les pingouins, Marine Beach avec l&rsquo;\u00eele, atoll rocheux dans les Cara\u00efbes, l&rsquo;\u00eele de Robinson avec voilier parmi les rochers, chemin sur des troncs d&rsquo;arbres; Parc Cavour propose \u00e9galement un programme d&rsquo;activit\u00e9s pour les enfants, avec des performances de toutes sortes, tant pour les adultes avec aquagym, zumba et d&rsquo;autres danses de groupe \u00e0 effectuer dans l&rsquo;eau. <a title=\"Parc Aquatique Cavour\" href=\"http:\/\/www.hotel-in-sirmione.com\/fr\/parc-aquatique-cavour\/\" target=\"_blank\" rel=\"noopener\">&#8230; En savoir plus<\/a><\/p>\n\n\n\n<p><strong><a title=\"Parc Aquatique Riovalli\" href=\"http:\/\/www.hotel-in-sirmione.com\/fr\/parc-aquatique-riovalli\/\" target=\"_blank\" rel=\"noopener\">Parc Acquatique Riovalli<\/a>: <\/strong>\u00e0 Cavaion Veronese il est de taille moyenne, mais offre un espace vert de sept mille m\u00e8tres carr\u00e9s, des piscines avec toboggans appropri\u00e9s pour les adultes et les enfants, beach-volley, le football; le parc est particuli\u00e8rement adapt\u00e9 aux familles avec enfants qui peuvent jouer en toute s\u00e9curit\u00e9, en fait, la lagune est \u00e9tudi\u00e9 pour leurs enfants, comme la zone d\u00e9di\u00e9e pour les six cents m\u00e8tres, mais il ya du plaisir pour les adultes aussi. <a title=\"Parc Aquatique Riovalli\" href=\"http:\/\/www.hotel-in-sirmione.com\/fr\/parc-aquatique-riovalli\/\" target=\"_blank\" rel=\"noopener\">&#8230;. En savoir plus<\/a><\/p>\n\n\n\n<p>H\u00f4tel La Paul Sirmione est certainement le point de d\u00e9part id\u00e9al pour une visite \u00e0 l&rsquo;un des parcs de Garda, en plus de toutes les informations, nous pouvons trouver soit les v\u00e9los pour aller aux parcs sans trafic que les paniers-repas pour \u00e9viter les files d&rsquo;attente \u00e0 l&rsquo;int\u00e9rieur.<\/p>\n","protected":false},"excerpt":{"rendered":"<p>Les Parcs de Garda rappel depuis des ann\u00e9es milliers de touristes soit [&hellip;]<\/p>\n","protected":false},"author":1,"featured_media":0,"parent":0,"menu_order":117,"comment_status":"open","ping_status":"closed","template":"","meta":{"_acf_changed":false,"footnotes":""},"class_list":["post-485","page","type-page","status-publish","hentry"],"acf":[],"yoast_head":"<!-- This site is optimized with the Yoast SEO plugin v27.4 - https:\/\/yoast.com\/product\/yoast-seo-wordpress\/ -->\n<title>Parcs de Garda pr\u00e8s de La Paul \u00e0 Sirmione<\/title>\n<meta name=\"description\" content=\"Parcs de Garda naturel et amusement pr\u00e8s de l&#039;h\u00f4tel La Paul \u00e0 Sirmione, la journ\u00e9e au parc et dans le soir en la plus belle bourg m\u00e9di\u00e9vale du lac de Garda\" \/>\n<meta name=\"robots\" content=\"index, follow, max-snippet:-1, max-image-preview:large, max-video-preview:-1\" \/>\n<link rel=\"canonical\" href=\"https:\/\/www.hotellapaul.it\/fr\/parcs-de-garda\/\" \/>\n<meta property=\"og:locale\" content=\"fr_FR\" \/>\n<meta property=\"og:type\" content=\"article\" \/>\n<meta property=\"og:title\" content=\"Parcs de Garda pr\u00e8s de La Paul \u00e0 Sirmione\" \/>\n<meta property=\"og:description\" content=\"Parcs de Garda naturel et amusement pr\u00e8s de l&#039;h\u00f4tel La Paul \u00e0 Sirmione, la journ\u00e9e au parc et dans le soir en la plus belle bourg m\u00e9di\u00e9vale du lac de Garda\" \/>\n<meta property=\"og:url\" content=\"https:\/\/www.hotellapaul.it\/fr\/parcs-de-garda\/\" \/>\n<meta property=\"og:site_name\" content=\"Hotel La Paul\" \/>\n<meta property=\"article:modified_time\" content=\"2026-01-03T10:41:52+00:00\" \/>\n<meta property=\"og:image\" content=\"https:\/\/www.hotellapaul.it\/wp-content\/uploads\/2024\/02\/parco-natura-viva-200.gif\" \/>\n<meta name=\"twitter:card\" content=\"summary_large_image\" \/>\n<meta name=\"twitter:label1\" content=\"Dur\u00e9e de lecture estim\u00e9e\" \/>\n\t<meta name=\"twitter:data1\" content=\"8 minutes\" \/>\n<script type=\"application\/ld+json\" class=\"yoast-schema-graph\">{\"@context\":\"https:\\\/\\\/schema.org\",\"@graph\":[{\"@type\":\"WebPage\",\"@id\":\"https:\\\/\\\/www.hotellapaul.it\\\/fr\\\/parcs-de-garda\\\/\",\"url\":\"https:\\\/\\\/www.hotellapaul.it\\\/fr\\\/parcs-de-garda\\\/\",\"name\":\"Parcs de Garda pr\u00e8s de La Paul \u00e0 Sirmione\",\"isPartOf\":{\"@id\":\"https:\\\/\\\/www.hotellapaul.it\\\/#website\"},\"primaryImageOfPage\":{\"@id\":\"https:\\\/\\\/www.hotellapaul.it\\\/fr\\\/parcs-de-garda\\\/#primaryimage\"},\"image\":{\"@id\":\"https:\\\/\\\/www.hotellapaul.it\\\/fr\\\/parcs-de-garda\\\/#primaryimage\"},\"thumbnailUrl\":\"https:\\\/\\\/www.hotellapaul.it\\\/wp-content\\\/uploads\\\/2024\\\/02\\\/parco-natura-viva-200.gif\",\"datePublished\":\"2015-01-20T15:25:44+00:00\",\"dateModified\":\"2026-01-03T10:41:52+00:00\",\"description\":\"Parcs de Garda naturel et amusement pr\u00e8s de l'h\u00f4tel La Paul \u00e0 Sirmione, la journ\u00e9e au parc et dans le soir en la plus belle bourg m\u00e9di\u00e9vale du lac de Garda\",\"breadcrumb\":{\"@id\":\"https:\\\/\\\/www.hotellapaul.it\\\/fr\\\/parcs-de-garda\\\/#breadcrumb\"},\"inLanguage\":\"fr-FR\",\"potentialAction\":[{\"@type\":\"ReadAction\",\"target\":[\"https:\\\/\\\/www.hotellapaul.it\\\/fr\\\/parcs-de-garda\\\/\"]}]},{\"@type\":\"ImageObject\",\"inLanguage\":\"fr-FR\",\"@id\":\"https:\\\/\\\/www.hotellapaul.it\\\/fr\\\/parcs-de-garda\\\/#primaryimage\",\"url\":\"https:\\\/\\\/www.hotellapaul.it\\\/wp-content\\\/uploads\\\/2024\\\/02\\\/parco-natura-viva-200.gif\",\"contentUrl\":\"https:\\\/\\\/www.hotellapaul.it\\\/wp-content\\\/uploads\\\/2024\\\/02\\\/parco-natura-viva-200.gif\"},{\"@type\":\"BreadcrumbList\",\"@id\":\"https:\\\/\\\/www.hotellapaul.it\\\/fr\\\/parcs-de-garda\\\/#breadcrumb\",\"itemListElement\":[{\"@type\":\"ListItem\",\"position\":1,\"name\":\"Home\",\"item\":\"https:\\\/\\\/www.hotellapaul.it\\\/fr\\\/\"},{\"@type\":\"ListItem\",\"position\":2,\"name\":\"Parcs de Garda\"}]},{\"@type\":\"WebSite\",\"@id\":\"https:\\\/\\\/www.hotellapaul.it\\\/#website\",\"url\":\"https:\\\/\\\/www.hotellapaul.it\\\/\",\"name\":\"Hotel La Paul\",\"description\":\"Hotel dal 1958 a Sirmione\",\"potentialAction\":[{\"@type\":\"SearchAction\",\"target\":{\"@type\":\"EntryPoint\",\"urlTemplate\":\"https:\\\/\\\/www.hotellapaul.it\\\/?s={search_term_string}\"},\"query-input\":{\"@type\":\"PropertyValueSpecification\",\"valueRequired\":true,\"valueName\":\"search_term_string\"}}],\"inLanguage\":\"fr-FR\"}]}<\/script>\n<!-- \/ Yoast SEO plugin. -->","yoast_head_json":{"title":"Parcs de Garda pr\u00e8s de La Paul \u00e0 Sirmione","description":"Parcs de Garda naturel et amusement pr\u00e8s de l'h\u00f4tel La Paul \u00e0 Sirmione, la journ\u00e9e au parc et dans le soir en la plus belle bourg m\u00e9di\u00e9vale du lac de Garda","robots":{"index":"index","follow":"follow","max-snippet":"max-snippet:-1","max-image-preview":"max-image-preview:large","max-video-preview":"max-video-preview:-1"},"canonical":"https:\/\/www.hotellapaul.it\/fr\/parcs-de-garda\/","og_locale":"fr_FR","og_type":"article","og_title":"Parcs de Garda pr\u00e8s de La Paul \u00e0 Sirmione","og_description":"Parcs de Garda naturel et amusement pr\u00e8s de l'h\u00f4tel La Paul \u00e0 Sirmione, la journ\u00e9e au parc et dans le soir en la plus belle bourg m\u00e9di\u00e9vale du lac de Garda","og_url":"https:\/\/www.hotellapaul.it\/fr\/parcs-de-garda\/","og_site_name":"Hotel La Paul","article_modified_time":"2026-01-03T10:41:52+00:00","og_image":[{"url":"https:\/\/www.hotellapaul.it\/wp-content\/uploads\/2024\/02\/parco-natura-viva-200.gif","type":"","width":"","height":""}],"twitter_card":"summary_large_image","twitter_misc":{"Dur\u00e9e de lecture estim\u00e9e":"8 minutes"},"schema":{"@context":"https:\/\/schema.org","@graph":[{"@type":"WebPage","@id":"https:\/\/www.hotellapaul.it\/fr\/parcs-de-garda\/","url":"https:\/\/www.hotellapaul.it\/fr\/parcs-de-garda\/","name":"Parcs de Garda pr\u00e8s de La Paul \u00e0 Sirmione","isPartOf":{"@id":"https:\/\/www.hotellapaul.it\/#website"},"primaryImageOfPage":{"@id":"https:\/\/www.hotellapaul.it\/fr\/parcs-de-garda\/#primaryimage"},"image":{"@id":"https:\/\/www.hotellapaul.it\/fr\/parcs-de-garda\/#primaryimage"},"thumbnailUrl":"https:\/\/www.hotellapaul.it\/wp-content\/uploads\/2024\/02\/parco-natura-viva-200.gif","datePublished":"2015-01-20T15:25:44+00:00","dateModified":"2026-01-03T10:41:52+00:00","description":"Parcs de Garda naturel et amusement pr\u00e8s de l'h\u00f4tel La Paul \u00e0 Sirmione, la journ\u00e9e au parc et dans le soir en la plus belle bourg m\u00e9di\u00e9vale du lac de Garda","breadcrumb":{"@id":"https:\/\/www.hotellapaul.it\/fr\/parcs-de-garda\/#breadcrumb"},"inLanguage":"fr-FR","potentialAction":[{"@type":"ReadAction","target":["https:\/\/www.hotellapaul.it\/fr\/parcs-de-garda\/"]}]},{"@type":"ImageObject","inLanguage":"fr-FR","@id":"https:\/\/www.hotellapaul.it\/fr\/parcs-de-garda\/#primaryimage","url":"https:\/\/www.hotellapaul.it\/wp-content\/uploads\/2024\/02\/parco-natura-viva-200.gif","contentUrl":"https:\/\/www.hotellapaul.it\/wp-content\/uploads\/2024\/02\/parco-natura-viva-200.gif"},{"@type":"BreadcrumbList","@id":"https:\/\/www.hotellapaul.it\/fr\/parcs-de-garda\/#breadcrumb","itemListElement":[{"@type":"ListItem","position":1,"name":"Home","item":"https:\/\/www.hotellapaul.it\/fr\/"},{"@type":"ListItem","position":2,"name":"Parcs de Garda"}]},{"@type":"WebSite","@id":"https:\/\/www.hotellapaul.it\/#website","url":"https:\/\/www.hotellapaul.it\/","name":"Hotel La Paul","description":"Hotel dal 1958 a Sirmione","potentialAction":[{"@type":"SearchAction","target":{"@type":"EntryPoint","urlTemplate":"https:\/\/www.hotellapaul.it\/?s={search_term_string}"},"query-input":{"@type":"PropertyValueSpecification","valueRequired":true,"valueName":"search_term_string"}}],"inLanguage":"fr-FR"}]}},"_links":{"self":[{"href":"https:\/\/www.hotellapaul.it\/fr\/wp-json\/wp\/v2\/pages\/485","targetHints":{"allow":["GET"]}}],"collection":[{"href":"https:\/\/www.hotellapaul.it\/fr\/wp-json\/wp\/v2\/pages"}],"about":[{"href":"https:\/\/www.hotellapaul.it\/fr\/wp-json\/wp\/v2\/types\/page"}],"author":[{"embeddable":true,"href":"https:\/\/www.hotellapaul.it\/fr\/wp-json\/wp\/v2\/users\/1"}],"replies":[{"embeddable":true,"href":"https:\/\/www.hotellapaul.it\/fr\/wp-json\/wp\/v2\/comments?post=485"}],"version-history":[{"count":0,"href":"https:\/\/www.hotellapaul.it\/fr\/wp-json\/wp\/v2\/pages\/485\/revisions"}],"wp:attachment":[{"href":"https:\/\/www.hotellapaul.it\/fr\/wp-json\/wp\/v2\/media?parent=485"}],"curies":[{"name":"wp","href":"https:\/\/api.w.org\/{rel}","templated":true}]}}