{"id":483,"date":"2015-01-20T09:09:46","date_gmt":"2015-01-20T08:09:46","guid":{"rendered":"https:\/\/www.hotellapaul.it\/?page_id=483"},"modified":"2026-01-03T11:41:43","modified_gmt":"2026-01-03T10:41:43","slug":"visiter-sirmione","status":"publish","type":"page","link":"https:\/\/www.hotellapaul.it\/fr\/visiter-sirmione\/","title":{"rendered":"Visiter Sirmione"},"content":{"rendered":"\n<h2 class=\"wp-block-heading\">Visiter Sirmione la perle du lac de Garda<\/h2>\n\n\n\n<h3 class=\"wp-block-heading\">Le bourg de Sirmione est le plus caract\u00e9ristique du lac de Garda, en pointe \u00e0 sa p\u00e9ninsule il se trouve au centre du lac, renferm\u00e9 entre les murailles de son ch\u00e2teau scaligero la ville vieille il offre au visiteur un centre historique compl\u00e8tement pi\u00e9ton qui figures importantes du pass\u00e9 ont d\u00e9cant\u00e9.<\/h3>\n\n\n\n<p>Visiter Sirmione: au d\u00e9but de la p\u00e9ninsule de Sirmione se trouvent les anim\u00e9s villages de Colombare et Lugana, riche en activit\u00e9s commerciales, boutiques, bars, restaurants et le centre thermal Virgile de les Terme di Sirmione.&nbsp;Sirmione se trouve sur la fronti\u00e8re entre la Lombardie et la V\u00e9n\u00e9tie, en position optimale pour atteindre soit les diff\u00e9rentes localit\u00e9s du lac de Garda que les importantes villes de V\u00e9rone, Brescia et Mantoue; en fait, ce est une bonne alternative pour celui qui doit aller au Centre Foire de V\u00e9rone, Veronafiere, au Centre Foire de Brescia (Brixiaexpo) ou au Centre Foire du Garda au Montichiari, en donnant la possibilit\u00e9 de passer les soir\u00e9es dans une splendide place comme Sirmione et au matin \u00eatre au travail dans pr\u00e8s 30 minutes.<br>H\u00f4tel La Paul est dans un position id\u00e9al pour visiter Sirmione, est situ\u00e9 \u00e0 quelques pas du centre historique de Sirmione, mais en zone de libre circulation, facilement accessible en voiture.<\/p>\n\n\n\n<p>Ici les choses les plus int\u00e9ressantes \u00e0 voire&nbsp;\u00e0 <strong><a href=\"https:\/\/www.hotellapaul.it\/fr\/sirmione-centre-historique\/\">Sirmione ville vieille<\/a><\/strong><\/p>\n\n\n\n<p>Ici, les choses les plus int\u00e9ressantes \u00e0 voire&nbsp;sur le <strong><a href=\"https:\/\/www.hotellapaul.it\/fr\/visiter-le-garda\/\">lac de Garde<\/a><\/strong><\/p>\n\n\n<div class=\"wp-block-image\">\n<figure class=\"aligncenter size-large\"><a href=\"https:\/\/www.hotellapaul.it\/wp-content\/uploads\/2015\/12\/mappa-100r.jpg\"><img decoding=\"async\" src=\"https:\/\/www.hotellapaul.it\/wp-content\/uploads\/2015\/12\/mappa-100r-1024x596.jpg\" alt=\"visiter sirmione sur le lac de garde en italy\" class=\"wp-image-1812\" title=\"visiter sirmione sur le lac de garde en italy\"\/><\/a><\/figure>\n<\/div>","protected":false},"excerpt":{"rendered":"<p>Visiter Sirmione la perle du lac de Garda Le bourg de Sirmione [&hellip;]<\/p>\n","protected":false},"author":1,"featured_media":0,"parent":0,"menu_order":111,"comment_status":"open","ping_status":"closed","template":"","meta":{"_acf_changed":false,"footnotes":""},"class_list":["post-483","page","type-page","status-publish","hentry"],"acf":[],"yoast_head":"<!-- This site is optimized with the Yoast SEO plugin v27.4 - https:\/\/yoast.com\/product\/yoast-seo-wordpress\/ -->\n<title>Visiter Sirmione | Perle du lac de Garda | Italie<\/title>\n<meta name=\"description\" content=\"Visiter Sirmione une perle au centre du lac de Garda, connue dans le monde entier pour sa beaut\u00e9, riche de deux-mille ans d&#039;histoire\" \/>\n<meta name=\"robots\" content=\"index, follow, max-snippet:-1, max-image-preview:large, max-video-preview:-1\" \/>\n<link rel=\"canonical\" href=\"https:\/\/www.hotellapaul.it\/fr\/visiter-sirmione\/\" \/>\n<meta property=\"og:locale\" content=\"fr_FR\" \/>\n<meta property=\"og:type\" content=\"article\" \/>\n<meta property=\"og:title\" content=\"Visiter Sirmione | Perle du lac de Garda | Italie\" \/>\n<meta property=\"og:description\" content=\"Visiter Sirmione une perle au centre du lac de Garda, connue dans le monde entier pour sa beaut\u00e9, riche de deux-mille ans d&#039;histoire\" \/>\n<meta property=\"og:url\" content=\"https:\/\/www.hotellapaul.it\/fr\/visiter-sirmione\/\" \/>\n<meta property=\"og:site_name\" content=\"Hotel La Paul\" \/>\n<meta property=\"article:modified_time\" content=\"2026-01-03T10:41:43+00:00\" \/>\n<meta property=\"og:image\" content=\"https:\/\/www.hotellapaul.it\/wp-content\/uploads\/2015\/12\/mappa-100r-1024x596.jpg\" \/>\n<meta name=\"twitter:card\" content=\"summary_large_image\" \/>\n<meta name=\"twitter:label1\" content=\"Dur\u00e9e de lecture estim\u00e9e\" \/>\n\t<meta name=\"twitter:data1\" content=\"2 minutes\" \/>\n<script type=\"application\/ld+json\" class=\"yoast-schema-graph\">{\"@context\":\"https:\\\/\\\/schema.org\",\"@graph\":[{\"@type\":\"WebPage\",\"@id\":\"https:\\\/\\\/www.hotellapaul.it\\\/fr\\\/visiter-sirmione\\\/\",\"url\":\"https:\\\/\\\/www.hotellapaul.it\\\/fr\\\/visiter-sirmione\\\/\",\"name\":\"Visiter Sirmione | Perle du lac de Garda | Italie\",\"isPartOf\":{\"@id\":\"https:\\\/\\\/www.hotellapaul.it\\\/#website\"},\"primaryImageOfPage\":{\"@id\":\"https:\\\/\\\/www.hotellapaul.it\\\/fr\\\/visiter-sirmione\\\/#primaryimage\"},\"image\":{\"@id\":\"https:\\\/\\\/www.hotellapaul.it\\\/fr\\\/visiter-sirmione\\\/#primaryimage\"},\"thumbnailUrl\":\"https:\\\/\\\/www.hotellapaul.it\\\/wp-content\\\/uploads\\\/2015\\\/12\\\/mappa-100r-1024x596.jpg\",\"datePublished\":\"2015-01-20T08:09:46+00:00\",\"dateModified\":\"2026-01-03T10:41:43+00:00\",\"description\":\"Visiter Sirmione une perle au centre du lac de Garda, connue dans le monde entier pour sa beaut\u00e9, riche de deux-mille ans d'histoire\",\"breadcrumb\":{\"@id\":\"https:\\\/\\\/www.hotellapaul.it\\\/fr\\\/visiter-sirmione\\\/#breadcrumb\"},\"inLanguage\":\"fr-FR\",\"potentialAction\":[{\"@type\":\"ReadAction\",\"target\":[\"https:\\\/\\\/www.hotellapaul.it\\\/fr\\\/visiter-sirmione\\\/\"]}]},{\"@type\":\"ImageObject\",\"inLanguage\":\"fr-FR\",\"@id\":\"https:\\\/\\\/www.hotellapaul.it\\\/fr\\\/visiter-sirmione\\\/#primaryimage\",\"url\":\"https:\\\/\\\/www.hotellapaul.it\\\/wp-content\\\/uploads\\\/2015\\\/12\\\/mappa-100r-1024x596.jpg\",\"contentUrl\":\"https:\\\/\\\/www.hotellapaul.it\\\/wp-content\\\/uploads\\\/2015\\\/12\\\/mappa-100r-1024x596.jpg\"},{\"@type\":\"BreadcrumbList\",\"@id\":\"https:\\\/\\\/www.hotellapaul.it\\\/fr\\\/visiter-sirmione\\\/#breadcrumb\",\"itemListElement\":[{\"@type\":\"ListItem\",\"position\":1,\"name\":\"Home\",\"item\":\"https:\\\/\\\/www.hotellapaul.it\\\/fr\\\/\"},{\"@type\":\"ListItem\",\"position\":2,\"name\":\"Visiter Sirmione\"}]},{\"@type\":\"WebSite\",\"@id\":\"https:\\\/\\\/www.hotellapaul.it\\\/#website\",\"url\":\"https:\\\/\\\/www.hotellapaul.it\\\/\",\"name\":\"Hotel La Paul\",\"description\":\"Hotel dal 1958 a Sirmione\",\"potentialAction\":[{\"@type\":\"SearchAction\",\"target\":{\"@type\":\"EntryPoint\",\"urlTemplate\":\"https:\\\/\\\/www.hotellapaul.it\\\/?s={search_term_string}\"},\"query-input\":{\"@type\":\"PropertyValueSpecification\",\"valueRequired\":true,\"valueName\":\"search_term_string\"}}],\"inLanguage\":\"fr-FR\"}]}<\/script>\n<!-- \/ Yoast SEO plugin. -->","yoast_head_json":{"title":"Visiter Sirmione | Perle du lac de Garda | Italie","description":"Visiter Sirmione une perle au centre du lac de Garda, connue dans le monde entier pour sa beaut\u00e9, riche de deux-mille ans d'histoire","robots":{"index":"index","follow":"follow","max-snippet":"max-snippet:-1","max-image-preview":"max-image-preview:large","max-video-preview":"max-video-preview:-1"},"canonical":"https:\/\/www.hotellapaul.it\/fr\/visiter-sirmione\/","og_locale":"fr_FR","og_type":"article","og_title":"Visiter Sirmione | Perle du lac de Garda | Italie","og_description":"Visiter Sirmione une perle au centre du lac de Garda, connue dans le monde entier pour sa beaut\u00e9, riche de deux-mille ans d'histoire","og_url":"https:\/\/www.hotellapaul.it\/fr\/visiter-sirmione\/","og_site_name":"Hotel La Paul","article_modified_time":"2026-01-03T10:41:43+00:00","og_image":[{"url":"https:\/\/www.hotellapaul.it\/wp-content\/uploads\/2015\/12\/mappa-100r-1024x596.jpg","type":"","width":"","height":""}],"twitter_card":"summary_large_image","twitter_misc":{"Dur\u00e9e de lecture estim\u00e9e":"2 minutes"},"schema":{"@context":"https:\/\/schema.org","@graph":[{"@type":"WebPage","@id":"https:\/\/www.hotellapaul.it\/fr\/visiter-sirmione\/","url":"https:\/\/www.hotellapaul.it\/fr\/visiter-sirmione\/","name":"Visiter Sirmione | Perle du lac de Garda | Italie","isPartOf":{"@id":"https:\/\/www.hotellapaul.it\/#website"},"primaryImageOfPage":{"@id":"https:\/\/www.hotellapaul.it\/fr\/visiter-sirmione\/#primaryimage"},"image":{"@id":"https:\/\/www.hotellapaul.it\/fr\/visiter-sirmione\/#primaryimage"},"thumbnailUrl":"https:\/\/www.hotellapaul.it\/wp-content\/uploads\/2015\/12\/mappa-100r-1024x596.jpg","datePublished":"2015-01-20T08:09:46+00:00","dateModified":"2026-01-03T10:41:43+00:00","description":"Visiter Sirmione une perle au centre du lac de Garda, connue dans le monde entier pour sa beaut\u00e9, riche de deux-mille ans d'histoire","breadcrumb":{"@id":"https:\/\/www.hotellapaul.it\/fr\/visiter-sirmione\/#breadcrumb"},"inLanguage":"fr-FR","potentialAction":[{"@type":"ReadAction","target":["https:\/\/www.hotellapaul.it\/fr\/visiter-sirmione\/"]}]},{"@type":"ImageObject","inLanguage":"fr-FR","@id":"https:\/\/www.hotellapaul.it\/fr\/visiter-sirmione\/#primaryimage","url":"https:\/\/www.hotellapaul.it\/wp-content\/uploads\/2015\/12\/mappa-100r-1024x596.jpg","contentUrl":"https:\/\/www.hotellapaul.it\/wp-content\/uploads\/2015\/12\/mappa-100r-1024x596.jpg"},{"@type":"BreadcrumbList","@id":"https:\/\/www.hotellapaul.it\/fr\/visiter-sirmione\/#breadcrumb","itemListElement":[{"@type":"ListItem","position":1,"name":"Home","item":"https:\/\/www.hotellapaul.it\/fr\/"},{"@type":"ListItem","position":2,"name":"Visiter Sirmione"}]},{"@type":"WebSite","@id":"https:\/\/www.hotellapaul.it\/#website","url":"https:\/\/www.hotellapaul.it\/","name":"Hotel La Paul","description":"Hotel dal 1958 a Sirmione","potentialAction":[{"@type":"SearchAction","target":{"@type":"EntryPoint","urlTemplate":"https:\/\/www.hotellapaul.it\/?s={search_term_string}"},"query-input":{"@type":"PropertyValueSpecification","valueRequired":true,"valueName":"search_term_string"}}],"inLanguage":"fr-FR"}]}},"_links":{"self":[{"href":"https:\/\/www.hotellapaul.it\/fr\/wp-json\/wp\/v2\/pages\/483","targetHints":{"allow":["GET"]}}],"collection":[{"href":"https:\/\/www.hotellapaul.it\/fr\/wp-json\/wp\/v2\/pages"}],"about":[{"href":"https:\/\/www.hotellapaul.it\/fr\/wp-json\/wp\/v2\/types\/page"}],"author":[{"embeddable":true,"href":"https:\/\/www.hotellapaul.it\/fr\/wp-json\/wp\/v2\/users\/1"}],"replies":[{"embeddable":true,"href":"https:\/\/www.hotellapaul.it\/fr\/wp-json\/wp\/v2\/comments?post=483"}],"version-history":[{"count":0,"href":"https:\/\/www.hotellapaul.it\/fr\/wp-json\/wp\/v2\/pages\/483\/revisions"}],"wp:attachment":[{"href":"https:\/\/www.hotellapaul.it\/fr\/wp-json\/wp\/v2\/media?parent=483"}],"curies":[{"name":"wp","href":"https:\/\/api.w.org\/{rel}","templated":true}]}}