{"id":477,"date":"2015-01-20T15:08:58","date_gmt":"2015-01-20T14:08:58","guid":{"rendered":"https:\/\/www.hotellapaul.it\/?page_id=477"},"modified":"2026-01-03T11:41:47","modified_gmt":"2026-01-03T10:41:47","slug":"visiter-le-garda","status":"publish","type":"page","link":"https:\/\/www.hotellapaul.it\/fr\/visiter-le-garda\/","title":{"rendered":"Visiter le Garda"},"content":{"rendered":"\n<h2 class=\"wp-block-heading\">Visiter le Garda dans les alentours de Sirmione tu trouves histoire, culture, amusement pour toute la famille.<\/h2>\n\n\n\n<p>Visiter le Garda: Sirmione est s\u00fbrement une destination \u00e0 ne pas manquer pour une visite sur le lac de Garda, mais il y a beaucoup d&rsquo;endroits \u00e0 visiter dans les alentours de Sirmione, soit comme amusement que comme culture et enogastronomia; le territoire du lac de Garde a \u00e9t\u00e9 depuis la pr\u00e9histoire un lieu de passage vers le nord et en Europe, donc habit\u00e9e depuis la pr\u00e9histoire, avec des sites palafittiques d&rsquo;importance internationale comme \u00ab\u00a0Polada\u00a0\u00bb, Lucone lac, la vall\u00e9e de Ledro; riche de sites d&rsquo;\u00e9poque romaine avec les villas de Desenzano, Sirmione et Toscolano entre le plus grands de la nord Italie; \u00e9glises romanes comme la paroisse de S.Maria en Valtenesi, de San Severo en Bardolino, de San Zeno en Lonato, de San Pancrazio en Montichiari; ch\u00e2teaux m\u00e9di\u00e9vaux comme ceux-l\u00e0 de Padenghe, de Moniga, de Lazise, de Malcesine, les forteresses de Lonato et de Manerba; bourgs fascinants comme Castellaro Lagusello, Borghetto de Valeggio sur le Mincio; immeubles de la Renaissance comme ceux-l\u00e0 dans les centres historiques de Castiglione des Stiviere, de Garda et de tous les pays du lac de Garda et alentours; toutes localit\u00e9s int\u00e9ressantes dans les alentours de Sirmione. L&rsquo;h\u00f4tel La Paul est s\u00fbrement la base id\u00e9ale pour visiter le lac de Garda.<\/p>\n\n\n<div class=\"wp-block-image\">\n<figure data-wp-context=\"{&quot;imageId&quot;:&quot;69e1dbe79868d&quot;}\" data-wp-interactive=\"core\/image\" data-wp-key=\"69e1dbe79868d\" class=\"aligncenter size-full wp-lightbox-container\"><img decoding=\"async\" data-wp-class--hide=\"state.isContentHidden\" data-wp-class--show=\"state.isContentVisible\" data-wp-init=\"callbacks.setButtonStyles\" data-wp-on--click=\"actions.showLightbox\" data-wp-on--load=\"callbacks.setButtonStyles\" data-wp-on-window--resize=\"callbacks.setButtonStyles\" src=\"https:\/\/www.hotellapaul.it\/wp-content\/uploads\/2024\/02\/panoramica-rocca-manerba.jpg\" alt=\"pietta\" class=\"wp-image-9620\"\/><button\n\t\t\tclass=\"lightbox-trigger\"\n\t\t\ttype=\"button\"\n\t\t\taria-haspopup=\"dialog\"\n\t\t\taria-label=\"Agrandir\"\n\t\t\tdata-wp-init=\"callbacks.initTriggerButton\"\n\t\t\tdata-wp-on--click=\"actions.showLightbox\"\n\t\t\tdata-wp-style--right=\"state.imageButtonRight\"\n\t\t\tdata-wp-style--top=\"state.imageButtonTop\"\n\t\t>\n\t\t\t<svg xmlns=\"http:\/\/www.w3.org\/2000\/svg\" width=\"12\" height=\"12\" fill=\"none\" viewBox=\"0 0 12 12\">\n\t\t\t\t<path fill=\"#fff\" d=\"M2 0a2 2 0 0 0-2 2v2h1.5V2a.5.5 0 0 1 .5-.5h2V0H2Zm2 10.5H2a.5.5 0 0 1-.5-.5V8H0v2a2 2 0 0 0 2 2h2v-1.5ZM8 12v-1.5h2a.5.5 0 0 0 .5-.5V8H12v2a2 2 0 0 1-2 2H8Zm2-12a2 2 0 0 1 2 2v2h-1.5V2a.5.5 0 0 0-.5-.5H8V0h2Z\" \/>\n\t\t\t<\/svg>\n\t\t<\/button><\/figure>\n<\/div>","protected":false},"excerpt":{"rendered":"<p>Visiter le Garda dans les alentours de Sirmione tu trouves histoire, culture, [&hellip;]<\/p>\n","protected":false},"author":1,"featured_media":0,"parent":0,"menu_order":104,"comment_status":"open","ping_status":"closed","template":"","meta":{"_acf_changed":false,"footnotes":""},"class_list":["post-477","page","type-page","status-publish","hentry"],"acf":[],"yoast_head":"<!-- This site is optimized with the Yoast SEO plugin v27.4 - https:\/\/yoast.com\/product\/yoast-seo-wordpress\/ -->\n<title>Visiter le Garda | alentours de Sirmione | Italie<\/title>\n<meta name=\"description\" content=\"Visiter le Garda dans les alentours de Sirmione, ch\u00e2teaux, bourgs m\u00e9di\u00e9vaux, forteresses, parcs amusements, nature....... tout autour \u00e0 nous\" \/>\n<meta name=\"robots\" content=\"index, follow, max-snippet:-1, max-image-preview:large, max-video-preview:-1\" \/>\n<link rel=\"canonical\" href=\"https:\/\/www.hotellapaul.it\/visitare-il-garda\/\" \/>\n<meta property=\"og:locale\" content=\"fr_FR\" \/>\n<meta property=\"og:type\" content=\"article\" \/>\n<meta property=\"og:title\" content=\"Visiter le Garda | alentours de Sirmione | Italie\" \/>\n<meta property=\"og:description\" content=\"Visiter le Garda dans les alentours de Sirmione, ch\u00e2teaux, bourgs m\u00e9di\u00e9vaux, forteresses, parcs amusements, nature....... tout autour \u00e0 nous\" \/>\n<meta property=\"og:url\" content=\"https:\/\/www.hotellapaul.it\/visitare-il-garda\/\" \/>\n<meta property=\"og:site_name\" content=\"Hotel La Paul\" \/>\n<meta property=\"article:modified_time\" content=\"2026-01-03T10:41:47+00:00\" \/>\n<meta property=\"og:image\" content=\"https:\/\/www.hotellapaul.it\/wp-content\/uploads\/2024\/02\/panoramica-rocca-manerba.jpg\" \/>\n<meta name=\"twitter:card\" content=\"summary_large_image\" \/>\n<meta name=\"twitter:label1\" content=\"Dur\u00e9e de lecture estim\u00e9e\" \/>\n\t<meta name=\"twitter:data1\" content=\"2 minutes\" \/>\n<script type=\"application\/ld+json\" class=\"yoast-schema-graph\">{\"@context\":\"https:\\\/\\\/schema.org\",\"@graph\":[{\"@type\":\"WebPage\",\"@id\":\"https:\\\/\\\/www.hotellapaul.it\\\/visitare-il-garda\\\/\",\"url\":\"https:\\\/\\\/www.hotellapaul.it\\\/visitare-il-garda\\\/\",\"name\":\"Visiter le Garda | alentours de Sirmione | Italie\",\"isPartOf\":{\"@id\":\"https:\\\/\\\/www.hotellapaul.it\\\/#website\"},\"primaryImageOfPage\":{\"@id\":\"https:\\\/\\\/www.hotellapaul.it\\\/visitare-il-garda\\\/#primaryimage\"},\"image\":{\"@id\":\"https:\\\/\\\/www.hotellapaul.it\\\/visitare-il-garda\\\/#primaryimage\"},\"thumbnailUrl\":\"https:\\\/\\\/www.hotellapaul.it\\\/wp-content\\\/uploads\\\/2024\\\/02\\\/panoramica-rocca-manerba.jpg\",\"datePublished\":\"2015-01-20T14:08:58+00:00\",\"dateModified\":\"2026-01-03T10:41:47+00:00\",\"description\":\"Visiter le Garda dans les alentours de Sirmione, ch\u00e2teaux, bourgs m\u00e9di\u00e9vaux, forteresses, parcs amusements, nature....... tout autour \u00e0 nous\",\"breadcrumb\":{\"@id\":\"https:\\\/\\\/www.hotellapaul.it\\\/visitare-il-garda\\\/#breadcrumb\"},\"inLanguage\":\"fr-FR\",\"potentialAction\":[{\"@type\":\"ReadAction\",\"target\":[\"https:\\\/\\\/www.hotellapaul.it\\\/visitare-il-garda\\\/\"]}]},{\"@type\":\"ImageObject\",\"inLanguage\":\"fr-FR\",\"@id\":\"https:\\\/\\\/www.hotellapaul.it\\\/visitare-il-garda\\\/#primaryimage\",\"url\":\"https:\\\/\\\/www.hotellapaul.it\\\/wp-content\\\/uploads\\\/2024\\\/02\\\/panoramica-rocca-manerba.jpg\",\"contentUrl\":\"https:\\\/\\\/www.hotellapaul.it\\\/wp-content\\\/uploads\\\/2024\\\/02\\\/panoramica-rocca-manerba.jpg\"},{\"@type\":\"BreadcrumbList\",\"@id\":\"https:\\\/\\\/www.hotellapaul.it\\\/visitare-il-garda\\\/#breadcrumb\",\"itemListElement\":[{\"@type\":\"ListItem\",\"position\":1,\"name\":\"Home\",\"item\":\"https:\\\/\\\/www.hotellapaul.it\\\/fr\\\/\"},{\"@type\":\"ListItem\",\"position\":2,\"name\":\"Visiter le Garda\"}]},{\"@type\":\"WebSite\",\"@id\":\"https:\\\/\\\/www.hotellapaul.it\\\/#website\",\"url\":\"https:\\\/\\\/www.hotellapaul.it\\\/\",\"name\":\"Hotel La Paul\",\"description\":\"Hotel dal 1958 a Sirmione\",\"potentialAction\":[{\"@type\":\"SearchAction\",\"target\":{\"@type\":\"EntryPoint\",\"urlTemplate\":\"https:\\\/\\\/www.hotellapaul.it\\\/?s={search_term_string}\"},\"query-input\":{\"@type\":\"PropertyValueSpecification\",\"valueRequired\":true,\"valueName\":\"search_term_string\"}}],\"inLanguage\":\"fr-FR\"}]}<\/script>\n<!-- \/ Yoast SEO plugin. -->","yoast_head_json":{"title":"Visiter le Garda | alentours de Sirmione | Italie","description":"Visiter le Garda dans les alentours de Sirmione, ch\u00e2teaux, bourgs m\u00e9di\u00e9vaux, forteresses, parcs amusements, nature....... tout autour \u00e0 nous","robots":{"index":"index","follow":"follow","max-snippet":"max-snippet:-1","max-image-preview":"max-image-preview:large","max-video-preview":"max-video-preview:-1"},"canonical":"https:\/\/www.hotellapaul.it\/visitare-il-garda\/","og_locale":"fr_FR","og_type":"article","og_title":"Visiter le Garda | alentours de Sirmione | Italie","og_description":"Visiter le Garda dans les alentours de Sirmione, ch\u00e2teaux, bourgs m\u00e9di\u00e9vaux, forteresses, parcs amusements, nature....... tout autour \u00e0 nous","og_url":"https:\/\/www.hotellapaul.it\/visitare-il-garda\/","og_site_name":"Hotel La Paul","article_modified_time":"2026-01-03T10:41:47+00:00","og_image":[{"url":"https:\/\/www.hotellapaul.it\/wp-content\/uploads\/2024\/02\/panoramica-rocca-manerba.jpg","type":"","width":"","height":""}],"twitter_card":"summary_large_image","twitter_misc":{"Dur\u00e9e de lecture estim\u00e9e":"2 minutes"},"schema":{"@context":"https:\/\/schema.org","@graph":[{"@type":"WebPage","@id":"https:\/\/www.hotellapaul.it\/visitare-il-garda\/","url":"https:\/\/www.hotellapaul.it\/visitare-il-garda\/","name":"Visiter le Garda | alentours de Sirmione | Italie","isPartOf":{"@id":"https:\/\/www.hotellapaul.it\/#website"},"primaryImageOfPage":{"@id":"https:\/\/www.hotellapaul.it\/visitare-il-garda\/#primaryimage"},"image":{"@id":"https:\/\/www.hotellapaul.it\/visitare-il-garda\/#primaryimage"},"thumbnailUrl":"https:\/\/www.hotellapaul.it\/wp-content\/uploads\/2024\/02\/panoramica-rocca-manerba.jpg","datePublished":"2015-01-20T14:08:58+00:00","dateModified":"2026-01-03T10:41:47+00:00","description":"Visiter le Garda dans les alentours de Sirmione, ch\u00e2teaux, bourgs m\u00e9di\u00e9vaux, forteresses, parcs amusements, nature....... tout autour \u00e0 nous","breadcrumb":{"@id":"https:\/\/www.hotellapaul.it\/visitare-il-garda\/#breadcrumb"},"inLanguage":"fr-FR","potentialAction":[{"@type":"ReadAction","target":["https:\/\/www.hotellapaul.it\/visitare-il-garda\/"]}]},{"@type":"ImageObject","inLanguage":"fr-FR","@id":"https:\/\/www.hotellapaul.it\/visitare-il-garda\/#primaryimage","url":"https:\/\/www.hotellapaul.it\/wp-content\/uploads\/2024\/02\/panoramica-rocca-manerba.jpg","contentUrl":"https:\/\/www.hotellapaul.it\/wp-content\/uploads\/2024\/02\/panoramica-rocca-manerba.jpg"},{"@type":"BreadcrumbList","@id":"https:\/\/www.hotellapaul.it\/visitare-il-garda\/#breadcrumb","itemListElement":[{"@type":"ListItem","position":1,"name":"Home","item":"https:\/\/www.hotellapaul.it\/fr\/"},{"@type":"ListItem","position":2,"name":"Visiter le Garda"}]},{"@type":"WebSite","@id":"https:\/\/www.hotellapaul.it\/#website","url":"https:\/\/www.hotellapaul.it\/","name":"Hotel La Paul","description":"Hotel dal 1958 a Sirmione","potentialAction":[{"@type":"SearchAction","target":{"@type":"EntryPoint","urlTemplate":"https:\/\/www.hotellapaul.it\/?s={search_term_string}"},"query-input":{"@type":"PropertyValueSpecification","valueRequired":true,"valueName":"search_term_string"}}],"inLanguage":"fr-FR"}]}},"_links":{"self":[{"href":"https:\/\/www.hotellapaul.it\/fr\/wp-json\/wp\/v2\/pages\/477","targetHints":{"allow":["GET"]}}],"collection":[{"href":"https:\/\/www.hotellapaul.it\/fr\/wp-json\/wp\/v2\/pages"}],"about":[{"href":"https:\/\/www.hotellapaul.it\/fr\/wp-json\/wp\/v2\/types\/page"}],"author":[{"embeddable":true,"href":"https:\/\/www.hotellapaul.it\/fr\/wp-json\/wp\/v2\/users\/1"}],"replies":[{"embeddable":true,"href":"https:\/\/www.hotellapaul.it\/fr\/wp-json\/wp\/v2\/comments?post=477"}],"version-history":[{"count":0,"href":"https:\/\/www.hotellapaul.it\/fr\/wp-json\/wp\/v2\/pages\/477\/revisions"}],"wp:attachment":[{"href":"https:\/\/www.hotellapaul.it\/fr\/wp-json\/wp\/v2\/media?parent=477"}],"curies":[{"name":"wp","href":"https:\/\/api.w.org\/{rel}","templated":true}]}}