{"id":466,"date":"2014-12-21T18:58:38","date_gmt":"2014-12-21T17:58:38","guid":{"rendered":"https:\/\/www.hotellapaul.it\/?page_id=466"},"modified":"2026-01-03T11:41:43","modified_gmt":"2026-01-03T10:41:43","slug":"restauration-hotel","status":"publish","type":"page","link":"https:\/\/www.hotellapaul.it\/fr\/restauration-hotel\/","title":{"rendered":"Restauration Hotel"},"content":{"rendered":"\n<h3 class=\"wp-block-heading\">Possibilit\u00e9 de d\u00eener en h\u00f4tel, demi pension au d\u00eener, pension compl\u00e8te en haute saison<\/h3>\n\n\n\n<p><span class=\"HwtZe\" lang=\"fr\"><span class=\"jCAhz ChMk0b\"><span class=\"ryNqvb\">Restaurant de l&rsquo;h\u00f4tel La Paul, immerg\u00e9 dans la verdure du jardin surplombant le lac pour profiter du coucher de soleil.<\/span><\/span> <span class=\"jCAhz ChMk0b\"><span class=\"ryNqvb\">En \u00e9t\u00e9, il est possible de manger \u00e0 l&rsquo;ext\u00e9rieur pour le d\u00e9jeuner et le d\u00eener.<\/span><\/span> <span class=\"jCAhz ChMk0b\"><span class=\"ryNqvb\">Pendant la journ\u00e9e, le kiosque-bar est \u00e9galement ouvert pour des plats froids, des sandwichs et bien plus encore.<\/span><\/span> <span class=\"jCAhz ChMk0b\"><span class=\"ryNqvb\">La demi-pension et la pension compl\u00e8te sont disponibles<\/span><\/span><\/span>. <strong>PAS DE V\u00c9GANS<\/strong><\/p>\n\n\n\n<h3 class=\"wp-block-heading has-text-align-center\">Le Restaurant <span class=\"VIiyi\" lang=\"fr\"><span class=\"JLqJ4b ChMk0b\" data-language-for-alternatives=\"fr\" data-language-to-translate-into=\"it\" data-phrase-index=\"0\">dans le jardin avec vue panoramique<\/span><\/span><\/h3>\n\n\n\n<p><span class=\"HwtZe\" lang=\"fr\"><span class=\"jCAhz ChMk0b\"><span class=\"ryNqvb\">Le restaurant est compl\u00e8tement immerg\u00e9 dans la verdure du jardin avec une large vue sur le lac.<\/span><\/span> <span class=\"jCAhz ChMk0b\"><span class=\"ryNqvb\">Notre menu se concentre sur les fruits de mer, \u00e9galement disponibles sans gluten et plats v\u00e9g\u00e9tariens.<\/span><\/span> <span class=\"jCAhz ChMk0b\"><span class=\"ryNqvb\">Notre carte des vins est principalement compos\u00e9e de vins typiques de la r\u00e9gion tels que : lugana, valpolicella, bardolino, custoza, provenant de petites et moyennes caves, pour un produit plus proche du territoire.<\/span><\/span><\/span><\/p>\n\n\n<div class=\"wp-block-image\">\n<figure class=\"aligncenter size-large\"><img decoding=\"async\" src=\"https:\/\/www.hotellapaul.it\/wp-content\/uploads\/2024\/02\/IMG_4963-a-1280-1024x527.jpg\" alt=\"Ristorante Canneto Sirmione\" class=\"wp-image-9501\"\/><\/figure>\n<\/div>\n\n\n<figure class=\"wp-block-gallery aligncenter has-nested-images columns-default is-cropped wp-block-gallery-1 is-layout-flex wp-block-gallery-is-layout-flex\">\n<figure class=\"wp-block-image size-large\"><a href=\"https:\/\/www.hotellapaul.it\/wp-content\/uploads\/2024\/02\/IMG_5044-a-1280.jpg\"><img decoding=\"async\" data-id=\"9516\" src=\"https:\/\/www.hotellapaul.it\/wp-content\/uploads\/2024\/02\/IMG_5044-a-1280-1024x444.jpg\" alt=\"Ristorante Canneto Sirmione\" class=\"wp-image-9516\"\/><\/a><\/figure>\n\n\n\n<figure class=\"wp-block-image size-large\"><a href=\"https:\/\/www.hotellapaul.it\/wp-content\/uploads\/2024\/02\/IMG_5720-A-1280x853-1.jpg\"><img decoding=\"async\" data-id=\"9521\" src=\"https:\/\/www.hotellapaul.it\/wp-content\/uploads\/2024\/02\/IMG_5720-A-1280x853-1-1024x682.jpg\" alt=\"Ristorante Canneto Sirmione\" class=\"wp-image-9521\"\/><\/a><\/figure>\n\n\n\n<figure class=\"wp-block-image size-large\"><a href=\"https:\/\/www.hotellapaul.it\/wp-content\/uploads\/2024\/02\/WhatsApp-Image-2021-10-19-at-18.45.59-1280.jpg\"><img decoding=\"async\" data-id=\"9526\" src=\"https:\/\/www.hotellapaul.it\/wp-content\/uploads\/2024\/02\/WhatsApp-Image-2021-10-19-at-18.45.59-1280-768x1024.jpg\" alt=\"Ristorante Canneto Sirmione\" class=\"wp-image-9526\"\/><\/a><\/figure>\n\n\n\n<figure class=\"wp-block-image size-large\"><a href=\"https:\/\/www.hotellapaul.it\/wp-content\/uploads\/2024\/02\/WhatsApp-Image-2021-10-19-at-18.50.53-7-A-1280.jpg\"><img decoding=\"async\" data-id=\"9531\" src=\"https:\/\/www.hotellapaul.it\/wp-content\/uploads\/2024\/02\/WhatsApp-Image-2021-10-19-at-18.50.53-7-A-1280-1024x557.jpg\" alt=\"Ristorante Canneto Sirmione\" class=\"wp-image-9531\"\/><\/a><\/figure>\n\n\n\n<figure class=\"wp-block-image size-large\"><a href=\"https:\/\/www.hotellapaul.it\/wp-content\/uploads\/2024\/02\/SALA-IMG_3166-68-2000X853.jpg\"><img decoding=\"async\" data-id=\"9511\" src=\"https:\/\/www.hotellapaul.it\/wp-content\/uploads\/2024\/02\/SALA-IMG_3166-68-2000X853-1024x427.jpg\" alt=\"Ristorante Canneto Sirmione\" class=\"wp-image-9511\"\/><\/a><\/figure>\n\n\n\n<figure class=\"wp-block-image size-large\"><a href=\"https:\/\/www.hotellapaul.it\/wp-content\/uploads\/2024\/02\/IMG_4963-a-1280.jpg\"><img decoding=\"async\" data-id=\"9501\" src=\"https:\/\/www.hotellapaul.it\/wp-content\/uploads\/2024\/02\/IMG_4963-a-1280-1024x527.jpg\" alt=\"Ristorante Canneto Sirmione\" class=\"wp-image-9501\"\/><\/a><\/figure>\n\n\n\n<figure class=\"wp-block-image size-large\"><a href=\"https:\/\/www.hotellapaul.it\/wp-content\/uploads\/2024\/02\/1621003369709-a-1280X576.jpg\"><img decoding=\"async\" data-id=\"9536\" src=\"https:\/\/www.hotellapaul.it\/wp-content\/uploads\/2024\/02\/1621003369709-a-1280X576-1024x461.jpg\" alt=\"Ristorante Canneto Sirmione\" class=\"wp-image-9536\"\/><\/a><\/figure>\n\n\n\n<figure class=\"wp-block-image size-large\"><a href=\"https:\/\/www.hotellapaul.it\/wp-content\/uploads\/2024\/02\/IMG_4993-A-1280.jpg\"><img decoding=\"async\" data-id=\"9541\" src=\"https:\/\/www.hotellapaul.it\/wp-content\/uploads\/2024\/02\/IMG_4993-A-1280-1024x536.jpg\" alt=\"Ristorante Canneto Sirmione\" class=\"wp-image-9541\"\/><\/a><\/figure>\n<\/figure>\n\n\n\n<h3 class=\"wp-block-heading has-text-align-center\">Le petit d\u00e9jeuner au buffet<\/h3>\n\n\n\n<p>Au matin tu commences la journ\u00e9e avec un riche petit d\u00e9jeuner en jardin avec la vue du lac, assis en plein air entre palmiers et oliviers; le petit d\u00e9jeuner au buffet inclut produits doux et sal\u00e9s, oeufs, fromages et charcuteries. Le buffet elles ouvre de7.30 aux10.00, mais tu veux te prendre elle confortable tu peux d\u00e9jeuner apr\u00e8s aussi toujours \u00e0 l&rsquo;Italienne, pr\u00e8s du bar int\u00e9rieur ou au kiosque-bar en jardin.<\/p>\n\n\n<div class=\"wp-block-image\">\n<figure class=\"aligncenter size-full\"><img decoding=\"async\" src=\"https:\/\/www.hotellapaul.it\/wp-content\/uploads\/2014\/12\/hotel-la-paul-colazione-a-buffet.jpg\" alt=\"\" class=\"wp-image-5190\"\/><\/figure>\n<\/div>\n\n\n<figure class=\"wp-block-gallery aligncenter has-nested-images columns-default is-cropped wp-block-gallery-2 is-layout-flex wp-block-gallery-is-layout-flex\">\n<figure class=\"wp-block-image size-large\"><a href=\"https:\/\/www.hotellapaul.it\/wp-content\/uploads\/2014\/12\/hotel-la-paul-colazione-a-buffet-salato.jpg\"><img decoding=\"async\" data-id=\"5191\" src=\"https:\/\/www.hotellapaul.it\/wp-content\/uploads\/2014\/12\/hotel-la-paul-colazione-a-buffet-salato.jpg\" alt=\"\" class=\"wp-image-5191\"\/><\/a><\/figure>\n\n\n\n<figure class=\"wp-block-image size-large\"><a href=\"https:\/\/www.hotellapaul.it\/wp-content\/uploads\/2014\/12\/hotel-la-paul-colazione-a-buffet-bevande.jpg\"><img decoding=\"async\" data-id=\"5193\" src=\"https:\/\/www.hotellapaul.it\/wp-content\/uploads\/2014\/12\/hotel-la-paul-colazione-a-buffet-bevande.jpg\" alt=\"\" class=\"wp-image-5193\"\/><\/a><\/figure>\n\n\n\n<figure class=\"wp-block-image size-large\"><a href=\"https:\/\/www.hotellapaul.it\/wp-content\/uploads\/2014\/12\/colazioni-a-buffet-2.jpg\"><img decoding=\"async\" data-id=\"5195\" src=\"https:\/\/www.hotellapaul.it\/wp-content\/uploads\/2014\/12\/colazioni-a-buffet-2-1024x683.jpg\" alt=\"\" class=\"wp-image-5195\"\/><\/a><\/figure>\n\n\n\n<figure class=\"wp-block-image size-large\"><a href=\"https:\/\/www.hotellapaul.it\/wp-content\/uploads\/2014\/12\/colazioni-a-buffet-1.jpg\"><img decoding=\"async\" data-id=\"5196\" src=\"https:\/\/www.hotellapaul.it\/wp-content\/uploads\/2014\/12\/colazioni-a-buffet-1-1024x683.jpg\" alt=\"\" class=\"wp-image-5196\"\/><\/a><\/figure>\n\n\n\n<figure class=\"wp-block-image size-large\"><a href=\"https:\/\/www.hotellapaul.it\/wp-content\/uploads\/2014\/12\/hotel-la-paul-colazione-buffet-2r.jpg\"><img decoding=\"async\" data-id=\"5197\" src=\"https:\/\/www.hotellapaul.it\/wp-content\/uploads\/2014\/12\/hotel-la-paul-colazione-buffet-2r.jpg\" alt=\"\" class=\"wp-image-5197\"\/><\/a><\/figure>\n\n\n\n<figure class=\"wp-block-image size-large\"><a href=\"https:\/\/www.hotellapaul.it\/wp-content\/uploads\/2014\/12\/hotel-la-paul-colazione-buffet-1r.jpg\"><img decoding=\"async\" data-id=\"5198\" src=\"https:\/\/www.hotellapaul.it\/wp-content\/uploads\/2014\/12\/hotel-la-paul-colazione-buffet-1r.jpg\" alt=\"\" class=\"wp-image-5198\"\/><\/a><\/figure>\n\n\n\n<figure class=\"wp-block-image size-large\"><a href=\"https:\/\/www.hotellapaul.it\/wp-content\/uploads\/2014\/12\/hotel-la-paul-colazione-buffet-esterno-6r.jpg\"><img decoding=\"async\" data-id=\"5199\" src=\"https:\/\/www.hotellapaul.it\/wp-content\/uploads\/2014\/12\/hotel-la-paul-colazione-buffet-esterno-6r.jpg\" alt=\"\" class=\"wp-image-5199\"\/><\/a><\/figure>\n<\/figure>\n","protected":false},"excerpt":{"rendered":"<p>Possibilit\u00e9 de d\u00eener en h\u00f4tel, demi pension au d\u00eener, pension compl\u00e8te en [&hellip;]<\/p>\n","protected":false},"author":1,"featured_media":11421,"parent":0,"menu_order":79,"comment_status":"open","ping_status":"closed","template":"","meta":{"_acf_changed":false,"footnotes":""},"class_list":["post-466","page","type-page","status-publish","has-post-thumbnail","hentry"],"acf":[],"yoast_head":"<!-- This site is optimized with the Yoast SEO plugin v27.4 - https:\/\/yoast.com\/product\/yoast-seo-wordpress\/ -->\n<title>Restauration hotel La Paul en Sirmione sur le lac de Garde<\/title>\n<meta name=\"description\" content=\"Restauration hotel La Paul, possibilit\u00e9 de d\u00eener en h\u00f4tel, demi pension et pension compl\u00e8te. Le cuisine local du Garda, poisson de lac et vins du Garda\" \/>\n<meta name=\"robots\" content=\"index, follow, max-snippet:-1, max-image-preview:large, max-video-preview:-1\" \/>\n<link rel=\"canonical\" href=\"https:\/\/www.hotellapaul.it\/fr\/restauration-hotel\/\" \/>\n<meta property=\"og:locale\" content=\"fr_FR\" \/>\n<meta property=\"og:type\" content=\"article\" \/>\n<meta property=\"og:title\" content=\"Restauration hotel La Paul en Sirmione sur le lac de Garde\" \/>\n<meta property=\"og:description\" content=\"Restauration hotel La Paul, possibilit\u00e9 de d\u00eener en h\u00f4tel, demi pension et pension compl\u00e8te. Le cuisine local du Garda, poisson de lac et vins du Garda\" \/>\n<meta property=\"og:url\" content=\"https:\/\/www.hotellapaul.it\/fr\/restauration-hotel\/\" \/>\n<meta property=\"og:site_name\" content=\"Hotel La Paul\" \/>\n<meta property=\"article:modified_time\" content=\"2026-01-03T10:41:43+00:00\" \/>\n<meta property=\"og:image\" content=\"https:\/\/www.hotellapaul.it\/wp-content\/uploads\/2024\/02\/IMG_4993-A-1280.jpg\" \/>\n\t<meta property=\"og:image:width\" content=\"1280\" \/>\n\t<meta property=\"og:image:height\" content=\"670\" \/>\n\t<meta property=\"og:image:type\" content=\"image\/jpeg\" \/>\n<meta name=\"twitter:card\" content=\"summary_large_image\" \/>\n<meta name=\"twitter:label1\" content=\"Dur\u00e9e de lecture estim\u00e9e\" \/>\n\t<meta name=\"twitter:data1\" content=\"5 minutes\" \/>\n<script type=\"application\/ld+json\" class=\"yoast-schema-graph\">{\"@context\":\"https:\\\/\\\/schema.org\",\"@graph\":[{\"@type\":\"WebPage\",\"@id\":\"https:\\\/\\\/www.hotellapaul.it\\\/fr\\\/restauration-hotel\\\/\",\"url\":\"https:\\\/\\\/www.hotellapaul.it\\\/fr\\\/restauration-hotel\\\/\",\"name\":\"Restauration hotel La Paul en Sirmione sur le lac de Garde\",\"isPartOf\":{\"@id\":\"https:\\\/\\\/www.hotellapaul.it\\\/#website\"},\"primaryImageOfPage\":{\"@id\":\"https:\\\/\\\/www.hotellapaul.it\\\/fr\\\/restauration-hotel\\\/#primaryimage\"},\"image\":{\"@id\":\"https:\\\/\\\/www.hotellapaul.it\\\/fr\\\/restauration-hotel\\\/#primaryimage\"},\"thumbnailUrl\":\"https:\\\/\\\/www.hotellapaul.it\\\/wp-content\\\/uploads\\\/2024\\\/02\\\/IMG_4993-A-1280.jpg\",\"datePublished\":\"2014-12-21T17:58:38+00:00\",\"dateModified\":\"2026-01-03T10:41:43+00:00\",\"description\":\"Restauration hotel La Paul, possibilit\u00e9 de d\u00eener en h\u00f4tel, demi pension et pension compl\u00e8te. Le cuisine local du Garda, poisson de lac et vins du Garda\",\"breadcrumb\":{\"@id\":\"https:\\\/\\\/www.hotellapaul.it\\\/fr\\\/restauration-hotel\\\/#breadcrumb\"},\"inLanguage\":\"fr-FR\",\"potentialAction\":[{\"@type\":\"ReadAction\",\"target\":[\"https:\\\/\\\/www.hotellapaul.it\\\/fr\\\/restauration-hotel\\\/\"]}]},{\"@type\":\"ImageObject\",\"inLanguage\":\"fr-FR\",\"@id\":\"https:\\\/\\\/www.hotellapaul.it\\\/fr\\\/restauration-hotel\\\/#primaryimage\",\"url\":\"https:\\\/\\\/www.hotellapaul.it\\\/wp-content\\\/uploads\\\/2024\\\/02\\\/IMG_4993-A-1280.jpg\",\"contentUrl\":\"https:\\\/\\\/www.hotellapaul.it\\\/wp-content\\\/uploads\\\/2024\\\/02\\\/IMG_4993-A-1280.jpg\",\"width\":1280,\"height\":670,\"caption\":\"Ristorante Canneto Sirmione\"},{\"@type\":\"BreadcrumbList\",\"@id\":\"https:\\\/\\\/www.hotellapaul.it\\\/fr\\\/restauration-hotel\\\/#breadcrumb\",\"itemListElement\":[{\"@type\":\"ListItem\",\"position\":1,\"name\":\"Home\",\"item\":\"https:\\\/\\\/www.hotellapaul.it\\\/fr\\\/\"},{\"@type\":\"ListItem\",\"position\":2,\"name\":\"Restauration Hotel\"}]},{\"@type\":\"WebSite\",\"@id\":\"https:\\\/\\\/www.hotellapaul.it\\\/#website\",\"url\":\"https:\\\/\\\/www.hotellapaul.it\\\/\",\"name\":\"Hotel La Paul\",\"description\":\"Hotel dal 1958 a Sirmione\",\"potentialAction\":[{\"@type\":\"SearchAction\",\"target\":{\"@type\":\"EntryPoint\",\"urlTemplate\":\"https:\\\/\\\/www.hotellapaul.it\\\/?s={search_term_string}\"},\"query-input\":{\"@type\":\"PropertyValueSpecification\",\"valueRequired\":true,\"valueName\":\"search_term_string\"}}],\"inLanguage\":\"fr-FR\"}]}<\/script>\n<!-- \/ Yoast SEO plugin. -->","yoast_head_json":{"title":"Restauration hotel La Paul en Sirmione sur le lac de Garde","description":"Restauration hotel La Paul, possibilit\u00e9 de d\u00eener en h\u00f4tel, demi pension et pension compl\u00e8te. Le cuisine local du Garda, poisson de lac et vins du Garda","robots":{"index":"index","follow":"follow","max-snippet":"max-snippet:-1","max-image-preview":"max-image-preview:large","max-video-preview":"max-video-preview:-1"},"canonical":"https:\/\/www.hotellapaul.it\/fr\/restauration-hotel\/","og_locale":"fr_FR","og_type":"article","og_title":"Restauration hotel La Paul en Sirmione sur le lac de Garde","og_description":"Restauration hotel La Paul, possibilit\u00e9 de d\u00eener en h\u00f4tel, demi pension et pension compl\u00e8te. Le cuisine local du Garda, poisson de lac et vins du Garda","og_url":"https:\/\/www.hotellapaul.it\/fr\/restauration-hotel\/","og_site_name":"Hotel La Paul","article_modified_time":"2026-01-03T10:41:43+00:00","og_image":[{"width":1280,"height":670,"url":"https:\/\/www.hotellapaul.it\/wp-content\/uploads\/2024\/02\/IMG_4993-A-1280.jpg","type":"image\/jpeg"}],"twitter_card":"summary_large_image","twitter_misc":{"Dur\u00e9e de lecture estim\u00e9e":"5 minutes"},"schema":{"@context":"https:\/\/schema.org","@graph":[{"@type":"WebPage","@id":"https:\/\/www.hotellapaul.it\/fr\/restauration-hotel\/","url":"https:\/\/www.hotellapaul.it\/fr\/restauration-hotel\/","name":"Restauration hotel La Paul en Sirmione sur le lac de Garde","isPartOf":{"@id":"https:\/\/www.hotellapaul.it\/#website"},"primaryImageOfPage":{"@id":"https:\/\/www.hotellapaul.it\/fr\/restauration-hotel\/#primaryimage"},"image":{"@id":"https:\/\/www.hotellapaul.it\/fr\/restauration-hotel\/#primaryimage"},"thumbnailUrl":"https:\/\/www.hotellapaul.it\/wp-content\/uploads\/2024\/02\/IMG_4993-A-1280.jpg","datePublished":"2014-12-21T17:58:38+00:00","dateModified":"2026-01-03T10:41:43+00:00","description":"Restauration hotel La Paul, possibilit\u00e9 de d\u00eener en h\u00f4tel, demi pension et pension compl\u00e8te. Le cuisine local du Garda, poisson de lac et vins du Garda","breadcrumb":{"@id":"https:\/\/www.hotellapaul.it\/fr\/restauration-hotel\/#breadcrumb"},"inLanguage":"fr-FR","potentialAction":[{"@type":"ReadAction","target":["https:\/\/www.hotellapaul.it\/fr\/restauration-hotel\/"]}]},{"@type":"ImageObject","inLanguage":"fr-FR","@id":"https:\/\/www.hotellapaul.it\/fr\/restauration-hotel\/#primaryimage","url":"https:\/\/www.hotellapaul.it\/wp-content\/uploads\/2024\/02\/IMG_4993-A-1280.jpg","contentUrl":"https:\/\/www.hotellapaul.it\/wp-content\/uploads\/2024\/02\/IMG_4993-A-1280.jpg","width":1280,"height":670,"caption":"Ristorante Canneto Sirmione"},{"@type":"BreadcrumbList","@id":"https:\/\/www.hotellapaul.it\/fr\/restauration-hotel\/#breadcrumb","itemListElement":[{"@type":"ListItem","position":1,"name":"Home","item":"https:\/\/www.hotellapaul.it\/fr\/"},{"@type":"ListItem","position":2,"name":"Restauration Hotel"}]},{"@type":"WebSite","@id":"https:\/\/www.hotellapaul.it\/#website","url":"https:\/\/www.hotellapaul.it\/","name":"Hotel La Paul","description":"Hotel dal 1958 a Sirmione","potentialAction":[{"@type":"SearchAction","target":{"@type":"EntryPoint","urlTemplate":"https:\/\/www.hotellapaul.it\/?s={search_term_string}"},"query-input":{"@type":"PropertyValueSpecification","valueRequired":true,"valueName":"search_term_string"}}],"inLanguage":"fr-FR"}]}},"_links":{"self":[{"href":"https:\/\/www.hotellapaul.it\/fr\/wp-json\/wp\/v2\/pages\/466","targetHints":{"allow":["GET"]}}],"collection":[{"href":"https:\/\/www.hotellapaul.it\/fr\/wp-json\/wp\/v2\/pages"}],"about":[{"href":"https:\/\/www.hotellapaul.it\/fr\/wp-json\/wp\/v2\/types\/page"}],"author":[{"embeddable":true,"href":"https:\/\/www.hotellapaul.it\/fr\/wp-json\/wp\/v2\/users\/1"}],"replies":[{"embeddable":true,"href":"https:\/\/www.hotellapaul.it\/fr\/wp-json\/wp\/v2\/comments?post=466"}],"version-history":[{"count":0,"href":"https:\/\/www.hotellapaul.it\/fr\/wp-json\/wp\/v2\/pages\/466\/revisions"}],"wp:featuredmedia":[{"embeddable":true,"href":"https:\/\/www.hotellapaul.it\/fr\/wp-json\/wp\/v2\/media\/11421"}],"wp:attachment":[{"href":"https:\/\/www.hotellapaul.it\/fr\/wp-json\/wp\/v2\/media?parent=466"}],"curies":[{"name":"wp","href":"https:\/\/api.w.org\/{rel}","templated":true}]}}