{"id":462,"date":"2015-01-23T12:51:03","date_gmt":"2015-01-23T11:51:03","guid":{"rendered":"https:\/\/www.hotellapaul.it\/?page_id=462"},"modified":"2026-04-18T13:16:14","modified_gmt":"2026-04-18T11:16:14","slug":"restaurant-sans-gluten","status":"publish","type":"page","link":"https:\/\/www.hotellapaul.it\/fr\/restaurant-sans-gluten\/","title":{"rendered":"Restaurant sans gluten"},"content":{"rendered":"\n<h3 class=\"wp-block-heading\">Le restaurant sans gluten de Hotel La Paul<\/h3>\n\n\n\n<p>il est actif et r\u00e9guli\u00e8rement ins\u00e9r\u00e9 depuis 2001 dans la liste dell&rsquo; association celiachia de l&rsquo;AIC entre les restaurants pour coeliaques; depuis lors la cuisine pour coeliaques est particuli\u00e8rement soign\u00e9e et il comprend les repas principaux qui le petit d\u00e9jeuner et les snacks: les plats viennent pr\u00eats en pr\u00eatant la maxime attention \u00e0 l&rsquo;\u00e9laboration et \u00e0 l&rsquo;origine des produits utilis\u00e9e qu&rsquo;ils viennent choisis exclusivement \u00e0 l&rsquo;int\u00e9rieur des lignes de grande qualit\u00e9 et vari\u00e9t\u00e9. Le restaurant h\u00f4tel veut \u00e0 offrir un service de plus en plus complet \u00e0 travers la qualit\u00e9 constamment, l&rsquo;ample choix et aussi gr\u00e2ce \u00e0 les horaires de la cuisine sans gluten ne diff\u00e9renci\u00e9 pas. Le chef est \u00e0 disposition de la client\u00e8le qui veuille manger sans gluten en outre et cr\u00e9er menu personnalis\u00e9 pour \u00e9v\u00e9nements, r\u00e9currences et pour chaque renseignement. Notre cuisine est enti\u00e8rement d\u00e9di\u00e9e aux personnes intol\u00e9rantes au gluten. Pour les personnes intol\u00e9rantes au lactose, nous proposons uniquement des produits de base comme du lait, des yaourts, du pain et des biscuits. PAS DE V\u00c9GANS<\/p>\n\n\n\n<h5 class=\"wp-block-heading\">Le petit d\u00e9jeuner sans gluten<\/h5>\n\n\n\n<p>Le petit d\u00e9jeuner est servi sous forme de buffet et vous pouvez trouver plum cake, biscuits, yaourts, confiture, nutella, c\u00e9r\u00e9ales, croissants, jambon, du pain sans gluten.<\/p>\n\n\n\n<figure class=\"wp-block-image\"><a href=\"https:\/\/www.hotellapaul.it\/wp-content\/uploads\/2015\/01\/senza-glutine-colazione-1.jpg\"><img loading=\"lazy\" decoding=\"async\" width=\"144\" height=\"115\" src=\"https:\/\/www.hotellapaul.it\/wp-content\/uploads\/2015\/01\/senza-glutine-colazione-1.jpg\" alt=\"senza-glutine-colazione\" class=\"wp-image-118\"\/><\/a><\/figure>\n\n\n\n<figure class=\"wp-block-image\"><a href=\"https:\/\/www.hotellapaul.it\/wp-content\/uploads\/2015\/01\/senza-glutine-colazione-2.jpg\"><img decoding=\"async\" src=\"https:\/\/www.hotellapaul.it\/wp-content\/uploads\/2015\/01\/senza-glutine-colazione-2.jpg\" alt=\"senza-glutine-colazione\" class=\"wp-image-119\"\/><\/a><\/figure>\n\n\n\n<figure class=\"wp-block-image\"><a href=\"https:\/\/www.hotellapaul.it\/wp-content\/uploads\/2015\/01\/senza-glutine-colazione-3.jpg\"><img loading=\"lazy\" decoding=\"async\" width=\"218\" height=\"115\" src=\"https:\/\/www.hotellapaul.it\/wp-content\/uploads\/2015\/01\/senza-glutine-colazione-3.jpg\" alt=\"senza-glutine-colazione\" class=\"wp-image-120\"\/><\/a><\/figure>\n\n\n\n<p><\/p>\n\n\n\n<h5 class=\"wp-block-heading\">La demi-pension sans gluten<\/h5>\n\n\n\n<p>Notre menu demi-pension a un choix de quatre entr\u00e9es et plats principaux, plats et desserts. Les menus sont presque identiques \u00e0 ceux avec du gluten varie parfois seulement le format de p\u00e2tes.<\/p>\n\n\n\n<figure class=\"wp-block-image\"><a href=\"https:\/\/www.hotellapaul.it\/wp-content\/uploads\/2015\/01\/senza-glutine-mezzapensione-2.jpg\"><img decoding=\"async\" src=\"https:\/\/www.hotellapaul.it\/wp-content\/uploads\/2015\/01\/senza-glutine-mezzapensione-2-300x104.jpg\" alt=\"senza-glutine-mezzapensione\" class=\"wp-image-124\"\/><\/a><\/figure>\n\n\n\n<p><\/p>\n\n\n\n<h5 class=\"wp-block-heading\">Les Premiers plats sans gluten<\/h5>\n\n\n\n<p>Nous pr\u00e9parons risotto, p\u00e2tes, gnocchis, des cr\u00eapes avec des sauces de divers types \u00e0 partir d&rsquo;ingr\u00e9dients de base, nous ne utilisons pas des cr\u00e8mes ou des sauces pr\u00eates. Les p\u00e2tes sont les meilleures marques ou faire nos p\u00e2tes sans gluten comme la lasagne e des nouilles.<\/p>\n\n\n\n<figure class=\"wp-block-image\"><img loading=\"lazy\" decoding=\"async\" width=\"173\" height=\"115\" src=\"https:\/\/www.hotellapaul.it\/wp-content\/uploads\/2015\/01\/senza-glutine-mezzapensione-5.jpg\" alt=\"senza-glutine-mezzapensione\" class=\"wp-image-126\"\/><\/figure>\n\n\n\n<figure class=\"wp-block-image\"><a href=\"https:\/\/www.hotellapaul.it\/wp-content\/uploads\/2015\/01\/senza-glutine-mezzapensione-4.jpg\"><img decoding=\"async\" src=\"https:\/\/www.hotellapaul.it\/wp-content\/uploads\/2015\/01\/senza-glutine-mezzapensione-4.jpg\" alt=\"senza-glutine-mezzapensione\" class=\"wp-image-125\"\/><\/a><\/figure>\n\n\n\n<figure class=\"wp-block-image\"><a href=\"https:\/\/www.hotellapaul.it\/wp-content\/uploads\/2015\/01\/senza-glutine-mezzapensione-10.jpg\"><img decoding=\"async\" src=\"https:\/\/www.hotellapaul.it\/wp-content\/uploads\/2015\/01\/senza-glutine-mezzapensione-10.jpg\" alt=\"senza-glutine-mezzapensione\" class=\"wp-image-131\"\/><\/a><\/figure>\n\n\n\n<p><a href=\"https:\/\/www.hotellapaul.it\/wp-content\/uploads\/2015\/01\/senza-glutine-mezzapensione-5.jpg\"> <\/a> <\/p>\n\n\n\n<h5 class=\"wp-block-heading\">Les plats principaux sans gluten<\/h5>\n\n\n\n<p>Viande et de poisson au four, fruits de mer grill\u00e9s ou frits, c\u00f4telettes, nuggets de poulet, pan\u00e9s, gratin, r\u00f4ti \u00ab\u00a0en cro\u00fbte de pain\u00a0\u00bb; plats d&rsquo;accompagnement de pommes de terre frites, cuites au four, croquettes.<\/p>\n\n\n\n<figure class=\"wp-block-image\"><a href=\"https:\/\/www.hotellapaul.it\/wp-content\/uploads\/2015\/01\/senza-glutine-mezzapensione-6.jpg\"><img decoding=\"async\" src=\"https:\/\/www.hotellapaul.it\/wp-content\/uploads\/2015\/01\/senza-glutine-mezzapensione-6.jpg\" alt=\"senza-glutine-mezzapensione\" class=\"wp-image-127\"\/><\/a><\/figure>\n\n\n\n<figure class=\"wp-block-image\"><a href=\"https:\/\/www.hotellapaul.it\/wp-content\/uploads\/2015\/01\/senza-glutine-mezzapensione-7.jpg\"><img loading=\"lazy\" decoding=\"async\" width=\"173\" height=\"115\" src=\"https:\/\/www.hotellapaul.it\/wp-content\/uploads\/2015\/01\/senza-glutine-mezzapensione-7.jpg\" alt=\"senza-glutine-mezzapensione\" class=\"wp-image-128\"\/><\/a><\/figure>\n\n\n\n<figure class=\"wp-block-image\"><a href=\"https:\/\/www.hotellapaul.it\/wp-content\/uploads\/2015\/01\/senza-glutine-mezzapensione-11.jpg\"><img loading=\"lazy\" decoding=\"async\" width=\"172\" height=\"115\" src=\"https:\/\/www.hotellapaul.it\/wp-content\/uploads\/2015\/01\/senza-glutine-mezzapensione-11.jpg\" alt=\"senza-glutine-mezzapensione\" class=\"wp-image-132\"\/><\/a><\/figure>\n\n\n\n<p><\/p>\n\n\n\n<h5 class=\"wp-block-heading\">Les Dessert sans gluten<\/h5>\n\n\n\n<p>Pour le dessert, nous servons le g\u00e2teau sans gluten ou fruits, g\u00e2teau au chocolat ou une \u00e9ponge g\u00e2teau ou tiramisu, cr\u00e8me caramel, cr\u00e8me glac\u00e9e, poudings.<\/p>\n\n\n\n<figure class=\"wp-block-image\"><a href=\"https:\/\/www.hotellapaul.it\/wp-content\/uploads\/2015\/01\/senza-glutine-mezzapensione-9.jpg\"><img loading=\"lazy\" decoding=\"async\" width=\"173\" height=\"115\" src=\"https:\/\/www.hotellapaul.it\/wp-content\/uploads\/2015\/01\/senza-glutine-mezzapensione-9.jpg\" alt=\"senza-glutine-mezzapensione\" class=\"wp-image-130\"\/><\/a><\/figure>\n\n\n\n<figure class=\"wp-block-image\"><a href=\"https:\/\/www.hotellapaul.it\/wp-content\/uploads\/2015\/01\/senza-glutine-mezzapensione-8.jpg\"><img decoding=\"async\" src=\"https:\/\/www.hotellapaul.it\/wp-content\/uploads\/2015\/01\/senza-glutine-mezzapensione-8.jpg\" alt=\"senza-glutine-mezzapensione\" class=\"wp-image-129\"\/><\/a><\/figure>\n\n\n\n<figure class=\"wp-block-image\"><a href=\"https:\/\/www.hotellapaul.it\/wp-content\/uploads\/2015\/01\/senza-glutine-mezzapensione-12.jpg\"><img loading=\"lazy\" decoding=\"async\" width=\"194\" height=\"115\" src=\"https:\/\/www.hotellapaul.it\/wp-content\/uploads\/2015\/01\/senza-glutine-mezzapensione-12.jpg\" alt=\"senza-glutine-mezzapensione\" class=\"wp-image-117\"\/><\/a><\/figure>\n\n\n\n<p><\/p>\n\n\n\n<h5 class=\"wp-block-heading\">Le pique-nique d\u00e9jeuners sans gluten<\/h5>\n\n\n\n<p>Pour vos journ\u00e9es dans les parcs ou les voyages, nous pr\u00e9parons des paniers-repas avec des sandwiches, boissons gazeuses, dessert ou collation.<\/p>\n\n\n\n<h5 class=\"wp-block-heading\">Les Banquets<\/h5>\n\n\n\n<p>Nous avons une s\u00e9rie de menus pour les banquets et de tels \u00e9v\u00e9nements peuvent \u00eatre sans gluten pour tous ou seulement pour ceux coeliaque; viande et le poisson frais strictement.<\/p>\n","protected":false},"excerpt":{"rendered":"<p>Le restaurant sans gluten de Hotel La Paul il est actif et [&hellip;]<\/p>\n","protected":false},"author":1,"featured_media":0,"parent":0,"menu_order":59,"comment_status":"open","ping_status":"closed","template":"","meta":{"_acf_changed":false,"footnotes":""},"class_list":["post-462","page","type-page","status-publish","hentry"],"acf":[],"yoast_head":"<!-- This site is optimized with the Yoast SEO plugin v27.6 - https:\/\/yoast.com\/product\/yoast-seo-wordpress\/ -->\n<title>Restaurant sans gluten Hotel La Paul au Sirmione<\/title>\n<meta name=\"description\" content=\"Le restaurant sans gluten dell&#039; H\u00f4tel La Paul au Sirmione offre petits d\u00e9jeuners \u00e0 buffet, d\u00e9jeuner et d\u00eener pour vos vacances sans gluten en tout relax\" \/>\n<meta name=\"robots\" content=\"index, follow, max-snippet:-1, max-image-preview:large, max-video-preview:-1\" \/>\n<link rel=\"canonical\" href=\"https:\/\/www.hotellapaul.it\/fr\/restaurant-sans-gluten\/\" \/>\n<meta property=\"og:locale\" content=\"fr_FR\" \/>\n<meta property=\"og:type\" content=\"article\" \/>\n<meta property=\"og:title\" content=\"Restaurant sans gluten Hotel La Paul au Sirmione\" \/>\n<meta property=\"og:description\" content=\"Le restaurant sans gluten dell&#039; H\u00f4tel La Paul au Sirmione offre petits d\u00e9jeuners \u00e0 buffet, d\u00e9jeuner et d\u00eener pour vos vacances sans gluten en tout relax\" \/>\n<meta property=\"og:url\" content=\"https:\/\/www.hotellapaul.it\/fr\/restaurant-sans-gluten\/\" \/>\n<meta property=\"og:site_name\" content=\"Hotel La Paul\" \/>\n<meta property=\"article:modified_time\" content=\"2026-04-18T11:16:14+00:00\" \/>\n<meta property=\"og:image\" content=\"https:\/\/www.hotellapaul.it\/wp-content\/uploads\/2015\/01\/senza-glutine-colazione-1.jpg\" \/>\n\t<meta property=\"og:image:width\" content=\"144\" \/>\n\t<meta property=\"og:image:height\" content=\"115\" \/>\n\t<meta property=\"og:image:type\" content=\"image\/jpeg\" \/>\n<meta name=\"twitter:card\" content=\"summary_large_image\" \/>\n<meta name=\"twitter:label1\" content=\"Dur\u00e9e de lecture estim\u00e9e\" \/>\n\t<meta name=\"twitter:data1\" content=\"5 minutes\" \/>\n<script type=\"application\/ld+json\" class=\"yoast-schema-graph\">{\"@context\":\"https:\\\/\\\/schema.org\",\"@graph\":[{\"@type\":\"WebPage\",\"@id\":\"https:\\\/\\\/www.hotellapaul.it\\\/fr\\\/restaurant-sans-gluten\\\/\",\"url\":\"https:\\\/\\\/www.hotellapaul.it\\\/fr\\\/restaurant-sans-gluten\\\/\",\"name\":\"Restaurant sans gluten Hotel La Paul au Sirmione\",\"isPartOf\":{\"@id\":\"https:\\\/\\\/www.hotellapaul.it\\\/#website\"},\"primaryImageOfPage\":{\"@id\":\"https:\\\/\\\/www.hotellapaul.it\\\/fr\\\/restaurant-sans-gluten\\\/#primaryimage\"},\"image\":{\"@id\":\"https:\\\/\\\/www.hotellapaul.it\\\/fr\\\/restaurant-sans-gluten\\\/#primaryimage\"},\"thumbnailUrl\":\"https:\\\/\\\/www.hotellapaul.it\\\/wp-content\\\/uploads\\\/2015\\\/01\\\/senza-glutine-colazione-1.jpg\",\"datePublished\":\"2015-01-23T11:51:03+00:00\",\"dateModified\":\"2026-04-18T11:16:14+00:00\",\"description\":\"Le restaurant sans gluten dell' H\u00f4tel La Paul au Sirmione offre petits d\u00e9jeuners \u00e0 buffet, d\u00e9jeuner et d\u00eener pour vos vacances sans gluten en tout relax\",\"breadcrumb\":{\"@id\":\"https:\\\/\\\/www.hotellapaul.it\\\/fr\\\/restaurant-sans-gluten\\\/#breadcrumb\"},\"inLanguage\":\"fr-FR\",\"potentialAction\":[{\"@type\":\"ReadAction\",\"target\":[\"https:\\\/\\\/www.hotellapaul.it\\\/fr\\\/restaurant-sans-gluten\\\/\"]}]},{\"@type\":\"ImageObject\",\"inLanguage\":\"fr-FR\",\"@id\":\"https:\\\/\\\/www.hotellapaul.it\\\/fr\\\/restaurant-sans-gluten\\\/#primaryimage\",\"url\":\"https:\\\/\\\/www.hotellapaul.it\\\/wp-content\\\/uploads\\\/2015\\\/01\\\/senza-glutine-colazione-1.jpg\",\"contentUrl\":\"https:\\\/\\\/www.hotellapaul.it\\\/wp-content\\\/uploads\\\/2015\\\/01\\\/senza-glutine-colazione-1.jpg\"},{\"@type\":\"BreadcrumbList\",\"@id\":\"https:\\\/\\\/www.hotellapaul.it\\\/fr\\\/restaurant-sans-gluten\\\/#breadcrumb\",\"itemListElement\":[{\"@type\":\"ListItem\",\"position\":1,\"name\":\"Home\",\"item\":\"https:\\\/\\\/www.hotellapaul.it\\\/fr\\\/\"},{\"@type\":\"ListItem\",\"position\":2,\"name\":\"Restaurant sans gluten\"}]},{\"@type\":\"WebSite\",\"@id\":\"https:\\\/\\\/www.hotellapaul.it\\\/#website\",\"url\":\"https:\\\/\\\/www.hotellapaul.it\\\/\",\"name\":\"Hotel La Paul\",\"description\":\"Hotel dal 1958 a Sirmione\",\"potentialAction\":[{\"@type\":\"SearchAction\",\"target\":{\"@type\":\"EntryPoint\",\"urlTemplate\":\"https:\\\/\\\/www.hotellapaul.it\\\/?s={search_term_string}\"},\"query-input\":{\"@type\":\"PropertyValueSpecification\",\"valueRequired\":true,\"valueName\":\"search_term_string\"}}],\"inLanguage\":\"fr-FR\"}]}<\/script>\n<!-- \/ Yoast SEO plugin. -->","yoast_head_json":{"title":"Restaurant sans gluten Hotel La Paul au Sirmione","description":"Le restaurant sans gluten dell' H\u00f4tel La Paul au Sirmione offre petits d\u00e9jeuners \u00e0 buffet, d\u00e9jeuner et d\u00eener pour vos vacances sans gluten en tout relax","robots":{"index":"index","follow":"follow","max-snippet":"max-snippet:-1","max-image-preview":"max-image-preview:large","max-video-preview":"max-video-preview:-1"},"canonical":"https:\/\/www.hotellapaul.it\/fr\/restaurant-sans-gluten\/","og_locale":"fr_FR","og_type":"article","og_title":"Restaurant sans gluten Hotel La Paul au Sirmione","og_description":"Le restaurant sans gluten dell' H\u00f4tel La Paul au Sirmione offre petits d\u00e9jeuners \u00e0 buffet, d\u00e9jeuner et d\u00eener pour vos vacances sans gluten en tout relax","og_url":"https:\/\/www.hotellapaul.it\/fr\/restaurant-sans-gluten\/","og_site_name":"Hotel La Paul","article_modified_time":"2026-04-18T11:16:14+00:00","og_image":[{"width":144,"height":115,"url":"https:\/\/www.hotellapaul.it\/wp-content\/uploads\/2015\/01\/senza-glutine-colazione-1.jpg","type":"image\/jpeg"}],"twitter_card":"summary_large_image","twitter_misc":{"Dur\u00e9e de lecture estim\u00e9e":"5 minutes"},"schema":{"@context":"https:\/\/schema.org","@graph":[{"@type":"WebPage","@id":"https:\/\/www.hotellapaul.it\/fr\/restaurant-sans-gluten\/","url":"https:\/\/www.hotellapaul.it\/fr\/restaurant-sans-gluten\/","name":"Restaurant sans gluten Hotel La Paul au Sirmione","isPartOf":{"@id":"https:\/\/www.hotellapaul.it\/#website"},"primaryImageOfPage":{"@id":"https:\/\/www.hotellapaul.it\/fr\/restaurant-sans-gluten\/#primaryimage"},"image":{"@id":"https:\/\/www.hotellapaul.it\/fr\/restaurant-sans-gluten\/#primaryimage"},"thumbnailUrl":"https:\/\/www.hotellapaul.it\/wp-content\/uploads\/2015\/01\/senza-glutine-colazione-1.jpg","datePublished":"2015-01-23T11:51:03+00:00","dateModified":"2026-04-18T11:16:14+00:00","description":"Le restaurant sans gluten dell' H\u00f4tel La Paul au Sirmione offre petits d\u00e9jeuners \u00e0 buffet, d\u00e9jeuner et d\u00eener pour vos vacances sans gluten en tout relax","breadcrumb":{"@id":"https:\/\/www.hotellapaul.it\/fr\/restaurant-sans-gluten\/#breadcrumb"},"inLanguage":"fr-FR","potentialAction":[{"@type":"ReadAction","target":["https:\/\/www.hotellapaul.it\/fr\/restaurant-sans-gluten\/"]}]},{"@type":"ImageObject","inLanguage":"fr-FR","@id":"https:\/\/www.hotellapaul.it\/fr\/restaurant-sans-gluten\/#primaryimage","url":"https:\/\/www.hotellapaul.it\/wp-content\/uploads\/2015\/01\/senza-glutine-colazione-1.jpg","contentUrl":"https:\/\/www.hotellapaul.it\/wp-content\/uploads\/2015\/01\/senza-glutine-colazione-1.jpg"},{"@type":"BreadcrumbList","@id":"https:\/\/www.hotellapaul.it\/fr\/restaurant-sans-gluten\/#breadcrumb","itemListElement":[{"@type":"ListItem","position":1,"name":"Home","item":"https:\/\/www.hotellapaul.it\/fr\/"},{"@type":"ListItem","position":2,"name":"Restaurant sans gluten"}]},{"@type":"WebSite","@id":"https:\/\/www.hotellapaul.it\/#website","url":"https:\/\/www.hotellapaul.it\/","name":"Hotel La Paul","description":"Hotel dal 1958 a Sirmione","potentialAction":[{"@type":"SearchAction","target":{"@type":"EntryPoint","urlTemplate":"https:\/\/www.hotellapaul.it\/?s={search_term_string}"},"query-input":{"@type":"PropertyValueSpecification","valueRequired":true,"valueName":"search_term_string"}}],"inLanguage":"fr-FR"}]}},"_links":{"self":[{"href":"https:\/\/www.hotellapaul.it\/fr\/wp-json\/wp\/v2\/pages\/462","targetHints":{"allow":["GET"]}}],"collection":[{"href":"https:\/\/www.hotellapaul.it\/fr\/wp-json\/wp\/v2\/pages"}],"about":[{"href":"https:\/\/www.hotellapaul.it\/fr\/wp-json\/wp\/v2\/types\/page"}],"author":[{"embeddable":true,"href":"https:\/\/www.hotellapaul.it\/fr\/wp-json\/wp\/v2\/users\/1"}],"replies":[{"embeddable":true,"href":"https:\/\/www.hotellapaul.it\/fr\/wp-json\/wp\/v2\/comments?post=462"}],"version-history":[{"count":1,"href":"https:\/\/www.hotellapaul.it\/fr\/wp-json\/wp\/v2\/pages\/462\/revisions"}],"predecessor-version":[{"id":11759,"href":"https:\/\/www.hotellapaul.it\/fr\/wp-json\/wp\/v2\/pages\/462\/revisions\/11759"}],"wp:attachment":[{"href":"https:\/\/www.hotellapaul.it\/fr\/wp-json\/wp\/v2\/media?parent=462"}],"curies":[{"name":"wp","href":"https:\/\/api.w.org\/{rel}","templated":true}]}}