{"id":458,"date":"2015-01-20T14:48:30","date_gmt":"2015-01-20T13:48:30","guid":{"rendered":"https:\/\/www.hotellapaul.it\/?page_id=458"},"modified":"2026-01-03T11:41:45","modified_gmt":"2026-01-03T10:41:45","slug":"reunions","status":"publish","type":"page","link":"https:\/\/www.hotellapaul.it\/fr\/reunions\/","title":{"rendered":"Reunions"},"content":{"rendered":"\n<h4 class=\"wp-block-heading\">Reunions \u00e0 hotel La Paul au bord du lac<\/h4>\n\n\n\n<p>Pour une rencontre de travail dans un milieu informel sur les bords du lac de Garda, o\u00f9 pouvoir assortir travail au relax. La salle r\u00e9unions il est vitrail avec vue sur la piscine. La disposition est selon l&rsquo;exigence du client, la capacit\u00e9 est d&rsquo;environ 70 places \u00e0 s&rsquo;asseoir.<\/p>\n\n\n\n<p>Services pour reunions<\/p>\n\n\n\n<p>sale compl\u00e8tement oscurabile &#8211; tableau \u00e0 feuilles &#8211; amplification &#8211; service fax &#8211; projecteur pour ordinateur &#8211; projecteur diapositives &#8211; service photocopies &#8211; \u00e9cran g\u00e9ant 200&#215;250 cm &#8211; connexion wi-fi<\/p>\n\n\n\n<p>Restauration pour reunions<br>coffee break &#8211; brunchs &#8211; d\u00e9jeuners de travail &#8211; d\u00eeners pour les entreprises avec du menu particuliers aptes \u00e0 chaque besoin<\/p>\n","protected":false},"excerpt":{"rendered":"<p>Reunions \u00e0 hotel La Paul au bord du lac Pour une rencontre [&hellip;]<\/p>\n","protected":false},"author":1,"featured_media":0,"parent":0,"menu_order":84,"comment_status":"open","ping_status":"closed","template":"","meta":{"_acf_changed":false,"footnotes":""},"class_list":["post-458","page","type-page","status-publish","hentry"],"acf":[],"yoast_head":"<!-- This site is optimized with the Yoast SEO plugin v27.4 - https:\/\/yoast.com\/product\/yoast-seo-wordpress\/ -->\n<title>Reunions \u00e0 l&#039;H\u00f4tel La Paul \u00e0 Sirmione sur le lac de Garde<\/title>\n<meta name=\"description\" content=\"Reunions \u00e0 l&#039;H\u00f4tel La Paul \u00e0 Sirmione, le travail au bord du lac de Garde, des r\u00e9unions d&#039;affaires dans un cadre informel de combiner travail et d\u00e9tente\" \/>\n<meta name=\"robots\" content=\"index, follow, max-snippet:-1, max-image-preview:large, max-video-preview:-1\" \/>\n<link rel=\"canonical\" href=\"https:\/\/www.hotellapaul.it\/meeting\/\" \/>\n<meta property=\"og:locale\" content=\"fr_FR\" \/>\n<meta property=\"og:type\" content=\"article\" \/>\n<meta property=\"og:title\" content=\"Reunions \u00e0 l&#039;H\u00f4tel La Paul \u00e0 Sirmione sur le lac de Garde\" \/>\n<meta property=\"og:description\" content=\"Reunions \u00e0 l&#039;H\u00f4tel La Paul \u00e0 Sirmione, le travail au bord du lac de Garde, des r\u00e9unions d&#039;affaires dans un cadre informel de combiner travail et d\u00e9tente\" \/>\n<meta property=\"og:url\" content=\"https:\/\/www.hotellapaul.it\/meeting\/\" \/>\n<meta property=\"og:site_name\" content=\"Hotel La Paul\" \/>\n<meta property=\"article:modified_time\" content=\"2026-01-03T10:41:45+00:00\" \/>\n<meta name=\"twitter:card\" content=\"summary_large_image\" \/>\n<meta name=\"twitter:label1\" content=\"Dur\u00e9e de lecture estim\u00e9e\" \/>\n\t<meta name=\"twitter:data1\" content=\"1 minute\" \/>\n<script type=\"application\/ld+json\" class=\"yoast-schema-graph\">{\"@context\":\"https:\\\/\\\/schema.org\",\"@graph\":[{\"@type\":\"WebPage\",\"@id\":\"https:\\\/\\\/www.hotellapaul.it\\\/meeting\\\/\",\"url\":\"https:\\\/\\\/www.hotellapaul.it\\\/meeting\\\/\",\"name\":\"Reunions \u00e0 l'H\u00f4tel La Paul \u00e0 Sirmione sur le lac de Garde\",\"isPartOf\":{\"@id\":\"https:\\\/\\\/www.hotellapaul.it\\\/#website\"},\"datePublished\":\"2015-01-20T13:48:30+00:00\",\"dateModified\":\"2026-01-03T10:41:45+00:00\",\"description\":\"Reunions \u00e0 l'H\u00f4tel La Paul \u00e0 Sirmione, le travail au bord du lac de Garde, des r\u00e9unions d'affaires dans un cadre informel de combiner travail et d\u00e9tente\",\"breadcrumb\":{\"@id\":\"https:\\\/\\\/www.hotellapaul.it\\\/meeting\\\/#breadcrumb\"},\"inLanguage\":\"fr-FR\",\"potentialAction\":[{\"@type\":\"ReadAction\",\"target\":[\"https:\\\/\\\/www.hotellapaul.it\\\/meeting\\\/\"]}]},{\"@type\":\"BreadcrumbList\",\"@id\":\"https:\\\/\\\/www.hotellapaul.it\\\/meeting\\\/#breadcrumb\",\"itemListElement\":[{\"@type\":\"ListItem\",\"position\":1,\"name\":\"Home\",\"item\":\"https:\\\/\\\/www.hotellapaul.it\\\/fr\\\/\"},{\"@type\":\"ListItem\",\"position\":2,\"name\":\"Reunions\"}]},{\"@type\":\"WebSite\",\"@id\":\"https:\\\/\\\/www.hotellapaul.it\\\/#website\",\"url\":\"https:\\\/\\\/www.hotellapaul.it\\\/\",\"name\":\"Hotel La Paul\",\"description\":\"Hotel dal 1958 a Sirmione\",\"potentialAction\":[{\"@type\":\"SearchAction\",\"target\":{\"@type\":\"EntryPoint\",\"urlTemplate\":\"https:\\\/\\\/www.hotellapaul.it\\\/?s={search_term_string}\"},\"query-input\":{\"@type\":\"PropertyValueSpecification\",\"valueRequired\":true,\"valueName\":\"search_term_string\"}}],\"inLanguage\":\"fr-FR\"}]}<\/script>\n<!-- \/ Yoast SEO plugin. -->","yoast_head_json":{"title":"Reunions \u00e0 l'H\u00f4tel La Paul \u00e0 Sirmione sur le lac de Garde","description":"Reunions \u00e0 l'H\u00f4tel La Paul \u00e0 Sirmione, le travail au bord du lac de Garde, des r\u00e9unions d'affaires dans un cadre informel de combiner travail et d\u00e9tente","robots":{"index":"index","follow":"follow","max-snippet":"max-snippet:-1","max-image-preview":"max-image-preview:large","max-video-preview":"max-video-preview:-1"},"canonical":"https:\/\/www.hotellapaul.it\/meeting\/","og_locale":"fr_FR","og_type":"article","og_title":"Reunions \u00e0 l'H\u00f4tel La Paul \u00e0 Sirmione sur le lac de Garde","og_description":"Reunions \u00e0 l'H\u00f4tel La Paul \u00e0 Sirmione, le travail au bord du lac de Garde, des r\u00e9unions d'affaires dans un cadre informel de combiner travail et d\u00e9tente","og_url":"https:\/\/www.hotellapaul.it\/meeting\/","og_site_name":"Hotel La Paul","article_modified_time":"2026-01-03T10:41:45+00:00","twitter_card":"summary_large_image","twitter_misc":{"Dur\u00e9e de lecture estim\u00e9e":"1 minute"},"schema":{"@context":"https:\/\/schema.org","@graph":[{"@type":"WebPage","@id":"https:\/\/www.hotellapaul.it\/meeting\/","url":"https:\/\/www.hotellapaul.it\/meeting\/","name":"Reunions \u00e0 l'H\u00f4tel La Paul \u00e0 Sirmione sur le lac de Garde","isPartOf":{"@id":"https:\/\/www.hotellapaul.it\/#website"},"datePublished":"2015-01-20T13:48:30+00:00","dateModified":"2026-01-03T10:41:45+00:00","description":"Reunions \u00e0 l'H\u00f4tel La Paul \u00e0 Sirmione, le travail au bord du lac de Garde, des r\u00e9unions d'affaires dans un cadre informel de combiner travail et d\u00e9tente","breadcrumb":{"@id":"https:\/\/www.hotellapaul.it\/meeting\/#breadcrumb"},"inLanguage":"fr-FR","potentialAction":[{"@type":"ReadAction","target":["https:\/\/www.hotellapaul.it\/meeting\/"]}]},{"@type":"BreadcrumbList","@id":"https:\/\/www.hotellapaul.it\/meeting\/#breadcrumb","itemListElement":[{"@type":"ListItem","position":1,"name":"Home","item":"https:\/\/www.hotellapaul.it\/fr\/"},{"@type":"ListItem","position":2,"name":"Reunions"}]},{"@type":"WebSite","@id":"https:\/\/www.hotellapaul.it\/#website","url":"https:\/\/www.hotellapaul.it\/","name":"Hotel La Paul","description":"Hotel dal 1958 a Sirmione","potentialAction":[{"@type":"SearchAction","target":{"@type":"EntryPoint","urlTemplate":"https:\/\/www.hotellapaul.it\/?s={search_term_string}"},"query-input":{"@type":"PropertyValueSpecification","valueRequired":true,"valueName":"search_term_string"}}],"inLanguage":"fr-FR"}]}},"_links":{"self":[{"href":"https:\/\/www.hotellapaul.it\/fr\/wp-json\/wp\/v2\/pages\/458","targetHints":{"allow":["GET"]}}],"collection":[{"href":"https:\/\/www.hotellapaul.it\/fr\/wp-json\/wp\/v2\/pages"}],"about":[{"href":"https:\/\/www.hotellapaul.it\/fr\/wp-json\/wp\/v2\/types\/page"}],"author":[{"embeddable":true,"href":"https:\/\/www.hotellapaul.it\/fr\/wp-json\/wp\/v2\/users\/1"}],"replies":[{"embeddable":true,"href":"https:\/\/www.hotellapaul.it\/fr\/wp-json\/wp\/v2\/comments?post=458"}],"version-history":[{"count":0,"href":"https:\/\/www.hotellapaul.it\/fr\/wp-json\/wp\/v2\/pages\/458\/revisions"}],"wp:attachment":[{"href":"https:\/\/www.hotellapaul.it\/fr\/wp-json\/wp\/v2\/media?parent=458"}],"curies":[{"name":"wp","href":"https:\/\/api.w.org\/{rel}","templated":true}]}}