{"id":443,"date":"2014-11-05T18:04:36","date_gmt":"2014-11-05T17:04:36","guid":{"rendered":"https:\/\/www.hotellapaul.it\/?page_id=443"},"modified":"2026-02-27T14:38:25","modified_gmt":"2026-02-27T13:38:25","slug":"hotel-la-paul-sirmione","status":"publish","type":"page","link":"https:\/\/www.hotellapaul.it\/fr\/","title":{"rendered":"Hotel La Paul *** Sirmione"},"content":{"rendered":"    <div class=\"hero home-search full-height jarallax\" data-jarallax-video=\"https:\/\/www.youtube.com\/watch?v=uTwTU7scz5s\" data-speed=\"0.2\"  style=\"background-image:url('https:\/\/www.hotellapaul.it\/wp-content\/uploads\/2025\/01\/DJI_0249-3000-scaled-3.jpg'); background-size:cover; background-position:center;\">>\n        <div class=\"wrapper opacity-mask d-flex align-items-center justify-content-center text-center animate_hero\" data-opacity-mask=\"rgba(0, 0, 0, 0.5)\">\n            <div class=\"container\">\n                <small class=\"slide-animated one\">Pr\u00e8s du centre historique, avec parking priv\u00e9, jardin au bord du lac<\/small>                <h3 class=\"slide-animated two\">Hotel La Paul Sirmione<\/h3>                <div class=\"row justify-content-center slide-animated three\">\n                    <div class=\"col-6 mt-5 mb-3\">\n\t                \t\t\t\t\t\t<a target=\"_blank\" href=\"https:\/\/reservations.verticalbooking.com\/premium\/index.html?id_stile=19786&amp;lingua_int=fra&amp;id_albergo=25853&amp;dc=6560\" class=\"btn_1 big\">\n                            <span class=\"button-text\">R\u00e9servez maintenant<\/span>\n                        <\/a>                    \n                                        <\/div>\n                    <div class=\"col-6 mt-5 mb-3\">\n\t                \t\t\t\t\t\t<a target=\"_blank\" href=\"https:\/\/wa.me\/39030919140?text=Bonjour%2C%20pourriez-vous%20me%20rappeler%20%3F%20Merci\" class=\"btn_1 big colored\">\n                            <span class=\"button-text\">Call Back<\/span>\n                        <\/a>                    \n                    \t                    \n                    <\/div>\n                <\/div>\n            <\/div>\n            <div class=\"mouse_wp slide-animated four\">\n                <a href=\"#first_section\" class=\"btn_scrollto\">\n                    <div class=\"mouse\"><\/div>\n                <\/a>\n            <\/div>\n        <\/div>\n    <\/div>\n\n\n    <div>\n        <div class=\"container margin_120_95\" id=\"first_section\">\n            <div class=\"row justify-content-between flex-lg-row-reverse align-items-center\">\n\t           \n                <div class=\"col-lg-12\">\n                    <div class=\"intro\">\n                        <div class=\"title\">\n                            <small>L\u2019h\u00f4tel La Pa\u00fcl est id\u00e9al pour visiter Sirmione ou ses environs.<\/small>                            <h2>Hotel La Paul Sirmione<\/h2>                        <\/div>\n                        <p class=\"lead\">Hotel La Paul Sirmione \u00e0 proximit\u00e9 du centre historique<\/p>                        <p><!-- wp:paragraph --><\/p>\n<p><!-- wp:paragraph --><\/p>\n<p>Hotel La Paul se trouve \u00e0 Sirmione et \u00e0 quelques pas du <strong>ch\u00e2teau Scaligero<\/strong> et le pi\u00e9ton de la <strong>vieille ville<\/strong>, mais dans la zone de <strong>libre-acc\u00e8s pour les machines<\/strong>, sans avoir besoin de permis et un <strong>parking priv\u00e9<\/strong>. L&rsquo;h\u00f4tel est <strong>sur le lac<\/strong> avec <strong>grand jardin<\/strong>, plage priv\u00e9e, jet\u00e9e, piscine, kiosque dans le jardin pendant l&rsquo;\u00e9t\u00e9, un<strong>restaurant au bord du lac<\/strong> avec une<strong>cuisine sans gluten<\/strong>, PAS DE V\u00c9GANS, des <strong>v\u00e9los<\/strong>.<\/p>\n<p><!-- \/wp:paragraph --> <!-- wp:paragraph --><\/p>\n<p>Hotel La Paul est id\u00e9al pour <strong><a href=\"https:\/\/www.hotellapaul.it\/fr\/visiter-sirmione\/\">visiter Sirmione<\/a><\/strong> avec le\u00a0v\u00e9lo, le Terme di Sirmione, les parcs de Garde et la plupart des sites historiques du lac, faire un<strong> <a href=\"\/fr\/?page_id=452\">tour de v\u00e9lo<\/a><\/strong> \u00e0 Sirmione et ses environs, d\u00e9couvrir de nombreuses beaut\u00e9s de notre territoire.<\/p>\n<p><!-- \/wp:paragraph --> <!-- wp:paragraph --><\/p>\n<p>Sur notre site vous trouverez les meilleurs prix, offres et forfaits avec r\u00e9servation directe<\/p>\n<p><!-- \/wp:paragraph --><\/p>\n<p><!-- \/wp:paragraph --><\/p>\n                                                <p>\n\t                       <a target=\"_blank\" href=\"https:\/\/reservations.verticalbooking.com\/premium\/index.html?id_stile=19786&#038;lingua_int=fra&#038;id_albergo=25853&#038;dc=6560\" class=\"btn_4 learn-more\">\n                                <span class=\"circle\">\n                                    <span class=\"icon arrow\"><\/span>\n                                <\/span>\n                                <span class=\"button-text\">R\u00e9servez maintenant<\/span>\n                            <\/a> \n                        <\/p>\n                                            <\/div>\n                <\/div>            \n                        <\/div>\n        <\/div>\n    <\/div>\n    \n\n\n        <div class=\"bg_white\">\n            <div class=\"container margin_120_95\">\n                <div class=\"title mb-3\">\n                    <small data-cue=\"slideInUp\">D\u00c9COUVREZ NOS OFFRES<\/small>                    <h2 data-cue=\"slideInUp\" data-delay=\"200\">Offres<\/h2>                <\/div>\n                <div class=\"row justify-content-center home items-row\">\n\t                \n                    <div class=\"item col-xl-4 col-lg-6\">\n                        <a href=\"https:\/\/www.hotellapaul.it\/fr\/offre-automne-sirmione\/\" class=\"box_contents\" data-cue=\"slideInUp\" data-delay=\"300\">\n\t\t\t\t\t         \t\t\t\t\t            <figure><img loading=\"lazy\" decoding=\"async\" width=\"1024\" height=\"768\" src=\"https:\/\/www.hotellapaul.it\/wp-content\/uploads\/2015\/06\/Autunno-a-sirmione-1024x768-1.jpg\" class=\"img-fluid wp-post-image\" alt=\"\" srcset=\"https:\/\/www.hotellapaul.it\/wp-content\/uploads\/2015\/06\/Autunno-a-sirmione-1024x768-1.jpg 1024w, https:\/\/www.hotellapaul.it\/wp-content\/uploads\/2015\/06\/Autunno-a-sirmione-1024x768-1-800x600.jpg 800w\" sizes=\"auto, (max-width: 1024px) 100vw, 1024px\" \/><\/figure>\n\t\t\t\t\t                                   \n                            <div class=\"wrapper\">\n                                <small>Offres H\u00f4tel<span><\/span><\/small>\n                                <h2 class=\"mb-0\">Offre Automne Sirmione<\/h2>\n                                <em>Lire<\/em>\n                            <\/div>\n                        <\/a>\n                    <\/div>\n\t\t\t\t    \n                    <div class=\"item col-xl-4 col-lg-6\">\n                        <a href=\"https:\/\/www.hotellapaul.it\/fr\/offre-ete-sirmione\/\" class=\"box_contents\" data-cue=\"slideInUp\" data-delay=\"300\">\n\t\t\t\t\t         \t\t\t\t\t            <figure><img loading=\"lazy\" decoding=\"async\" width=\"1024\" height=\"768\" src=\"https:\/\/www.hotellapaul.it\/wp-content\/uploads\/2016\/01\/estate-sul-garda-1024X768.jpg\" class=\"img-fluid wp-post-image\" alt=\"\" srcset=\"https:\/\/www.hotellapaul.it\/wp-content\/uploads\/2016\/01\/estate-sul-garda-1024X768.jpg 1024w, https:\/\/www.hotellapaul.it\/wp-content\/uploads\/2016\/01\/estate-sul-garda-1024X768-800x600.jpg 800w\" sizes=\"auto, (max-width: 1024px) 100vw, 1024px\" \/><\/figure>\n\t\t\t\t\t                                   \n                            <div class=\"wrapper\">\n                                <small>Offres H\u00f4tel<span><\/span><\/small>\n                                <h2 class=\"mb-0\">Offre \u00c9t\u00e9 Sirmione<\/h2>\n                                <em>Lire<\/em>\n                            <\/div>\n                        <\/a>\n                    <\/div>\n\t\t\t\t    \n                    <div class=\"item col-xl-4 col-lg-6\">\n                        <a href=\"https:\/\/www.hotellapaul.it\/fr\/coffrets-cadeaux-sirmione\/\" class=\"box_contents\" data-cue=\"slideInUp\" data-delay=\"300\">\n\t\t\t\t\t         \t\t\t\t\t            <figure><img loading=\"lazy\" decoding=\"async\" width=\"400\" height=\"401\" src=\"https:\/\/www.hotellapaul.it\/wp-content\/uploads\/2015\/05\/cofanetto-idea-regalo-.gif\" class=\"img-fluid wp-post-image\" alt=\"cofanetto-idea-regalo-\" \/><\/figure>\n\t\t\t\t\t                                   \n                            <div class=\"wrapper\">\n                                <small>Offres H\u00f4tel<span><\/span><\/small>\n                                <h2 class=\"mb-0\">Coffrets Cadeaux Sirmione<\/h2>\n                                <em>Lire<\/em>\n                            <\/div>\n                        <\/a>\n                    <\/div>\n\t\t\t\t\t\t\t\t                <\/div>\n                                <p class=\"text-end\"><a href=\"https:\/\/www.hotellapaul.it\/fr\/category\/offres-hotel\/\" class=\"btn_1 outline mt-2\" data-cue=\"slideInUp\" data-delay=\"600\">D\u00e9couvrez nos offres<\/a><\/p>\n                            <\/div>\n        <\/div>\n\t\t\n\n    <div class=\"container margin_120_95\">\n        <div class=\"title mb-4\">\n            <small data-cue=\"slideInUp\">Disponibilit\u00e9 et accueil<\/small>            <h2 data-cue=\"slideInUp\"  data-delay=\"200\">\u00c9tablissements li\u00e9s<\/h2>        <\/div>\n        <div data-cues=\"zoomIn\" data-delay=\"200\">\n            <div class=\"owl-carousel owl-theme carousel_item_centered_rooms rounded-img\">\n\t            \n                <div class=\"item\">\n                    <a _self href=\"https:\/\/smeraldosirmione.com\/\" class=\"box_cat_rooms\">\n                        <figure>\n                            <div class=\"background-image\" data-background=\"url(https:\/\/www.hotellapaul.it\/wp-content\/uploads\/2026\/01\/hotel-smeraldo.webp)\"><\/div>\n                            <div class=\"info\">\n                                <h3>Hotel Smeraldo<\/h3>\n                                <span>Visita<\/span>\n                            <\/div>\n                        <\/figure>\n                    <\/a>\n                <\/div>\n\t\t\t    \n                <div class=\"item\">\n                    <a _self href=\"https:\/\/ristorantecanneto.it\/\" class=\"box_cat_rooms\">\n                        <figure>\n                            <div class=\"background-image\" data-background=\"url(https:\/\/www.hotellapaul.it\/wp-content\/uploads\/2026\/01\/ristorante-canneto.webp)\"><\/div>\n                            <div class=\"info\">\n                                <h3>Ristorante il Canneto<\/h3>\n                                <span>Visita<\/span>\n                            <\/div>\n                        <\/figure>\n                    <\/a>\n                <\/div>\n\t\t\t    \n                <div class=\"item\">\n                    <a _self href=\"https:\/\/villa-canneto.it\/\" class=\"box_cat_rooms\">\n                        <figure>\n                            <div class=\"background-image\" data-background=\"url(https:\/\/www.hotellapaul.it\/wp-content\/uploads\/2026\/01\/villa-canneto.webp)\"><\/div>\n                            <div class=\"info\">\n                                <h3>Villa Canneto<\/h3>\n                                <span>Visita<\/span>\n                            <\/div>\n                        <\/figure>\n                    <\/a>\n                <\/div>\n\t\t\t            <\/div>\n        <\/div>\n    <\/div>\n\n\n        <div class=\"bg_white\">\n            <div class=\"container margin_120_95\">\n                <div class=\"title mb-3\">\n                    <small data-cue=\"slideInUp\">TOUS LES \u00c9V\u00c9NEMENTS \u00c0 SIRMIONE<\/small>                    <h2 data-cue=\"slideInUp\" data-delay=\"200\">\u00c9v\u00e9nements<\/h2>                <\/div>\n                <div class=\"row justify-content-center home items-row\">\n\t                \n                    <div class=\"item col-xl-4 col-lg-6\">\n                        <a href=\"https:\/\/www.hotellapaul.it\/fr\/hotel-verona-foire\/\" class=\"box_contents\" data-cue=\"slideInUp\" data-delay=\"300\">\n\t\t\t\t\t         \t\t\t\t\t            <figure><img loading=\"lazy\" decoding=\"async\" width=\"1024\" height=\"768\" src=\"https:\/\/www.hotellapaul.it\/wp-content\/uploads\/2018\/07\/fiera-verona-1024x768-1.jpg\" class=\"img-fluid wp-post-image\" alt=\"\" srcset=\"https:\/\/www.hotellapaul.it\/wp-content\/uploads\/2018\/07\/fiera-verona-1024x768-1.jpg 1024w, https:\/\/www.hotellapaul.it\/wp-content\/uploads\/2018\/07\/fiera-verona-1024x768-1-800x600.jpg 800w\" sizes=\"auto, (max-width: 1024px) 100vw, 1024px\" \/><\/figure>\n\t\t\t\t\t                                   \n                            <div class=\"wrapper\">\n                                <small>\u00c9v\u00e9nements<span><\/span><\/small>\n                                <h2 class=\"mb-0\">Hotel Verona Foire<\/h2>\n                                <em>Lire<\/em>\n                            <\/div>\n                        <\/a>\n                    <\/div>\n\t\t\t\t    \n                    <div class=\"item col-xl-4 col-lg-6\">\n                        <a href=\"https:\/\/www.hotellapaul.it\/fr\/visites-guidees-sirmione-lac-de-garde\/\" class=\"box_contents\" data-cue=\"slideInUp\" data-delay=\"300\">\n\t\t\t\t\t         \t\t\t\t\t            <figure><img loading=\"lazy\" decoding=\"async\" width=\"1024\" height=\"768\" src=\"https:\/\/www.hotellapaul.it\/wp-content\/uploads\/2016\/05\/Sirmione-1024x768-1.jpg\" class=\"img-fluid wp-post-image\" alt=\"\" srcset=\"https:\/\/www.hotellapaul.it\/wp-content\/uploads\/2016\/05\/Sirmione-1024x768-1.jpg 1024w, https:\/\/www.hotellapaul.it\/wp-content\/uploads\/2016\/05\/Sirmione-1024x768-1-800x600.jpg 800w\" sizes=\"auto, (max-width: 1024px) 100vw, 1024px\" \/><\/figure>\n\t\t\t\t\t                                   \n                            <div class=\"wrapper\">\n                                <small>\u00c9v\u00e9nements<span><\/span><\/small>\n                                <h2 class=\"mb-0\">Visites guid\u00e9es Sirmione<\/h2>\n                                <em>Lire<\/em>\n                            <\/div>\n                        <\/a>\n                    <\/div>\n\t\t\t\t    \n                    <div class=\"item col-xl-4 col-lg-6\">\n                        <a href=\"https:\/\/www.hotellapaul.it\/fr\/1000-miglia-sirmione-2\/\" class=\"box_contents\" data-cue=\"slideInUp\" data-delay=\"300\">\n\t\t\t\t\t         \t\t\t\t\t            <figure><img loading=\"lazy\" decoding=\"async\" width=\"1024\" height=\"768\" src=\"https:\/\/www.hotellapaul.it\/wp-content\/uploads\/2015\/12\/1000-miglia-1024x768-1-1.jpg\" class=\"img-fluid wp-post-image\" alt=\"1000 Miglia - Mille Miglia\" \/><\/figure>\n\t\t\t\t\t                                   \n                            <div class=\"wrapper\">\n                                <small>\u00c9v\u00e9nements<span><\/span><\/small>\n                                <h2 class=\"mb-0\">1000 Miglia Sirmione<\/h2>\n                                <em>Lire<\/em>\n                            <\/div>\n                        <\/a>\n                    <\/div>\n\t\t\t\t\t\t\t\t                <\/div>\n                                <p class=\"text-end\"><a href=\"https:\/\/www.hotellapaul.it\/fr\/category\/evenements-en-sirmione\/\" class=\"btn_1 outline mt-2\" data-cue=\"slideInUp\" data-delay=\"600\">D\u00e9couvrez les \u00e9v\u00e9nements<\/a><\/p>\n                            <\/div>\n        <\/div>\n\t\t","protected":false},"excerpt":{"rendered":"","protected":false},"author":1,"featured_media":11522,"parent":0,"menu_order":38,"comment_status":"open","ping_status":"closed","template":"","meta":{"_acf_changed":false,"footnotes":""},"class_list":["post-443","page","type-page","status-publish","has-post-thumbnail","hentry"],"acf":[],"yoast_head":"<!-- This site is optimized with the Yoast SEO plugin v27.5 - https:\/\/yoast.com\/product\/yoast-seo-wordpress\/ -->\n<title>Hotel La Paul | Sirmione | SITE OFFICIEL| Prix le plus bas<\/title>\n<meta name=\"description\" content=\"Hotel La Paul au Sirmione pr\u00e8s du la vieille ville, sur le lac de Garde aux deux pas du Ch\u00e2teau, R\u00c9SERVATION DIRECTE avec les MEILLEURS PRIX\" \/>\n<meta name=\"robots\" content=\"index, follow, max-snippet:-1, max-image-preview:large, max-video-preview:-1\" \/>\n<link rel=\"canonical\" href=\"https:\/\/www.hotellapaul.it\/fr\/\" \/>\n<meta property=\"og:locale\" content=\"fr_FR\" \/>\n<meta property=\"og:type\" content=\"article\" \/>\n<meta property=\"og:title\" content=\"Hotel La Paul | Sirmione | SITE OFFICIEL| Prix le plus bas\" \/>\n<meta property=\"og:description\" content=\"Hotel La Paul au Sirmione pr\u00e8s du la vieille ville, sur le lac de Garde aux deux pas du Ch\u00e2teau, R\u00c9SERVATION DIRECTE avec les MEILLEURS PRIX\" \/>\n<meta property=\"og:url\" content=\"https:\/\/www.hotellapaul.it\/fr\/\" \/>\n<meta property=\"og:site_name\" content=\"Hotel La Paul\" \/>\n<meta property=\"article:modified_time\" content=\"2026-02-27T13:38:25+00:00\" \/>\n<meta property=\"og:image\" content=\"https:\/\/www.hotellapaul.it\/wp-content\/uploads\/2025\/01\/DJI_0249-3000-scaled-3.jpg\" \/>\n\t<meta property=\"og:image:width\" content=\"2560\" \/>\n\t<meta property=\"og:image:height\" content=\"1920\" \/>\n\t<meta property=\"og:image:type\" content=\"image\/jpeg\" \/>\n<meta name=\"twitter:card\" content=\"summary_large_image\" \/>\n<meta name=\"twitter:label1\" content=\"Dur\u00e9e de lecture estim\u00e9e\" \/>\n\t<meta name=\"twitter:data1\" content=\"1 minute\" \/>\n<script type=\"application\/ld+json\" class=\"yoast-schema-graph\">{\"@context\":\"https:\\\/\\\/schema.org\",\"@graph\":[{\"@type\":\"WebPage\",\"@id\":\"https:\\\/\\\/www.hotellapaul.it\\\/fr\\\/\",\"url\":\"https:\\\/\\\/www.hotellapaul.it\\\/fr\\\/\",\"name\":\"Hotel La Paul | Sirmione | SITE OFFICIEL| Prix le plus bas\",\"isPartOf\":{\"@id\":\"https:\\\/\\\/www.hotellapaul.it\\\/#website\"},\"primaryImageOfPage\":{\"@id\":\"https:\\\/\\\/www.hotellapaul.it\\\/fr\\\/#primaryimage\"},\"image\":{\"@id\":\"https:\\\/\\\/www.hotellapaul.it\\\/fr\\\/#primaryimage\"},\"thumbnailUrl\":\"https:\\\/\\\/www.hotellapaul.it\\\/wp-content\\\/uploads\\\/2025\\\/01\\\/DJI_0249-3000-scaled-3.jpg\",\"datePublished\":\"2014-11-05T17:04:36+00:00\",\"dateModified\":\"2026-02-27T13:38:25+00:00\",\"description\":\"Hotel La Paul au Sirmione pr\u00e8s du la vieille ville, sur le lac de Garde aux deux pas du Ch\u00e2teau, R\u00c9SERVATION DIRECTE avec les MEILLEURS PRIX\",\"breadcrumb\":{\"@id\":\"https:\\\/\\\/www.hotellapaul.it\\\/fr\\\/#breadcrumb\"},\"inLanguage\":\"fr-FR\",\"potentialAction\":[{\"@type\":\"ReadAction\",\"target\":[\"https:\\\/\\\/www.hotellapaul.it\\\/fr\\\/\"]}]},{\"@type\":\"ImageObject\",\"inLanguage\":\"fr-FR\",\"@id\":\"https:\\\/\\\/www.hotellapaul.it\\\/fr\\\/#primaryimage\",\"url\":\"https:\\\/\\\/www.hotellapaul.it\\\/wp-content\\\/uploads\\\/2025\\\/01\\\/DJI_0249-3000-scaled-3.jpg\",\"contentUrl\":\"https:\\\/\\\/www.hotellapaul.it\\\/wp-content\\\/uploads\\\/2025\\\/01\\\/DJI_0249-3000-scaled-3.jpg\",\"width\":2560,\"height\":1920,\"caption\":\"DCIM100MEDIADJI_0249.JPG\"},{\"@type\":\"BreadcrumbList\",\"@id\":\"https:\\\/\\\/www.hotellapaul.it\\\/fr\\\/#breadcrumb\",\"itemListElement\":[{\"@type\":\"ListItem\",\"position\":1,\"name\":\"Home\",\"item\":\"https:\\\/\\\/www.hotellapaul.it\\\/fr\\\/\"},{\"@type\":\"ListItem\",\"position\":2,\"name\":\"Hotel La Paul *** Sirmione\"}]},{\"@type\":\"WebSite\",\"@id\":\"https:\\\/\\\/www.hotellapaul.it\\\/#website\",\"url\":\"https:\\\/\\\/www.hotellapaul.it\\\/\",\"name\":\"Hotel La Paul\",\"description\":\"Hotel dal 1958 a Sirmione\",\"potentialAction\":[{\"@type\":\"SearchAction\",\"target\":{\"@type\":\"EntryPoint\",\"urlTemplate\":\"https:\\\/\\\/www.hotellapaul.it\\\/?s={search_term_string}\"},\"query-input\":{\"@type\":\"PropertyValueSpecification\",\"valueRequired\":true,\"valueName\":\"search_term_string\"}}],\"inLanguage\":\"fr-FR\"}]}<\/script>\n<!-- \/ Yoast SEO plugin. -->","yoast_head_json":{"title":"Hotel La Paul | Sirmione | SITE OFFICIEL| Prix le plus bas","description":"Hotel La Paul au Sirmione pr\u00e8s du la vieille ville, sur le lac de Garde aux deux pas du Ch\u00e2teau, R\u00c9SERVATION DIRECTE avec les MEILLEURS PRIX","robots":{"index":"index","follow":"follow","max-snippet":"max-snippet:-1","max-image-preview":"max-image-preview:large","max-video-preview":"max-video-preview:-1"},"canonical":"https:\/\/www.hotellapaul.it\/fr\/","og_locale":"fr_FR","og_type":"article","og_title":"Hotel La Paul | Sirmione | SITE OFFICIEL| Prix le plus bas","og_description":"Hotel La Paul au Sirmione pr\u00e8s du la vieille ville, sur le lac de Garde aux deux pas du Ch\u00e2teau, R\u00c9SERVATION DIRECTE avec les MEILLEURS PRIX","og_url":"https:\/\/www.hotellapaul.it\/fr\/","og_site_name":"Hotel La Paul","article_modified_time":"2026-02-27T13:38:25+00:00","og_image":[{"width":2560,"height":1920,"url":"https:\/\/www.hotellapaul.it\/wp-content\/uploads\/2025\/01\/DJI_0249-3000-scaled-3.jpg","type":"image\/jpeg"}],"twitter_card":"summary_large_image","twitter_misc":{"Dur\u00e9e de lecture estim\u00e9e":"1 minute"},"schema":{"@context":"https:\/\/schema.org","@graph":[{"@type":"WebPage","@id":"https:\/\/www.hotellapaul.it\/fr\/","url":"https:\/\/www.hotellapaul.it\/fr\/","name":"Hotel La Paul | Sirmione | SITE OFFICIEL| Prix le plus bas","isPartOf":{"@id":"https:\/\/www.hotellapaul.it\/#website"},"primaryImageOfPage":{"@id":"https:\/\/www.hotellapaul.it\/fr\/#primaryimage"},"image":{"@id":"https:\/\/www.hotellapaul.it\/fr\/#primaryimage"},"thumbnailUrl":"https:\/\/www.hotellapaul.it\/wp-content\/uploads\/2025\/01\/DJI_0249-3000-scaled-3.jpg","datePublished":"2014-11-05T17:04:36+00:00","dateModified":"2026-02-27T13:38:25+00:00","description":"Hotel La Paul au Sirmione pr\u00e8s du la vieille ville, sur le lac de Garde aux deux pas du Ch\u00e2teau, R\u00c9SERVATION DIRECTE avec les MEILLEURS PRIX","breadcrumb":{"@id":"https:\/\/www.hotellapaul.it\/fr\/#breadcrumb"},"inLanguage":"fr-FR","potentialAction":[{"@type":"ReadAction","target":["https:\/\/www.hotellapaul.it\/fr\/"]}]},{"@type":"ImageObject","inLanguage":"fr-FR","@id":"https:\/\/www.hotellapaul.it\/fr\/#primaryimage","url":"https:\/\/www.hotellapaul.it\/wp-content\/uploads\/2025\/01\/DJI_0249-3000-scaled-3.jpg","contentUrl":"https:\/\/www.hotellapaul.it\/wp-content\/uploads\/2025\/01\/DJI_0249-3000-scaled-3.jpg","width":2560,"height":1920,"caption":"DCIM100MEDIADJI_0249.JPG"},{"@type":"BreadcrumbList","@id":"https:\/\/www.hotellapaul.it\/fr\/#breadcrumb","itemListElement":[{"@type":"ListItem","position":1,"name":"Home","item":"https:\/\/www.hotellapaul.it\/fr\/"},{"@type":"ListItem","position":2,"name":"Hotel La Paul *** Sirmione"}]},{"@type":"WebSite","@id":"https:\/\/www.hotellapaul.it\/#website","url":"https:\/\/www.hotellapaul.it\/","name":"Hotel La Paul","description":"Hotel dal 1958 a Sirmione","potentialAction":[{"@type":"SearchAction","target":{"@type":"EntryPoint","urlTemplate":"https:\/\/www.hotellapaul.it\/?s={search_term_string}"},"query-input":{"@type":"PropertyValueSpecification","valueRequired":true,"valueName":"search_term_string"}}],"inLanguage":"fr-FR"}]}},"_links":{"self":[{"href":"https:\/\/www.hotellapaul.it\/fr\/wp-json\/wp\/v2\/pages\/443","targetHints":{"allow":["GET"]}}],"collection":[{"href":"https:\/\/www.hotellapaul.it\/fr\/wp-json\/wp\/v2\/pages"}],"about":[{"href":"https:\/\/www.hotellapaul.it\/fr\/wp-json\/wp\/v2\/types\/page"}],"author":[{"embeddable":true,"href":"https:\/\/www.hotellapaul.it\/fr\/wp-json\/wp\/v2\/users\/1"}],"replies":[{"embeddable":true,"href":"https:\/\/www.hotellapaul.it\/fr\/wp-json\/wp\/v2\/comments?post=443"}],"version-history":[{"count":11,"href":"https:\/\/www.hotellapaul.it\/fr\/wp-json\/wp\/v2\/pages\/443\/revisions"}],"predecessor-version":[{"id":11683,"href":"https:\/\/www.hotellapaul.it\/fr\/wp-json\/wp\/v2\/pages\/443\/revisions\/11683"}],"wp:featuredmedia":[{"embeddable":true,"href":"https:\/\/www.hotellapaul.it\/fr\/wp-json\/wp\/v2\/media\/11522"}],"wp:attachment":[{"href":"https:\/\/www.hotellapaul.it\/fr\/wp-json\/wp\/v2\/media?parent=443"}],"curies":[{"name":"wp","href":"https:\/\/api.w.org\/{rel}","templated":true}]}}