{"id":8177,"date":"2016-03-29T06:48:33","date_gmt":"2016-03-29T04:48:33","guid":{"rendered":"https:\/\/www.hotellapaul.it\/carte-du-lacde-garde-sirmione\/"},"modified":"2026-01-03T11:42:00","modified_gmt":"2026-01-03T10:42:00","slug":"karte-vom-gardasee-sirmione","status":"publish","type":"page","link":"https:\/\/www.hotellapaul.it\/de\/karte-vom-gardasee-sirmione\/","title":{"rendered":"Karte vom Gardasee Sirmione"},"content":{"rendered":"\n<h2 class=\"wp-block-heading\">Karte vom Gardasee Sirmione<\/h2>\n\n\n\n<h3 class=\"wp-block-heading\">Sirmione liegt im Zentrum des unteren Gardasees, in einer optimalen Lage, um die St\u00e4dte Verona, Brescia und Mantua zu erreichen, ein obligatorischer Zwischenstopp f\u00fcr diejenigen, die zwischen Mailand und Venedig reisen.<\/h3>\n\n\n\n<p>Karte des Gardasees: Wenn Sie den Gardasee besuchen m\u00f6chten, starten Sie am besten in Sirmione. Hier finden Sie Informationen zur Anreise mit den wichtigsten Verkehrsmitteln: Flugzeug, Zug, Bus, Auto. Die wichtigsten Flugh\u00e4fen sind Bergamo Orio al Serio, Verona Villafranca, Mailand Malpensa; Mit der Autobahn sind die Ausfahrten in Sirmione, Desenzano, Peschiera; die Bahnlinie hat Haltestellen in Desenzano und Peschiera; Mit dem Bus gibt es die blaue Linie Verona-Brescia-Verona.<\/p>\n\n\n\n<p><span style=\"color: #0000ff;\"><strong>BUS<br><\/strong><\/span><\/p>\n\n\n\n<p>Es gibt Pflichthaltestellen und einige auf Anfrage. Die wichtigsten sind: Sirmione Zentrum (vor dem Schloss) und Sirmione Colombare und diese Linien halten hier:<\/p>\n\n\n\n<p>Blaue Linie: verbindet Sirmione mit den St\u00e4dten, es ist die blaue Linie der Linie Verona-Brescia-Verona, die Frequenz ist in der Saison fast st\u00fcndlich, au\u00dferhalb der Saison sind die Fahrpl\u00e4ne reduziert.<\/p>\n\n\n\n<p>Gelbe Linie: F\u00fcr Fahrten innerhalb der Gemeinde dient sie zur Fortbewegung zwischen dem Zentrum von Sirmione und den Ortsteilen Colombare, Lugana und Rovizza.<\/p>\n\n\n\n<p><strong>Link:<\/strong> <a href=\"http:\/\/www.arriva.it\/web\/guest\/results\/-\/search?q=orari+brescia+verona&amp;redirecting=true&amp;freesearch=true\" target=\"_blank\" rel=\"noopener\">Orari linea blu Verona-Brescia-Verona<\/a><\/p>\n\n\n\n<p><span style=\"color: #0000ff;\"><strong>ZUG<br><\/strong><\/span><\/p>\n\n\n\n<p>Die Linie ist Mailand-Venedig und die n\u00e4chstgelegenen Bahnh\u00f6fe sind der Bahnhof Desenzano und der Bahnhof Peschiera, die etwa 8 km entfernt sind. Von dort aus k\u00f6nnen Sie mit dem Bus (blaue Linie Verona-Brescia-Verona) oder mit dem Taxi (Kosten ca. 20 \u20ac) dorthin gelangen.<\/p>\n\n\n\n<p><strong>Link:<\/strong> <span style=\"color: #0000ff;\"><a style=\"color: #0000ff;\" href=\"http:\/\/www.trenitalia.com\/trenitalia.html\" target=\"_blank\" rel=\"noopener\">Sito ufficiale di Trenitalia<\/a><\/span><\/p>\n\n\n\n<p><span style=\"color: #0000ff;\"><strong>FLUGH\u00c4FEN<\/strong><\/span><\/p>\n\n\n\n<p><strong>Milano Malpensa:<\/strong>\u00a0Sie nehmen den Aerobus vom Flughafen zum Mail\u00e4nder Hauptbahnhof, nehmen den Zug zum Bahnhof Desenzano del Garda und k\u00f6nnen dann mit dem Bus (siehe Anweisungen \u201eBus\u201c) oder mit dem Taxi nach Sirmione fahren.<\/p>\n\n\n\n<p><strong>Bergamo \u2013 Orio al Serio \u2013 Caravaggio:<\/strong>\u00a0Nehmen Sie den Bus vom Flughafen zum Bahnhof Bergamo, nehmen Sie den Zug (siehe Anweisungen \u201eZug\u201c) nach Desenzano del Garda. Von dort aus k\u00f6nnen Sie Sirmione mit dem Bus (siehe Anweisungen \u201eBus\u201c) oder mit dem Taxi erreichen.<\/p>\n\n\n\n<p><strong>Montichiari \u2013 G. D\u2019Annunzio:<\/strong>\u00a0Nehmen Sie das Taxi bis zur Bushaltestelle vor dem Garda Fiera Center in Montichiari (\u00fcber Mantova), nehmen Sie den Bus bis zur Haltestelle Desenzano Bahnhof und nehmen Sie den Bus der blauen Linie nach Sirmione. oder nehmen Sie ein Taxi<\/p>\n\n\n\n<p><strong>Link:<\/strong> <span style=\"color: #0000ff;\"><a style=\"color: #0000ff;\" href=\"http:\/\/www.autostradale.it\/airports\/1\/3\/?lang=1\" target=\"_blank\" rel=\"noopener\">Aerobus (Malpensa-Stazione Milano Centrale)<\/a><\/span> &#8211; <span style=\"color: #0000ff;\"><a style=\"color: #0000ff;\" href=\"http:\/\/www.atb.bergamo.it\/ENG\/homepage.aspx\" target=\"_blank\" rel=\"noopener\">Airport Bus (Caravaggio-Bergamo Rail station)<\/a><\/span> &#8211; <span style=\"color: #0000ff;\"><a style=\"color: #0000ff;\" href=\"http:\/\/www.arriva.it\/web\/guest\/results\/-\/search?q=montichiari+sirmione&amp;redirecting=true&amp;freesearch=false\" target=\"_blank\" rel=\"noopener\">Bus Line Montichiari-Desenzano-Sirmione<\/a><\/span><\/p>\n\n\n\n<p><span style=\"color: #0000ff;\"><strong>TAXI<\/strong><\/span><\/p>\n\n\n\n<p>In Sirmione gibt es zwei Taxiparkpl\u00e4tze: einen vor dem Schloss von Sirmione, den anderen im Weiler Colombare, vor dem Hauptsitz der Banco Popolare.<\/p>\n\n\n\n<p>Nachfolgend finden Sie einige Hinweise zu den Taxipreisen:<\/p>\n\n\n\n<p>\u2013 Sirmione- Desenzano oppure Sirmione-Peschiera : um \u20ac 20<br>\u2013 Sirmione- Aeroporto di Verona Villafranca: um \u20ac 65<br>\u2013 Sirmione- Aeroporto di Bergamo Orio al Serio : um \u20ac 150<br>\u2013 Sirmione- Aeroporto di Milano Malpensa : um \u20ac 270<\/p>\n\n\n\n<p>Nachfolgend finden Sie die Verkehrskarte des Gardasees:<\/p>\n\n\n\n<figure class=\"wp-block-image\"><a href=\"https:\/\/www.hotellapaul.it\/wp-content\/uploads\/2016\/03\/milano-venezia-trasporti-r.jpg\" rel=\"attachment wp-att-2697\"><img decoding=\"async\" src=\"https:\/\/www.hotellapaul.it\/wp-content\/uploads\/2016\/03\/milano-venezia-trasporti-r-300x134.jpg\" alt=\"mappa Lago di Garda trasporti\" class=\"wp-image-2697\" title=\"mappa Lago di Garda trasporti\"\/><\/a><\/figure>\n","protected":false},"excerpt":{"rendered":"<p>Karte vom Gardasee Sirmione Sirmione liegt im Zentrum des unteren Gardasees, in [&hellip;]<\/p>\n","protected":false},"author":2,"featured_media":0,"parent":0,"menu_order":37,"comment_status":"closed","ping_status":"closed","template":"","meta":{"_acf_changed":false,"footnotes":""},"class_list":["post-8177","page","type-page","status-publish","hentry"],"acf":[],"yoast_head":"<!-- This site is optimized with the Yoast SEO plugin v27.6 - https:\/\/yoast.com\/product\/yoast-seo-wordpress\/ -->\n<title>Karte vom Gardasee\u00a0| Sirmione | Avion-train-bus-voiture<\/title>\n<meta name=\"description\" content=\"Karte vom Gardasee, Wie kommt man nach Sirmione mit dem Flugzeug, Zug, Bus, Auto? Links zu offiziellen Websites und Taxipreisen\" \/>\n<meta name=\"robots\" content=\"index, follow, max-snippet:-1, max-image-preview:large, max-video-preview:-1\" \/>\n<link rel=\"canonical\" href=\"https:\/\/www.hotellapaul.it\/de\/karte-vom-gardasee-sirmione\/\" \/>\n<meta property=\"og:locale\" content=\"de_DE\" \/>\n<meta property=\"og:type\" content=\"article\" \/>\n<meta property=\"og:title\" content=\"Karte vom Gardasee\u00a0| Sirmione | Avion-train-bus-voiture\" \/>\n<meta property=\"og:description\" content=\"Karte vom Gardasee, Wie kommt man nach Sirmione mit dem Flugzeug, Zug, Bus, Auto? Links zu offiziellen Websites und Taxipreisen\" \/>\n<meta property=\"og:url\" content=\"https:\/\/www.hotellapaul.it\/de\/karte-vom-gardasee-sirmione\/\" \/>\n<meta property=\"og:site_name\" content=\"Hotel La Paul\" \/>\n<meta property=\"article:modified_time\" content=\"2026-01-03T10:42:00+00:00\" \/>\n<meta property=\"og:image\" content=\"https:\/\/www.hotellapaul.it\/wp-content\/uploads\/2016\/03\/milano-venezia-trasporti-r.jpg\" \/>\n\t<meta property=\"og:image:width\" content=\"900\" \/>\n\t<meta property=\"og:image:height\" content=\"402\" \/>\n\t<meta property=\"og:image:type\" content=\"image\/jpeg\" \/>\n<meta name=\"twitter:card\" content=\"summary_large_image\" \/>\n<meta name=\"twitter:label1\" content=\"Gesch\u00e4tzte Lesezeit\" \/>\n\t<meta name=\"twitter:data1\" content=\"3\u00a0Minuten\" \/>\n<script type=\"application\/ld+json\" class=\"yoast-schema-graph\">{\"@context\":\"https:\\\/\\\/schema.org\",\"@graph\":[{\"@type\":\"WebPage\",\"@id\":\"https:\\\/\\\/www.hotellapaul.it\\\/de\\\/karte-vom-gardasee-sirmione\\\/\",\"url\":\"https:\\\/\\\/www.hotellapaul.it\\\/de\\\/karte-vom-gardasee-sirmione\\\/\",\"name\":\"Karte vom Gardasee\u00a0| Sirmione | Avion-train-bus-voiture\",\"isPartOf\":{\"@id\":\"https:\\\/\\\/www.hotellapaul.it\\\/#website\"},\"primaryImageOfPage\":{\"@id\":\"https:\\\/\\\/www.hotellapaul.it\\\/de\\\/karte-vom-gardasee-sirmione\\\/#primaryimage\"},\"image\":{\"@id\":\"https:\\\/\\\/www.hotellapaul.it\\\/de\\\/karte-vom-gardasee-sirmione\\\/#primaryimage\"},\"thumbnailUrl\":\"https:\\\/\\\/www.hotellapaul.it\\\/wp-content\\\/uploads\\\/2016\\\/03\\\/milano-venezia-trasporti-r-300x134.jpg\",\"datePublished\":\"2016-03-29T04:48:33+00:00\",\"dateModified\":\"2026-01-03T10:42:00+00:00\",\"description\":\"Karte vom Gardasee, Wie kommt man nach Sirmione mit dem Flugzeug, Zug, Bus, Auto? Links zu offiziellen Websites und Taxipreisen\",\"breadcrumb\":{\"@id\":\"https:\\\/\\\/www.hotellapaul.it\\\/de\\\/karte-vom-gardasee-sirmione\\\/#breadcrumb\"},\"inLanguage\":\"de\",\"potentialAction\":[{\"@type\":\"ReadAction\",\"target\":[\"https:\\\/\\\/www.hotellapaul.it\\\/de\\\/karte-vom-gardasee-sirmione\\\/\"]}]},{\"@type\":\"ImageObject\",\"inLanguage\":\"de\",\"@id\":\"https:\\\/\\\/www.hotellapaul.it\\\/de\\\/karte-vom-gardasee-sirmione\\\/#primaryimage\",\"url\":\"https:\\\/\\\/www.hotellapaul.it\\\/wp-content\\\/uploads\\\/2016\\\/03\\\/milano-venezia-trasporti-r-300x134.jpg\",\"contentUrl\":\"https:\\\/\\\/www.hotellapaul.it\\\/wp-content\\\/uploads\\\/2016\\\/03\\\/milano-venezia-trasporti-r-300x134.jpg\"},{\"@type\":\"BreadcrumbList\",\"@id\":\"https:\\\/\\\/www.hotellapaul.it\\\/de\\\/karte-vom-gardasee-sirmione\\\/#breadcrumb\",\"itemListElement\":[{\"@type\":\"ListItem\",\"position\":1,\"name\":\"Home\",\"item\":\"https:\\\/\\\/www.hotellapaul.it\\\/de\\\/\"},{\"@type\":\"ListItem\",\"position\":2,\"name\":\"Karte vom Gardasee Sirmione\"}]},{\"@type\":\"WebSite\",\"@id\":\"https:\\\/\\\/www.hotellapaul.it\\\/#website\",\"url\":\"https:\\\/\\\/www.hotellapaul.it\\\/\",\"name\":\"Hotel La Paul\",\"description\":\"Hotel dal 1958 a Sirmione\",\"potentialAction\":[{\"@type\":\"SearchAction\",\"target\":{\"@type\":\"EntryPoint\",\"urlTemplate\":\"https:\\\/\\\/www.hotellapaul.it\\\/?s={search_term_string}\"},\"query-input\":{\"@type\":\"PropertyValueSpecification\",\"valueRequired\":true,\"valueName\":\"search_term_string\"}}],\"inLanguage\":\"de\"}]}<\/script>\n<!-- \/ Yoast SEO plugin. -->","yoast_head_json":{"title":"Karte vom Gardasee\u00a0| Sirmione | Avion-train-bus-voiture","description":"Karte vom Gardasee, Wie kommt man nach Sirmione mit dem Flugzeug, Zug, Bus, Auto? Links zu offiziellen Websites und Taxipreisen","robots":{"index":"index","follow":"follow","max-snippet":"max-snippet:-1","max-image-preview":"max-image-preview:large","max-video-preview":"max-video-preview:-1"},"canonical":"https:\/\/www.hotellapaul.it\/de\/karte-vom-gardasee-sirmione\/","og_locale":"de_DE","og_type":"article","og_title":"Karte vom Gardasee\u00a0| Sirmione | Avion-train-bus-voiture","og_description":"Karte vom Gardasee, Wie kommt man nach Sirmione mit dem Flugzeug, Zug, Bus, Auto? Links zu offiziellen Websites und Taxipreisen","og_url":"https:\/\/www.hotellapaul.it\/de\/karte-vom-gardasee-sirmione\/","og_site_name":"Hotel La Paul","article_modified_time":"2026-01-03T10:42:00+00:00","og_image":[{"width":900,"height":402,"url":"https:\/\/www.hotellapaul.it\/wp-content\/uploads\/2016\/03\/milano-venezia-trasporti-r.jpg","type":"image\/jpeg"}],"twitter_card":"summary_large_image","twitter_misc":{"Gesch\u00e4tzte Lesezeit":"3\u00a0Minuten"},"schema":{"@context":"https:\/\/schema.org","@graph":[{"@type":"WebPage","@id":"https:\/\/www.hotellapaul.it\/de\/karte-vom-gardasee-sirmione\/","url":"https:\/\/www.hotellapaul.it\/de\/karte-vom-gardasee-sirmione\/","name":"Karte vom Gardasee\u00a0| Sirmione | Avion-train-bus-voiture","isPartOf":{"@id":"https:\/\/www.hotellapaul.it\/#website"},"primaryImageOfPage":{"@id":"https:\/\/www.hotellapaul.it\/de\/karte-vom-gardasee-sirmione\/#primaryimage"},"image":{"@id":"https:\/\/www.hotellapaul.it\/de\/karte-vom-gardasee-sirmione\/#primaryimage"},"thumbnailUrl":"https:\/\/www.hotellapaul.it\/wp-content\/uploads\/2016\/03\/milano-venezia-trasporti-r-300x134.jpg","datePublished":"2016-03-29T04:48:33+00:00","dateModified":"2026-01-03T10:42:00+00:00","description":"Karte vom Gardasee, Wie kommt man nach Sirmione mit dem Flugzeug, Zug, Bus, Auto? Links zu offiziellen Websites und Taxipreisen","breadcrumb":{"@id":"https:\/\/www.hotellapaul.it\/de\/karte-vom-gardasee-sirmione\/#breadcrumb"},"inLanguage":"de","potentialAction":[{"@type":"ReadAction","target":["https:\/\/www.hotellapaul.it\/de\/karte-vom-gardasee-sirmione\/"]}]},{"@type":"ImageObject","inLanguage":"de","@id":"https:\/\/www.hotellapaul.it\/de\/karte-vom-gardasee-sirmione\/#primaryimage","url":"https:\/\/www.hotellapaul.it\/wp-content\/uploads\/2016\/03\/milano-venezia-trasporti-r-300x134.jpg","contentUrl":"https:\/\/www.hotellapaul.it\/wp-content\/uploads\/2016\/03\/milano-venezia-trasporti-r-300x134.jpg"},{"@type":"BreadcrumbList","@id":"https:\/\/www.hotellapaul.it\/de\/karte-vom-gardasee-sirmione\/#breadcrumb","itemListElement":[{"@type":"ListItem","position":1,"name":"Home","item":"https:\/\/www.hotellapaul.it\/de\/"},{"@type":"ListItem","position":2,"name":"Karte vom Gardasee Sirmione"}]},{"@type":"WebSite","@id":"https:\/\/www.hotellapaul.it\/#website","url":"https:\/\/www.hotellapaul.it\/","name":"Hotel La Paul","description":"Hotel dal 1958 a Sirmione","potentialAction":[{"@type":"SearchAction","target":{"@type":"EntryPoint","urlTemplate":"https:\/\/www.hotellapaul.it\/?s={search_term_string}"},"query-input":{"@type":"PropertyValueSpecification","valueRequired":true,"valueName":"search_term_string"}}],"inLanguage":"de"}]}},"_links":{"self":[{"href":"https:\/\/www.hotellapaul.it\/de\/wp-json\/wp\/v2\/pages\/8177","targetHints":{"allow":["GET"]}}],"collection":[{"href":"https:\/\/www.hotellapaul.it\/de\/wp-json\/wp\/v2\/pages"}],"about":[{"href":"https:\/\/www.hotellapaul.it\/de\/wp-json\/wp\/v2\/types\/page"}],"author":[{"embeddable":true,"href":"https:\/\/www.hotellapaul.it\/de\/wp-json\/wp\/v2\/users\/2"}],"replies":[{"embeddable":true,"href":"https:\/\/www.hotellapaul.it\/de\/wp-json\/wp\/v2\/comments?post=8177"}],"version-history":[{"count":0,"href":"https:\/\/www.hotellapaul.it\/de\/wp-json\/wp\/v2\/pages\/8177\/revisions"}],"wp:attachment":[{"href":"https:\/\/www.hotellapaul.it\/de\/wp-json\/wp\/v2\/media?parent=8177"}],"curies":[{"name":"wp","href":"https:\/\/api.w.org\/{rel}","templated":true}]}}