{"id":7514,"date":"2023-03-05T07:59:46","date_gmt":"2023-03-05T06:59:46","guid":{"rendered":"https:\/\/www.hotellapaul.it\/hotel-con-piscina-lago-di-garda-sirmione\/"},"modified":"2026-01-03T11:42:06","modified_gmt":"2026-01-03T10:42:06","slug":"gardasee-hotel-mit-pool-sirmione","status":"publish","type":"page","link":"https:\/\/www.hotellapaul.it\/de\/gardasee-hotel-mit-pool-sirmione\/","title":{"rendered":"Gardasee Hotel mit pool Sirmione"},"content":{"rendered":"\n<h2 class=\"wp-block-heading\">Gardasee Hotel mit pool in Sirmione in der N\u00e4he des historischen Zentrums, mit Parkplatz und gro\u00dfem Garten direkt am See.<\/h2>\n\n\n\n<p>Gardasee Hotel mit pool. Das Hotel La Paul befindet sich auf der Westseite der Halbinsel Sirmione, in Richtung des lombardischen Ufers des Gardasees; in der N\u00e4he der historischen Fu\u00dfg\u00e4ngerzone. Das Hotel ist leicht zu erreichen, da es sich in einem f\u00fcr Autos freien und genehmigungsfreien Bereich befindet und \u00fcber einen gro\u00dfen Privatparkplatz verf\u00fcgt.&nbsp;Unsere Lage ist ausgezeichnet, weil sie ganz in der N\u00e4he des historischen Zentrums liegt und einen gro\u00dfen Garten mit Liegest\u00fchlen mit Tisch und Sonnenschirm direkt am Ufer des Gardasees hat.<\/p>\n\n\n\n<p>F\u00fcr Ihre Bed\u00fcrfnisse finden Sie verschiedene Zimmertypen, von Familienzimmern bis hin zu Juniorsuiten mit privater Sonnenterrasse. Am Morgen beginnen Sie den Tag mit einem reichhaltigen <a href=\"https:\/\/www.hotellapaul.it\/de\/restaurant-hotel\/\">Fr\u00fchst\u00fccksbuffet<\/a> mit warmen, kalten, herzhaften und s\u00fc\u00dfen Produkten, die Sie im Freien im Garten mit Blick auf den See zwischen den Olivenb\u00e4umen genie\u00dfen k\u00f6nnen. Um den Garten und das Schwimmbad tags\u00fcber zu bedienen, gibt es eine Kiosk-Bar mit Snacks, Sandwiches, Salaten und Getr\u00e4nken. Zum Mittag- und Abendessen gibt es das <a href=\"https:\/\/ristorantecanneto.it\/\" target=\"_blank\" rel=\"noopener\">Restaurant Canneto<\/a>, das die M\u00f6glichkeit bietet, im Freien mit Blick auf den Gardasee zu essen und frische Meeresfr\u00fcchte, vegetarische und glutenfreie, KEINE VEGANER. Fischgerichte anbietet.<\/p>\n\n\n\n<p>Um auf unserer Website zu buchen, finden Sie g\u00fcnstigere Preise als bei Online-Buchungsagenturen. Hier finden Sie exklusive Angebote inklusive Halbpension und Stornoversicherung.<\/p>\n\n\n\n<p>&nbsp;<\/p>\n\n\n<div class=\"wp-block-image\">\n<figure class=\"aligncenter\"><img decoding=\"async\" src=\"https:\/\/www.hotellapaul.it\/wp-content\/uploads\/2019\/06\/hotel-la-paul-sirmione-11-640x480.jpg\" alt=\"Gardasee Hotel mit pool in Sirmione\" class=\"wp-image-3474\" title=\"Gardasee Hotel mit pool in Sirmione\"\/><\/figure>\n<\/div>\n\n\n<p><\/p>\n","protected":false},"excerpt":{"rendered":"<p>Gardasee Hotel mit pool in Sirmione in der N\u00e4he des historischen Zentrums, [&hellip;]<\/p>\n","protected":false},"author":2,"featured_media":0,"parent":0,"menu_order":1,"comment_status":"closed","ping_status":"closed","template":"","meta":{"_acf_changed":false,"footnotes":""},"class_list":["post-7514","page","type-page","status-publish","hentry"],"acf":[],"yoast_head":"<!-- This site is optimized with the Yoast SEO plugin v27.3 - https:\/\/yoast.com\/product\/yoast-seo-wordpress\/ -->\n<title>Gardasee Hotel mit pool | Sirmione | Hotel La Paul<\/title>\n<meta name=\"description\" content=\"Gardasee Hotel mit pool nahe dem historischen Zentrum von Sirmione direkt am See mit gro\u00dfem Garten, Parkplatz und Restaurant\" \/>\n<meta name=\"robots\" content=\"index, follow, max-snippet:-1, max-image-preview:large, max-video-preview:-1\" \/>\n<link rel=\"canonical\" href=\"https:\/\/www.hotellapaul.it\/de\/gardasee-hotel-mit-pool-sirmione\/\" \/>\n<meta property=\"og:locale\" content=\"de_DE\" \/>\n<meta property=\"og:type\" content=\"article\" \/>\n<meta property=\"og:title\" content=\"Gardasee Hotel mit pool | Sirmione | Hotel La Paul\" \/>\n<meta property=\"og:description\" content=\"Gardasee Hotel mit pool nahe dem historischen Zentrum von Sirmione direkt am See mit gro\u00dfem Garten, Parkplatz und Restaurant\" \/>\n<meta property=\"og:url\" content=\"https:\/\/www.hotellapaul.it\/de\/gardasee-hotel-mit-pool-sirmione\/\" \/>\n<meta property=\"og:site_name\" content=\"Hotel La Paul\" \/>\n<meta property=\"article:modified_time\" content=\"2026-01-03T10:42:06+00:00\" \/>\n<meta property=\"og:image\" content=\"https:\/\/www.hotellapaul.it\/wp-content\/uploads\/2019\/06\/hotel-la-paul-sirmione-11.jpg\" \/>\n\t<meta property=\"og:image:width\" content=\"1200\" \/>\n\t<meta property=\"og:image:height\" content=\"900\" \/>\n\t<meta property=\"og:image:type\" content=\"image\/jpeg\" \/>\n<meta name=\"twitter:card\" content=\"summary_large_image\" \/>\n<meta name=\"twitter:label1\" content=\"Gesch\u00e4tzte Lesezeit\" \/>\n\t<meta name=\"twitter:data1\" content=\"2\u00a0Minuten\" \/>\n<script type=\"application\/ld+json\" class=\"yoast-schema-graph\">{\"@context\":\"https:\\\/\\\/schema.org\",\"@graph\":[{\"@type\":\"WebPage\",\"@id\":\"https:\\\/\\\/www.hotellapaul.it\\\/de\\\/gardasee-hotel-mit-pool-sirmione\\\/\",\"url\":\"https:\\\/\\\/www.hotellapaul.it\\\/de\\\/gardasee-hotel-mit-pool-sirmione\\\/\",\"name\":\"Gardasee Hotel mit pool | Sirmione | Hotel La Paul\",\"isPartOf\":{\"@id\":\"https:\\\/\\\/www.hotellapaul.it\\\/#website\"},\"primaryImageOfPage\":{\"@id\":\"https:\\\/\\\/www.hotellapaul.it\\\/de\\\/gardasee-hotel-mit-pool-sirmione\\\/#primaryimage\"},\"image\":{\"@id\":\"https:\\\/\\\/www.hotellapaul.it\\\/de\\\/gardasee-hotel-mit-pool-sirmione\\\/#primaryimage\"},\"thumbnailUrl\":\"https:\\\/\\\/www.hotellapaul.it\\\/wp-content\\\/uploads\\\/2019\\\/06\\\/hotel-la-paul-sirmione-11-640x480.jpg\",\"datePublished\":\"2023-03-05T06:59:46+00:00\",\"dateModified\":\"2026-01-03T10:42:06+00:00\",\"description\":\"Gardasee Hotel mit pool nahe dem historischen Zentrum von Sirmione direkt am See mit gro\u00dfem Garten, Parkplatz und Restaurant\",\"breadcrumb\":{\"@id\":\"https:\\\/\\\/www.hotellapaul.it\\\/de\\\/gardasee-hotel-mit-pool-sirmione\\\/#breadcrumb\"},\"inLanguage\":\"de\",\"potentialAction\":[{\"@type\":\"ReadAction\",\"target\":[\"https:\\\/\\\/www.hotellapaul.it\\\/de\\\/gardasee-hotel-mit-pool-sirmione\\\/\"]}]},{\"@type\":\"ImageObject\",\"inLanguage\":\"de\",\"@id\":\"https:\\\/\\\/www.hotellapaul.it\\\/de\\\/gardasee-hotel-mit-pool-sirmione\\\/#primaryimage\",\"url\":\"https:\\\/\\\/www.hotellapaul.it\\\/wp-content\\\/uploads\\\/2019\\\/06\\\/hotel-la-paul-sirmione-11-640x480.jpg\",\"contentUrl\":\"https:\\\/\\\/www.hotellapaul.it\\\/wp-content\\\/uploads\\\/2019\\\/06\\\/hotel-la-paul-sirmione-11-640x480.jpg\"},{\"@type\":\"BreadcrumbList\",\"@id\":\"https:\\\/\\\/www.hotellapaul.it\\\/de\\\/gardasee-hotel-mit-pool-sirmione\\\/#breadcrumb\",\"itemListElement\":[{\"@type\":\"ListItem\",\"position\":1,\"name\":\"Home\",\"item\":\"https:\\\/\\\/www.hotellapaul.it\\\/de\\\/\"},{\"@type\":\"ListItem\",\"position\":2,\"name\":\"Gardasee Hotel mit pool Sirmione\"}]},{\"@type\":\"WebSite\",\"@id\":\"https:\\\/\\\/www.hotellapaul.it\\\/#website\",\"url\":\"https:\\\/\\\/www.hotellapaul.it\\\/\",\"name\":\"Hotel La Paul\",\"description\":\"Hotel dal 1958 a Sirmione\",\"potentialAction\":[{\"@type\":\"SearchAction\",\"target\":{\"@type\":\"EntryPoint\",\"urlTemplate\":\"https:\\\/\\\/www.hotellapaul.it\\\/?s={search_term_string}\"},\"query-input\":{\"@type\":\"PropertyValueSpecification\",\"valueRequired\":true,\"valueName\":\"search_term_string\"}}],\"inLanguage\":\"de\"}]}<\/script>\n<!-- \/ Yoast SEO plugin. -->","yoast_head_json":{"title":"Gardasee Hotel mit pool | Sirmione | Hotel La Paul","description":"Gardasee Hotel mit pool nahe dem historischen Zentrum von Sirmione direkt am See mit gro\u00dfem Garten, Parkplatz und Restaurant","robots":{"index":"index","follow":"follow","max-snippet":"max-snippet:-1","max-image-preview":"max-image-preview:large","max-video-preview":"max-video-preview:-1"},"canonical":"https:\/\/www.hotellapaul.it\/de\/gardasee-hotel-mit-pool-sirmione\/","og_locale":"de_DE","og_type":"article","og_title":"Gardasee Hotel mit pool | Sirmione | Hotel La Paul","og_description":"Gardasee Hotel mit pool nahe dem historischen Zentrum von Sirmione direkt am See mit gro\u00dfem Garten, Parkplatz und Restaurant","og_url":"https:\/\/www.hotellapaul.it\/de\/gardasee-hotel-mit-pool-sirmione\/","og_site_name":"Hotel La Paul","article_modified_time":"2026-01-03T10:42:06+00:00","og_image":[{"width":1200,"height":900,"url":"https:\/\/www.hotellapaul.it\/wp-content\/uploads\/2019\/06\/hotel-la-paul-sirmione-11.jpg","type":"image\/jpeg"}],"twitter_card":"summary_large_image","twitter_misc":{"Gesch\u00e4tzte Lesezeit":"2\u00a0Minuten"},"schema":{"@context":"https:\/\/schema.org","@graph":[{"@type":"WebPage","@id":"https:\/\/www.hotellapaul.it\/de\/gardasee-hotel-mit-pool-sirmione\/","url":"https:\/\/www.hotellapaul.it\/de\/gardasee-hotel-mit-pool-sirmione\/","name":"Gardasee Hotel mit pool | Sirmione | Hotel La Paul","isPartOf":{"@id":"https:\/\/www.hotellapaul.it\/#website"},"primaryImageOfPage":{"@id":"https:\/\/www.hotellapaul.it\/de\/gardasee-hotel-mit-pool-sirmione\/#primaryimage"},"image":{"@id":"https:\/\/www.hotellapaul.it\/de\/gardasee-hotel-mit-pool-sirmione\/#primaryimage"},"thumbnailUrl":"https:\/\/www.hotellapaul.it\/wp-content\/uploads\/2019\/06\/hotel-la-paul-sirmione-11-640x480.jpg","datePublished":"2023-03-05T06:59:46+00:00","dateModified":"2026-01-03T10:42:06+00:00","description":"Gardasee Hotel mit pool nahe dem historischen Zentrum von Sirmione direkt am See mit gro\u00dfem Garten, Parkplatz und Restaurant","breadcrumb":{"@id":"https:\/\/www.hotellapaul.it\/de\/gardasee-hotel-mit-pool-sirmione\/#breadcrumb"},"inLanguage":"de","potentialAction":[{"@type":"ReadAction","target":["https:\/\/www.hotellapaul.it\/de\/gardasee-hotel-mit-pool-sirmione\/"]}]},{"@type":"ImageObject","inLanguage":"de","@id":"https:\/\/www.hotellapaul.it\/de\/gardasee-hotel-mit-pool-sirmione\/#primaryimage","url":"https:\/\/www.hotellapaul.it\/wp-content\/uploads\/2019\/06\/hotel-la-paul-sirmione-11-640x480.jpg","contentUrl":"https:\/\/www.hotellapaul.it\/wp-content\/uploads\/2019\/06\/hotel-la-paul-sirmione-11-640x480.jpg"},{"@type":"BreadcrumbList","@id":"https:\/\/www.hotellapaul.it\/de\/gardasee-hotel-mit-pool-sirmione\/#breadcrumb","itemListElement":[{"@type":"ListItem","position":1,"name":"Home","item":"https:\/\/www.hotellapaul.it\/de\/"},{"@type":"ListItem","position":2,"name":"Gardasee Hotel mit pool Sirmione"}]},{"@type":"WebSite","@id":"https:\/\/www.hotellapaul.it\/#website","url":"https:\/\/www.hotellapaul.it\/","name":"Hotel La Paul","description":"Hotel dal 1958 a Sirmione","potentialAction":[{"@type":"SearchAction","target":{"@type":"EntryPoint","urlTemplate":"https:\/\/www.hotellapaul.it\/?s={search_term_string}"},"query-input":{"@type":"PropertyValueSpecification","valueRequired":true,"valueName":"search_term_string"}}],"inLanguage":"de"}]}},"_links":{"self":[{"href":"https:\/\/www.hotellapaul.it\/de\/wp-json\/wp\/v2\/pages\/7514","targetHints":{"allow":["GET"]}}],"collection":[{"href":"https:\/\/www.hotellapaul.it\/de\/wp-json\/wp\/v2\/pages"}],"about":[{"href":"https:\/\/www.hotellapaul.it\/de\/wp-json\/wp\/v2\/types\/page"}],"author":[{"embeddable":true,"href":"https:\/\/www.hotellapaul.it\/de\/wp-json\/wp\/v2\/users\/2"}],"replies":[{"embeddable":true,"href":"https:\/\/www.hotellapaul.it\/de\/wp-json\/wp\/v2\/comments?post=7514"}],"version-history":[{"count":0,"href":"https:\/\/www.hotellapaul.it\/de\/wp-json\/wp\/v2\/pages\/7514\/revisions"}],"wp:attachment":[{"href":"https:\/\/www.hotellapaul.it\/de\/wp-json\/wp\/v2\/media?parent=7514"}],"curies":[{"name":"wp","href":"https:\/\/api.w.org\/{rel}","templated":true}]}}