{"id":407,"date":"2015-01-20T15:17:49","date_gmt":"2015-01-20T14:17:49","guid":{"rendered":"https:\/\/www.hotellapaul.it\/?page_id=407"},"modified":"2026-01-03T11:41:47","modified_gmt":"2026-01-03T10:41:47","slug":"thermen-gardasee","status":"publish","type":"page","link":"https:\/\/www.hotellapaul.it\/de\/thermen-gardasee\/","title":{"rendered":"Thermen Gardasee"},"content":{"rendered":"\n<h3 class=\"wp-block-heading\">Thermen Gardasee, Thermische B\u00e4der von Sirmione und Thermischen B\u00e4dern des Col\u00e0 im Lazise<\/h3>\n\n\n\n<p>Gardasee hat eine jahrhundertealten Ruf f\u00fcr sein mildes Klima, das zu jeder Jahreszeit macht den angenehmen Aufenthalt der Besucher, so sehr, da\u00df Catull pries die Qualit\u00e4ten; Da dar\u00fcber hinaus die Renaissance, sind die Terme Sirmione ber\u00fchmt f\u00fcr die heilende Wirkung des Wassers von der Quelle Boiola, reich an Mineralien und Schwefel, und haben ein Spa sowohl heilend und Wohlbefinden. Es gibt auch andere Thermen mit Thermalwasser, nicht weit von Sirmione, Garda-Thermalpark Villa der Zedern von Lazise, Bardolino und die B\u00e4der von Pescantina. Das Hotel La Paul Sirmione ist auf jeden Fall der ideale Ausgangspunkt f\u00fcr einen Besuch in einem der Thermen von Gardasee.<\/p>\n\n\n\n<figure class=\"wp-block-gallery has-nested-images columns-default is-cropped wp-block-gallery-1 is-layout-flex wp-block-gallery-is-layout-flex\">\n<figure class=\"wp-block-image size-large\"><img decoding=\"async\" data-id=\"9749\" src=\"https:\/\/www.hotellapaul.it\/wp-content\/uploads\/2024\/02\/terme-aquaria-200.gif\" alt=\"Terme Aquaria\" class=\"wp-image-9749\"\/><figcaption class=\"wp-element-caption\">Terme Aquaria<\/figcaption><\/figure>\n\n\n\n<figure class=\"wp-block-image size-large\"><img decoding=\"async\" data-id=\"9754\" src=\"https:\/\/www.hotellapaul.it\/wp-content\/uploads\/2024\/02\/terme-sirmione-catullo-200.gif\" alt=\"Terme di Sirmione\" class=\"wp-image-9754\"\/><figcaption class=\"wp-element-caption\">Terme di Sirmione<\/figcaption><\/figure>\n\n\n\n<figure class=\"wp-block-image size-large\"><img decoding=\"async\" data-id=\"9760\" src=\"https:\/\/www.hotellapaul.it\/wp-content\/uploads\/2024\/02\/villa-dei-cedri-200.gif\" alt=\"Terme Villa dei Cedri\" class=\"wp-image-9760\"\/><figcaption class=\"wp-element-caption\">Terme Villa dei Cedri<\/figcaption><\/figure>\n<\/figure>\n\n\n\n<p><strong>Thermen Sirmione:<\/strong> bieten zwei Heilzentren , das Zentrum Catullo, im Inneren der mittelalterlichen Burg in der Fu\u00dfg\u00e4ngerzone, etwa eine Kilometer von unserem Hotel in Sirmione und im Zentrum Virgil in Colombare, einem Bruchteil Sirmione, etwa zwei Meilen von uns entfernt. &#8230;. Weiterlesen<\/p>\n\n\n\n<p><strong>Aquaria Thermen Sirmione:<\/strong> ist das Spa von der bekanntesten Kurorte von Garda, mit einem gro\u00dfen Pool mit Blick auf den See und Wasser bei 37 \u00b0, die im Zentrum Catullo liegt in der Altstadt von Sirmione etwa eine Kilometer von unserem das Hotel La Paul. &#8230;. Weiterlesen<\/p>\n\n\n\n<p><strong>Villa des Cedars &#8211; Garda Thermalpark<\/strong>: Die Terme von Lazise werden im gro\u00dfen Garten der Villa der Zedern gefunden und bieten die M\u00f6glichkeit, die hei\u00dfen Quellen in einer einzigartigen Natur, umgeben von B\u00e4umen zu genie\u00dfen, in einem Teich mit Whirlpools und eine Grotte. Der Garda-Thermalpark befindet sich nur wenige Meilen von unserem Hotel in Sirmione. &#8230;. Weiterlesen<\/p>\n","protected":false},"excerpt":{"rendered":"<p>Thermen Gardasee, Thermische B\u00e4der von Sirmione und Thermischen B\u00e4dern des Col\u00e0 im [&hellip;]<\/p>\n","protected":false},"author":1,"featured_media":0,"parent":0,"menu_order":132,"comment_status":"open","ping_status":"closed","template":"","meta":{"_acf_changed":false,"footnotes":""},"class_list":["post-407","page","type-page","status-publish","hentry"],"acf":[],"yoast_head":"<!-- This site is optimized with the Yoast SEO plugin v27.4 - https:\/\/yoast.com\/product\/yoast-seo-wordpress\/ -->\n<title>Thermen Gardasee in der N\u00e4he Hotel La Paul | Sirmione<\/title>\n<meta name=\"description\" content=\"Thermen Gardasee in der N\u00e4he von Hotel La Paul in Sirmione, Aquaria Thermen SIrmione, Garda Thermalpark - Villa des Cedars\" \/>\n<meta name=\"robots\" content=\"index, follow, max-snippet:-1, max-image-preview:large, max-video-preview:-1\" \/>\n<link rel=\"canonical\" href=\"https:\/\/www.hotellapaul.it\/de\/thermen-gardasee\/\" \/>\n<meta property=\"og:locale\" content=\"de_DE\" \/>\n<meta property=\"og:type\" content=\"article\" \/>\n<meta property=\"og:title\" content=\"Thermen Gardasee in der N\u00e4he Hotel La Paul | Sirmione\" \/>\n<meta property=\"og:description\" content=\"Thermen Gardasee in der N\u00e4he von Hotel La Paul in Sirmione, Aquaria Thermen SIrmione, Garda Thermalpark - Villa des Cedars\" \/>\n<meta property=\"og:url\" content=\"https:\/\/www.hotellapaul.it\/de\/thermen-gardasee\/\" \/>\n<meta property=\"og:site_name\" content=\"Hotel La Paul\" \/>\n<meta property=\"article:modified_time\" content=\"2026-01-03T10:41:47+00:00\" \/>\n<meta property=\"og:image\" content=\"https:\/\/www.hotellapaul.it\/wp-content\/uploads\/2024\/02\/terme-aquaria-200.gif\" \/>\n<meta name=\"twitter:card\" content=\"summary_large_image\" \/>\n<meta name=\"twitter:label1\" content=\"Gesch\u00e4tzte Lesezeit\" \/>\n\t<meta name=\"twitter:data1\" content=\"3\u00a0Minuten\" \/>\n<script type=\"application\/ld+json\" class=\"yoast-schema-graph\">{\"@context\":\"https:\\\/\\\/schema.org\",\"@graph\":[{\"@type\":\"WebPage\",\"@id\":\"https:\\\/\\\/www.hotellapaul.it\\\/de\\\/thermen-gardasee\\\/\",\"url\":\"https:\\\/\\\/www.hotellapaul.it\\\/de\\\/thermen-gardasee\\\/\",\"name\":\"Thermen Gardasee in der N\u00e4he Hotel La Paul | Sirmione\",\"isPartOf\":{\"@id\":\"https:\\\/\\\/www.hotellapaul.it\\\/#website\"},\"primaryImageOfPage\":{\"@id\":\"https:\\\/\\\/www.hotellapaul.it\\\/de\\\/thermen-gardasee\\\/#primaryimage\"},\"image\":{\"@id\":\"https:\\\/\\\/www.hotellapaul.it\\\/de\\\/thermen-gardasee\\\/#primaryimage\"},\"thumbnailUrl\":\"https:\\\/\\\/www.hotellapaul.it\\\/wp-content\\\/uploads\\\/2024\\\/02\\\/terme-aquaria-200.gif\",\"datePublished\":\"2015-01-20T14:17:49+00:00\",\"dateModified\":\"2026-01-03T10:41:47+00:00\",\"description\":\"Thermen Gardasee in der N\u00e4he von Hotel La Paul in Sirmione, Aquaria Thermen SIrmione, Garda Thermalpark - Villa des Cedars\",\"breadcrumb\":{\"@id\":\"https:\\\/\\\/www.hotellapaul.it\\\/de\\\/thermen-gardasee\\\/#breadcrumb\"},\"inLanguage\":\"de\",\"potentialAction\":[{\"@type\":\"ReadAction\",\"target\":[\"https:\\\/\\\/www.hotellapaul.it\\\/de\\\/thermen-gardasee\\\/\"]}]},{\"@type\":\"ImageObject\",\"inLanguage\":\"de\",\"@id\":\"https:\\\/\\\/www.hotellapaul.it\\\/de\\\/thermen-gardasee\\\/#primaryimage\",\"url\":\"https:\\\/\\\/www.hotellapaul.it\\\/wp-content\\\/uploads\\\/2024\\\/02\\\/terme-aquaria-200.gif\",\"contentUrl\":\"https:\\\/\\\/www.hotellapaul.it\\\/wp-content\\\/uploads\\\/2024\\\/02\\\/terme-aquaria-200.gif\"},{\"@type\":\"BreadcrumbList\",\"@id\":\"https:\\\/\\\/www.hotellapaul.it\\\/de\\\/thermen-gardasee\\\/#breadcrumb\",\"itemListElement\":[{\"@type\":\"ListItem\",\"position\":1,\"name\":\"Home\",\"item\":\"https:\\\/\\\/www.hotellapaul.it\\\/de\\\/\"},{\"@type\":\"ListItem\",\"position\":2,\"name\":\"Thermen Gardasee\"}]},{\"@type\":\"WebSite\",\"@id\":\"https:\\\/\\\/www.hotellapaul.it\\\/#website\",\"url\":\"https:\\\/\\\/www.hotellapaul.it\\\/\",\"name\":\"Hotel La Paul\",\"description\":\"Hotel dal 1958 a Sirmione\",\"potentialAction\":[{\"@type\":\"SearchAction\",\"target\":{\"@type\":\"EntryPoint\",\"urlTemplate\":\"https:\\\/\\\/www.hotellapaul.it\\\/?s={search_term_string}\"},\"query-input\":{\"@type\":\"PropertyValueSpecification\",\"valueRequired\":true,\"valueName\":\"search_term_string\"}}],\"inLanguage\":\"de\"}]}<\/script>\n<!-- \/ Yoast SEO plugin. -->","yoast_head_json":{"title":"Thermen Gardasee in der N\u00e4he Hotel La Paul | Sirmione","description":"Thermen Gardasee in der N\u00e4he von Hotel La Paul in Sirmione, Aquaria Thermen SIrmione, Garda Thermalpark - Villa des Cedars","robots":{"index":"index","follow":"follow","max-snippet":"max-snippet:-1","max-image-preview":"max-image-preview:large","max-video-preview":"max-video-preview:-1"},"canonical":"https:\/\/www.hotellapaul.it\/de\/thermen-gardasee\/","og_locale":"de_DE","og_type":"article","og_title":"Thermen Gardasee in der N\u00e4he Hotel La Paul | Sirmione","og_description":"Thermen Gardasee in der N\u00e4he von Hotel La Paul in Sirmione, Aquaria Thermen SIrmione, Garda Thermalpark - Villa des Cedars","og_url":"https:\/\/www.hotellapaul.it\/de\/thermen-gardasee\/","og_site_name":"Hotel La Paul","article_modified_time":"2026-01-03T10:41:47+00:00","og_image":[{"url":"https:\/\/www.hotellapaul.it\/wp-content\/uploads\/2024\/02\/terme-aquaria-200.gif","type":"","width":"","height":""}],"twitter_card":"summary_large_image","twitter_misc":{"Gesch\u00e4tzte Lesezeit":"3\u00a0Minuten"},"schema":{"@context":"https:\/\/schema.org","@graph":[{"@type":"WebPage","@id":"https:\/\/www.hotellapaul.it\/de\/thermen-gardasee\/","url":"https:\/\/www.hotellapaul.it\/de\/thermen-gardasee\/","name":"Thermen Gardasee in der N\u00e4he Hotel La Paul | Sirmione","isPartOf":{"@id":"https:\/\/www.hotellapaul.it\/#website"},"primaryImageOfPage":{"@id":"https:\/\/www.hotellapaul.it\/de\/thermen-gardasee\/#primaryimage"},"image":{"@id":"https:\/\/www.hotellapaul.it\/de\/thermen-gardasee\/#primaryimage"},"thumbnailUrl":"https:\/\/www.hotellapaul.it\/wp-content\/uploads\/2024\/02\/terme-aquaria-200.gif","datePublished":"2015-01-20T14:17:49+00:00","dateModified":"2026-01-03T10:41:47+00:00","description":"Thermen Gardasee in der N\u00e4he von Hotel La Paul in Sirmione, Aquaria Thermen SIrmione, Garda Thermalpark - Villa des Cedars","breadcrumb":{"@id":"https:\/\/www.hotellapaul.it\/de\/thermen-gardasee\/#breadcrumb"},"inLanguage":"de","potentialAction":[{"@type":"ReadAction","target":["https:\/\/www.hotellapaul.it\/de\/thermen-gardasee\/"]}]},{"@type":"ImageObject","inLanguage":"de","@id":"https:\/\/www.hotellapaul.it\/de\/thermen-gardasee\/#primaryimage","url":"https:\/\/www.hotellapaul.it\/wp-content\/uploads\/2024\/02\/terme-aquaria-200.gif","contentUrl":"https:\/\/www.hotellapaul.it\/wp-content\/uploads\/2024\/02\/terme-aquaria-200.gif"},{"@type":"BreadcrumbList","@id":"https:\/\/www.hotellapaul.it\/de\/thermen-gardasee\/#breadcrumb","itemListElement":[{"@type":"ListItem","position":1,"name":"Home","item":"https:\/\/www.hotellapaul.it\/de\/"},{"@type":"ListItem","position":2,"name":"Thermen Gardasee"}]},{"@type":"WebSite","@id":"https:\/\/www.hotellapaul.it\/#website","url":"https:\/\/www.hotellapaul.it\/","name":"Hotel La Paul","description":"Hotel dal 1958 a Sirmione","potentialAction":[{"@type":"SearchAction","target":{"@type":"EntryPoint","urlTemplate":"https:\/\/www.hotellapaul.it\/?s={search_term_string}"},"query-input":{"@type":"PropertyValueSpecification","valueRequired":true,"valueName":"search_term_string"}}],"inLanguage":"de"}]}},"_links":{"self":[{"href":"https:\/\/www.hotellapaul.it\/de\/wp-json\/wp\/v2\/pages\/407","targetHints":{"allow":["GET"]}}],"collection":[{"href":"https:\/\/www.hotellapaul.it\/de\/wp-json\/wp\/v2\/pages"}],"about":[{"href":"https:\/\/www.hotellapaul.it\/de\/wp-json\/wp\/v2\/types\/page"}],"author":[{"embeddable":true,"href":"https:\/\/www.hotellapaul.it\/de\/wp-json\/wp\/v2\/users\/1"}],"replies":[{"embeddable":true,"href":"https:\/\/www.hotellapaul.it\/de\/wp-json\/wp\/v2\/comments?post=407"}],"version-history":[{"count":0,"href":"https:\/\/www.hotellapaul.it\/de\/wp-json\/wp\/v2\/pages\/407\/revisions"}],"wp:attachment":[{"href":"https:\/\/www.hotellapaul.it\/de\/wp-json\/wp\/v2\/media?parent=407"}],"curies":[{"name":"wp","href":"https:\/\/api.w.org\/{rel}","templated":true}]}}