{"id":403,"date":"2015-01-20T16:25:44","date_gmt":"2015-01-20T15:25:44","guid":{"rendered":"https:\/\/www.hotellapaul.it\/?page_id=403"},"modified":"2026-01-03T11:41:52","modified_gmt":"2026-01-03T10:41:52","slug":"gardasee-parks","status":"publish","type":"page","link":"https:\/\/www.hotellapaul.it\/de\/gardasee-parks\/","title":{"rendered":"Gardasee Parks"},"content":{"rendered":"\n<h2 class=\"wp-block-heading\">Die Gardasee Parks<\/h2>\n\n\n\n<h3 class=\"wp-block-heading\">locken Tausende von Touristen seit Jahren, Freizeitparks und Naturparks.<\/h3>\n\n\n\n<p>Gardasee Parks:&nbsp;Naturparks von Gardasee &#8211;&nbsp;Vergn\u00fcgungsparks &#8211;<\/p>\n\n\n\n<h3 class=\"wp-block-heading\"><strong>Naturparks von Gardasee<\/strong><\/h3>\n\n\n\n<p>Parks ist seit Jahrhunderten bekannt in ganz Europa f\u00fcr sein mildes Klima und die Sch\u00f6nheit der Landschaft, die hier ber\u00fchmte Pers\u00f6nlichkeiten der europ\u00e4ischen Kultur gebracht; in einem Gebiet, klein genug, k\u00f6nnen Sie die vielen Landschaften genie\u00dfen k\u00f6nnen, von den Ebenen des Hinterlandes des Gardasees, der Mor\u00e4nenh\u00fcgel, zu dem Monte Baldo und den W\u00e4ldern des Parks Alto Garda Bresciano und Valle di Ledro.<br>Zu den Naturparks des Gardasees Die bekanntesten sind der Naturpark Alto Garda Bresciano, der Mincio Park, Parco Natura Viva Zoo und Safari, den Sigurt\u00e0 Park, der Botanische Garten Heller, der Park auf den Felsen von Manerba. Das Hotel La Paul in Sirmione befindet sich in einer perfekten Position, um einen Besuch in all diesen Natur Gardasee Parks organisieren entfernt.<\/p>\n\n\n\n<figure class=\"wp-block-gallery has-nested-images columns-4 is-cropped wp-block-gallery-1 is-layout-flex wp-block-gallery-is-layout-flex\">\n<figure class=\"wp-block-image size-large\"><img decoding=\"async\" data-id=\"9653\" src=\"https:\/\/www.hotellapaul.it\/wp-content\/uploads\/2024\/02\/parco-natura-viva-200.gif\" alt=\"\" class=\"wp-image-9653\"\/><figcaption class=\"wp-element-caption\">Parco Natura Viva<\/figcaption><\/figure>\n\n\n\n<figure class=\"wp-block-image size-large\"><img decoding=\"async\" data-id=\"9658\" src=\"https:\/\/www.hotellapaul.it\/wp-content\/uploads\/2024\/02\/orto-botanico-monte-baldo-200.gif\" alt=\"\" class=\"wp-image-9658\"\/><figcaption class=\"wp-element-caption\">Parco Botanico<\/figcaption><\/figure>\n\n\n\n<figure class=\"wp-block-image size-large\"><img decoding=\"async\" data-id=\"9663\" src=\"https:\/\/www.hotellapaul.it\/wp-content\/uploads\/2024\/02\/Parco-del-Mincio-200.gif\" alt=\"\" class=\"wp-image-9663\"\/><figcaption class=\"wp-element-caption\">Parco del Mincio<\/figcaption><\/figure>\n\n\n\n<figure class=\"wp-block-image size-large\"><img decoding=\"async\" data-id=\"9668\" src=\"https:\/\/www.hotellapaul.it\/wp-content\/uploads\/2024\/02\/parco-giardino-sigurta-200.gif\" alt=\"\" class=\"wp-image-9668\"\/><figcaption class=\"wp-element-caption\">Parco Sigurt\u00e0<\/figcaption><\/figure>\n<\/figure>\n\n\n\n<p><strong>Parco Natura Viva-Zoo safari:&nbsp;<\/strong>ist in Bussolengo, hier sind drei Bereiche zu besuchen: der Wildpark und Reptilien, mit einem Spaziergang durch den tropischen Dschungel; Zoo Safari, im Auto wie auf einer Safari in Afrika zu tun; Extinction Park, ein Spaziergang zu den gro\u00dfen Tieren der Vergangenheit an. Ge\u00f6ffnet von M\u00e4rz bis November und die ganze Wochenende im Dezember; ist etwa zwanzig Kilometer vom Hotel La Paul in Sirmione.<\/p>\n\n\n\n<p><strong>Naturpark des Mincio: <\/strong>erstreckt sich vom Gardasee bis zu den Fluss Po, vorbei an den Seen von Mantua, in High, Medium und Low Mincio unterteilt; Alto Mincio ist der Teil, in der N\u00e4he Gardasee und enth\u00e4lt einige Naturschutzgebiete, von denen die am n\u00e4chsten an Castellaro Lagusello, zwischen den H\u00fcgeln des Garda zu einem der vier Besucherzentren im Park und auch nach Hause, die anderen sind: Park Bertone in Goito, Park Rivalta Rivalta sul Mincio und Chiavica del Moro. Castellaro Lagusello bleibt bei ca. 15 km von Hotel La Paul<\/p>\n\n\n\n<p><strong><span id=\"result_box\" class=\"short_text\" lang=\"de\" tabindex=\"-1\"><span class=\"hps\">Sigurt\u00e0<\/span> <span class=\"hps\">Garten<\/span><\/span>:&nbsp;<\/strong>ist ein Garten Park in einer wundersch\u00f6nen Umgebung, die von Valeggio und Borghetto Mincio; abh\u00e4ngig von der Zeit die Farben des Parks zu \u00e4ndern durch die verschiedenen&nbsp; bl\u00fchend. Neben den Natursch\u00f6nheiten Shows sind f\u00fcr Familien organisiert, k\u00f6nnen Sie den Park mit Fahrr\u00e4dern und Golfwagen, die im Inneren des Parks sind zu besuchen.<\/p>\n\n\n\n<p><strong>Alto Garda Bresciano Park:<\/strong> besteht aus zwei Gebieten: der Riviera del Garda, mit mediterranen Eigenschaften und den Bergen im Landesinneren mit Gipfeln, die zweitausend Meter zu erreichen. Das betroffene Gebiet wird \u00fcber neun Gemeinden (Salo, Gardone Riviera, Toscolano, Gargnano, Tignale, Tremosine, Limone sul Garda, Valvestino und Maganey) vertrieben und umfasst acht Museen (Museum der Park Visitor Center, Ecomuseum limonaia Pra &#8218;dela Fam, V\u00f6lkerkundemuseum der Valves, Botanisches Museum Don Pietro Porta, der limonaia Cast\u00e8l, Arch\u00e4ologisches Museum AM Mucchi, Natur-Observatorium, Dauerausstellung &#8222;Alte Handwerke, die Wasserm\u00fchle&#8220;<\/p>\n\n\n\n<h3 class=\"wp-block-heading\"><span id=\"result_box\" class=\"short_text\" lang=\"de\" tabindex=\"-1\"><span class=\"hps\">Vergn\u00fcgungsparks<\/span> <span class=\"hps\">des Gardasees<\/span><\/span><\/h3>\n\n\n\n<figure class=\"wp-block-gallery has-nested-images columns-4 is-cropped wp-block-gallery-2 is-layout-flex wp-block-gallery-is-layout-flex\">\n<figure class=\"wp-block-image size-large\"><img decoding=\"async\" data-id=\"9673\" src=\"https:\/\/www.hotellapaul.it\/wp-content\/uploads\/2024\/02\/la-quiete-200.gif\" alt=\"\" class=\"wp-image-9673\"\/><figcaption class=\"wp-element-caption\">Parco La Quiete<\/figcaption><\/figure>\n\n\n\n<figure class=\"wp-block-image size-large\"><img decoding=\"async\" data-id=\"9678\" src=\"https:\/\/www.hotellapaul.it\/wp-content\/uploads\/2024\/02\/movieland-200.gif\" alt=\"\" class=\"wp-image-9678\"\/><figcaption class=\"wp-element-caption\">Parco Movieland<\/figcaption><\/figure>\n\n\n\n<figure class=\"wp-block-image size-large\"><img decoding=\"async\" data-id=\"9683\" src=\"https:\/\/www.hotellapaul.it\/wp-content\/uploads\/2024\/02\/gardaland-200.gif\" alt=\"\" class=\"wp-image-9683\"\/><figcaption class=\"wp-element-caption\">Parco Gardaland<\/figcaption><\/figure>\n\n\n\n<figure class=\"wp-block-image size-large\"><img decoding=\"async\" data-id=\"9688\" src=\"https:\/\/www.hotellapaul.it\/wp-content\/uploads\/2024\/02\/parco-cavour-200.gif\" alt=\"\" class=\"wp-image-9688\"\/><figcaption class=\"wp-element-caption\">Parco Cavour<\/figcaption><\/figure>\n<\/figure>\n\n\n\n<p><strong>Gardaland Park:&nbsp;<\/strong>ist die wichtigste der Gardasee Parks und Freizeitparks auch Italienisch, erneuert jedes Jahr mit einer Vielzahl von atemberaubenden Spiele f\u00fcr Erwachsene und Kinder, \u00fcber drei\u00dfig Attraktionen und viele Shows. Immer Themen-Restaurants, Bars, Kioske und Souvenirl\u00e4den. <a href=\"http:\/\/www.hotel-in-sirmione.it\/de\/park-gardaland\/\" target=\"_blank\" rel=\"noopener\">&#8230;.. Weiterlesen<\/a><\/p>\n\n\n\n<p><strong>Movieland Studios Park:<\/strong>ist ein Themenpark, wo Sie Attraktionen und Shows in Filmsets gesetzt, wo der Imitator von ber\u00fchmten Schauspielern werden Sie in ihre Show einzubeziehen, damit Sie Teil des Satzes zu f\u00fchlen, als Lara Croft in Freddy Cruger finden. Movieland Studios ist am Wochenende bis Ende Oktober ge\u00f6ffnet von April bis Mitte September ge\u00f6ffnet. Geeignet f\u00fcr alle Altersgruppen. <a href=\"http:\/\/www.hotel-in-sirmione.it\/de\/movieland-studios-park-2\/\" target=\"_blank\" rel=\"noopener\">&#8230;. Weiterlesen<\/a><\/p>\n\n\n\n<p><strong>Caneva Wasserpark:<\/strong> im Lazise am Gardasee ist ein Wasserpark mit Attraktionen f\u00fcr Kinder und Familien, bietet einen gro\u00dfen Bereich wie den karibischen Sand, Rutschen, Pools im Lagunen-Stil mit echten Wellen, Restaurant Medieval Times, Rockstar, Rodeo Grill. <a href=\"http:\/\/www.hotel-in-sirmione.it\/de\/wasserpark-caneva\/\" target=\"_blank\" rel=\"noopener\">&#8230;. Weiterlesen<\/a><\/p>\n\n\n\n<p><strong>La Quiete Park:<\/strong>ist ein Wasserpark in der Landschaft von Lonato, zehn Hektar gro\u00dfen, gr\u00fcnen Gras, Waldfl\u00e4chen f\u00fcr Picknicks ausgestattet, Schwimmb\u00e4der f\u00fcr die ganze Familie mit vielen Sonnenliegen, Kinderbecken mit Wasserspielen Piratenschiff und Schloss, Sportgebiete mit Fu\u00dfball, Beachvolleyball, Minigolf, Angeln, Restaurant und Pizza-Bar. <a href=\"http:\/\/www.hotel-in-sirmione.it\/de\/la-quiete-wasserpark\/\" target=\"_blank\" rel=\"noopener\">&#8230;. Weiterlesen<\/a><\/p>\n\n\n\n<p><strong>Picoverde Park:<\/strong> <span id=\"result_box\" class=\"\" lang=\"de\" tabindex=\"-1\"><span class=\"hps\">befindet sich zwischen den<\/span> <span class=\"hps\">H\u00fcgeln von<\/span> <span class=\"hps\">Garda,<\/span> <span class=\"hps\">Custoza<\/span>, <span class=\"hps\">nur wenige Kilometer von<\/span> <span class=\"hps\">Valeggio<\/span> <span class=\"hps\">gelegen, bietet eine<\/span> <span class=\"hps\">gro\u00dfe Liegewiese mit<\/span> <span class=\"hps\">Sonnenschirmen und Liegen<\/span>, <span class=\"hps\">Lagunen-Pool<\/span> <span class=\"hps\">f\u00fcr Erwachsene und Kinder<\/span>, Wasserrutschen, Tennis, <span class=\"hps\">Fu\u00dfballplatz<\/span> <span class=\"hps\">und ein Restaurant<\/span> <span class=\"hps\">mit gr\u00fcnen<\/span> <span class=\"hps\">bar<\/span>. <span class=\"hps\"><a href=\"http:\/\/www.hotel-in-sirmione.it\/de\/picoverde-wasserpark\/\" target=\"_blank\" rel=\"noopener\">&#8230;. Weiterlesen<\/a><\/span><\/span><\/p>\n\n\n\n<p><strong>Cavour Wasserpark:<\/strong> liegt in der Landschaft von Valeggio, nur wenige Kilometer vom Gardasee entfernt und unser Hotel in Sirmione bietet verschiedene Attraktionen f\u00fcr die ganze Familie, die Arktis Insel mit B\u00e4ren und Pinguine, Meeresstrand mit Insel, felsigen Atoll in der Karibik, die Insel Robinson mit Segelschiff zwischen den Felsen, Pfad auf Baumst\u00e4mmen; Park Cavour bietet auch ein Programm von Aktivit\u00e4ten f\u00fcr Kinder, mit Auftritten verschiedener Art, sowohl f\u00fcr Erwachsene mit Wassergymnastik, Zumba und andere Gruppent\u00e4nze in Wasser durchgef\u00fchrt werden. <a href=\"http:\/\/www.hotel-in-sirmione.it\/de\/wasserpark-cavour\/\" target=\"_blank\" rel=\"noopener\">&#8230; Weiterlesen<\/a><\/p>\n\n\n\n<p><strong>Riovalli Wasserpark:<\/strong> ist im Cavaion Veronese ist mittelgro\u00df, aber bietet eine gr\u00fcne Fl\u00e4che von siebentausend Quadratmetern, einige Pools, Wasserrutschen f\u00fcr Erwachsene und Kinder, Beachvolleyball, Fu\u00dfball, Der Park ist besonders geeignet f\u00fcr Familien mit Kindern, sicher spielen k\u00f6nnen, in der Tat ist die Lagune f\u00fcr ihre Kinder, aber es gibt Spa\u00df f\u00fcr Erwachsene. <a href=\"http:\/\/www.hotel-in-sirmione.it\/de\/wasserpark-riovalli\/\" target=\"_blank\" rel=\"noopener\">&#8230;. Weiterlesen<\/a><\/p>\n\n\n\n<p>Das Hotel La Paul im Sirmione ist auf jeden Fall der ideale Ausgangspunkt f\u00fcr einen Besuch in einem des Gardasee Parks, zus\u00e4tzlich zu allen Informationen, hier sind die Fahrr\u00e4der, um in die Parks ohne Verkehr gehen<\/p>\n\n\n<div class=\"wp-block-image\">\n<figure class=\"aligncenter size-medium\"><a href=\"https:\/\/www.hotellapaul.it\/wp-content\/uploads\/2015\/01\/top-parchi-1.jpg\"><img decoding=\"async\" src=\"https:\/\/www.hotellapaul.it\/wp-content\/uploads\/2015\/01\/top-parchi-1-300x44.jpg\" alt=\"gardasee parks\" class=\"wp-image-1655\" title=\"gardasee parks\"\/><\/a><\/figure>\n<\/div>","protected":false},"excerpt":{"rendered":"<p>Die Gardasee Parks locken Tausende von Touristen seit Jahren, Freizeitparks und Naturparks. [&hellip;]<\/p>\n","protected":false},"author":1,"featured_media":0,"parent":0,"menu_order":117,"comment_status":"open","ping_status":"closed","template":"","meta":{"_acf_changed":false,"footnotes":""},"class_list":["post-403","page","type-page","status-publish","hentry"],"acf":[],"yoast_head":"<!-- This site is optimized with the Yoast SEO plugin v27.4 - https:\/\/yoast.com\/product\/yoast-seo-wordpress\/ -->\n<title>Gardasee Parks in der N\u00e4he von Hotel La Paul im Sirmione<\/title>\n<meta name=\"description\" content=\"Gardasee Parks, Naturschutzgebiete und Vergn\u00fcgungsparks in der N\u00e4he des Hotel La Paul in Sirmione, in einem der sch\u00f6nsten mittelalterlichen Stadt Garda\" \/>\n<meta name=\"robots\" content=\"index, follow, max-snippet:-1, max-image-preview:large, max-video-preview:-1\" \/>\n<link rel=\"canonical\" href=\"https:\/\/www.hotellapaul.it\/de\/gardasee-parks\/\" \/>\n<meta property=\"og:locale\" content=\"de_DE\" \/>\n<meta property=\"og:type\" content=\"article\" \/>\n<meta property=\"og:title\" content=\"Gardasee Parks in der N\u00e4he von Hotel La Paul im Sirmione\" \/>\n<meta property=\"og:description\" content=\"Gardasee Parks, Naturschutzgebiete und Vergn\u00fcgungsparks in der N\u00e4he des Hotel La Paul in Sirmione, in einem der sch\u00f6nsten mittelalterlichen Stadt Garda\" \/>\n<meta property=\"og:url\" content=\"https:\/\/www.hotellapaul.it\/de\/gardasee-parks\/\" \/>\n<meta property=\"og:site_name\" content=\"Hotel La Paul\" \/>\n<meta property=\"article:modified_time\" content=\"2026-01-03T10:41:52+00:00\" \/>\n<meta property=\"og:image\" content=\"https:\/\/www.hotellapaul.it\/wp-content\/uploads\/2024\/02\/parco-natura-viva-200.gif\" \/>\n<meta name=\"twitter:card\" content=\"summary_large_image\" \/>\n<meta name=\"twitter:label1\" content=\"Gesch\u00e4tzte Lesezeit\" \/>\n\t<meta name=\"twitter:data1\" content=\"7\u00a0Minuten\" \/>\n<script type=\"application\/ld+json\" class=\"yoast-schema-graph\">{\"@context\":\"https:\\\/\\\/schema.org\",\"@graph\":[{\"@type\":\"WebPage\",\"@id\":\"https:\\\/\\\/www.hotellapaul.it\\\/de\\\/gardasee-parks\\\/\",\"url\":\"https:\\\/\\\/www.hotellapaul.it\\\/de\\\/gardasee-parks\\\/\",\"name\":\"Gardasee Parks in der N\u00e4he von Hotel La Paul im Sirmione\",\"isPartOf\":{\"@id\":\"https:\\\/\\\/www.hotellapaul.it\\\/#website\"},\"primaryImageOfPage\":{\"@id\":\"https:\\\/\\\/www.hotellapaul.it\\\/de\\\/gardasee-parks\\\/#primaryimage\"},\"image\":{\"@id\":\"https:\\\/\\\/www.hotellapaul.it\\\/de\\\/gardasee-parks\\\/#primaryimage\"},\"thumbnailUrl\":\"https:\\\/\\\/www.hotellapaul.it\\\/wp-content\\\/uploads\\\/2024\\\/02\\\/parco-natura-viva-200.gif\",\"datePublished\":\"2015-01-20T15:25:44+00:00\",\"dateModified\":\"2026-01-03T10:41:52+00:00\",\"description\":\"Gardasee Parks, Naturschutzgebiete und Vergn\u00fcgungsparks in der N\u00e4he des Hotel La Paul in Sirmione, in einem der sch\u00f6nsten mittelalterlichen Stadt Garda\",\"breadcrumb\":{\"@id\":\"https:\\\/\\\/www.hotellapaul.it\\\/de\\\/gardasee-parks\\\/#breadcrumb\"},\"inLanguage\":\"de\",\"potentialAction\":[{\"@type\":\"ReadAction\",\"target\":[\"https:\\\/\\\/www.hotellapaul.it\\\/de\\\/gardasee-parks\\\/\"]}]},{\"@type\":\"ImageObject\",\"inLanguage\":\"de\",\"@id\":\"https:\\\/\\\/www.hotellapaul.it\\\/de\\\/gardasee-parks\\\/#primaryimage\",\"url\":\"https:\\\/\\\/www.hotellapaul.it\\\/wp-content\\\/uploads\\\/2024\\\/02\\\/parco-natura-viva-200.gif\",\"contentUrl\":\"https:\\\/\\\/www.hotellapaul.it\\\/wp-content\\\/uploads\\\/2024\\\/02\\\/parco-natura-viva-200.gif\"},{\"@type\":\"BreadcrumbList\",\"@id\":\"https:\\\/\\\/www.hotellapaul.it\\\/de\\\/gardasee-parks\\\/#breadcrumb\",\"itemListElement\":[{\"@type\":\"ListItem\",\"position\":1,\"name\":\"Home\",\"item\":\"https:\\\/\\\/www.hotellapaul.it\\\/de\\\/\"},{\"@type\":\"ListItem\",\"position\":2,\"name\":\"Gardasee Parks\"}]},{\"@type\":\"WebSite\",\"@id\":\"https:\\\/\\\/www.hotellapaul.it\\\/#website\",\"url\":\"https:\\\/\\\/www.hotellapaul.it\\\/\",\"name\":\"Hotel La Paul\",\"description\":\"Hotel dal 1958 a Sirmione\",\"potentialAction\":[{\"@type\":\"SearchAction\",\"target\":{\"@type\":\"EntryPoint\",\"urlTemplate\":\"https:\\\/\\\/www.hotellapaul.it\\\/?s={search_term_string}\"},\"query-input\":{\"@type\":\"PropertyValueSpecification\",\"valueRequired\":true,\"valueName\":\"search_term_string\"}}],\"inLanguage\":\"de\"}]}<\/script>\n<!-- \/ Yoast SEO plugin. -->","yoast_head_json":{"title":"Gardasee Parks in der N\u00e4he von Hotel La Paul im Sirmione","description":"Gardasee Parks, Naturschutzgebiete und Vergn\u00fcgungsparks in der N\u00e4he des Hotel La Paul in Sirmione, in einem der sch\u00f6nsten mittelalterlichen Stadt Garda","robots":{"index":"index","follow":"follow","max-snippet":"max-snippet:-1","max-image-preview":"max-image-preview:large","max-video-preview":"max-video-preview:-1"},"canonical":"https:\/\/www.hotellapaul.it\/de\/gardasee-parks\/","og_locale":"de_DE","og_type":"article","og_title":"Gardasee Parks in der N\u00e4he von Hotel La Paul im Sirmione","og_description":"Gardasee Parks, Naturschutzgebiete und Vergn\u00fcgungsparks in der N\u00e4he des Hotel La Paul in Sirmione, in einem der sch\u00f6nsten mittelalterlichen Stadt Garda","og_url":"https:\/\/www.hotellapaul.it\/de\/gardasee-parks\/","og_site_name":"Hotel La Paul","article_modified_time":"2026-01-03T10:41:52+00:00","og_image":[{"url":"https:\/\/www.hotellapaul.it\/wp-content\/uploads\/2024\/02\/parco-natura-viva-200.gif","type":"","width":"","height":""}],"twitter_card":"summary_large_image","twitter_misc":{"Gesch\u00e4tzte Lesezeit":"7\u00a0Minuten"},"schema":{"@context":"https:\/\/schema.org","@graph":[{"@type":"WebPage","@id":"https:\/\/www.hotellapaul.it\/de\/gardasee-parks\/","url":"https:\/\/www.hotellapaul.it\/de\/gardasee-parks\/","name":"Gardasee Parks in der N\u00e4he von Hotel La Paul im Sirmione","isPartOf":{"@id":"https:\/\/www.hotellapaul.it\/#website"},"primaryImageOfPage":{"@id":"https:\/\/www.hotellapaul.it\/de\/gardasee-parks\/#primaryimage"},"image":{"@id":"https:\/\/www.hotellapaul.it\/de\/gardasee-parks\/#primaryimage"},"thumbnailUrl":"https:\/\/www.hotellapaul.it\/wp-content\/uploads\/2024\/02\/parco-natura-viva-200.gif","datePublished":"2015-01-20T15:25:44+00:00","dateModified":"2026-01-03T10:41:52+00:00","description":"Gardasee Parks, Naturschutzgebiete und Vergn\u00fcgungsparks in der N\u00e4he des Hotel La Paul in Sirmione, in einem der sch\u00f6nsten mittelalterlichen Stadt Garda","breadcrumb":{"@id":"https:\/\/www.hotellapaul.it\/de\/gardasee-parks\/#breadcrumb"},"inLanguage":"de","potentialAction":[{"@type":"ReadAction","target":["https:\/\/www.hotellapaul.it\/de\/gardasee-parks\/"]}]},{"@type":"ImageObject","inLanguage":"de","@id":"https:\/\/www.hotellapaul.it\/de\/gardasee-parks\/#primaryimage","url":"https:\/\/www.hotellapaul.it\/wp-content\/uploads\/2024\/02\/parco-natura-viva-200.gif","contentUrl":"https:\/\/www.hotellapaul.it\/wp-content\/uploads\/2024\/02\/parco-natura-viva-200.gif"},{"@type":"BreadcrumbList","@id":"https:\/\/www.hotellapaul.it\/de\/gardasee-parks\/#breadcrumb","itemListElement":[{"@type":"ListItem","position":1,"name":"Home","item":"https:\/\/www.hotellapaul.it\/de\/"},{"@type":"ListItem","position":2,"name":"Gardasee Parks"}]},{"@type":"WebSite","@id":"https:\/\/www.hotellapaul.it\/#website","url":"https:\/\/www.hotellapaul.it\/","name":"Hotel La Paul","description":"Hotel dal 1958 a Sirmione","potentialAction":[{"@type":"SearchAction","target":{"@type":"EntryPoint","urlTemplate":"https:\/\/www.hotellapaul.it\/?s={search_term_string}"},"query-input":{"@type":"PropertyValueSpecification","valueRequired":true,"valueName":"search_term_string"}}],"inLanguage":"de"}]}},"_links":{"self":[{"href":"https:\/\/www.hotellapaul.it\/de\/wp-json\/wp\/v2\/pages\/403","targetHints":{"allow":["GET"]}}],"collection":[{"href":"https:\/\/www.hotellapaul.it\/de\/wp-json\/wp\/v2\/pages"}],"about":[{"href":"https:\/\/www.hotellapaul.it\/de\/wp-json\/wp\/v2\/types\/page"}],"author":[{"embeddable":true,"href":"https:\/\/www.hotellapaul.it\/de\/wp-json\/wp\/v2\/users\/1"}],"replies":[{"embeddable":true,"href":"https:\/\/www.hotellapaul.it\/de\/wp-json\/wp\/v2\/comments?post=403"}],"version-history":[{"count":0,"href":"https:\/\/www.hotellapaul.it\/de\/wp-json\/wp\/v2\/pages\/403\/revisions"}],"wp:attachment":[{"href":"https:\/\/www.hotellapaul.it\/de\/wp-json\/wp\/v2\/media?parent=403"}],"curies":[{"name":"wp","href":"https:\/\/api.w.org\/{rel}","templated":true}]}}