{"id":400,"date":"2015-01-20T15:01:28","date_gmt":"2015-01-20T14:01:28","guid":{"rendered":"https:\/\/www.hotellapaul.it\/?page_id=400"},"modified":"2026-01-03T11:41:46","modified_gmt":"2026-01-03T10:41:46","slug":"sirmione-altstadt","status":"publish","type":"page","link":"https:\/\/www.hotellapaul.it\/de\/sirmione-altstadt\/","title":{"rendered":"Sirmione Altstadt"},"content":{"rendered":"\n<h2 class=\"wp-block-heading\">Sirmione Altstadt Ist die charakteristischen Dorf am Gardasee<\/h2>\n\n\n\n<h4 class=\"wp-block-heading\">ist an der Spitze der Halbinsel in der Mitte des Gardasees, in den Mauern der mittelalterlichen Burg geschlossen bietet den Besuchern einen historischen Zentrum komplett Fu\u00dfg\u00e4nger wichtigsten Figuren der Vergangenheit gelobt.<\/h4>\n\n\n\n<p>Sirmione Altstadt: Die beliebtesten Orte sind die Grotten des Catull, die Burg von Sirmione, Terme di Sirmione, Aquaria, die romanische Kirche San Pietro in Mavino, die Kirche von St. Anne, die Kirche Santa Maria Maggiore, der Palast von Maria Callas und viele romantische Pl\u00e4tze.<\/p>\n\n\n\n<p>Was zu besuchen in Sirmione Altstadt:<\/p>\n\n\n\n<h4 class=\"wp-block-heading\">Sirmione entfernt, die Altstadt<\/h4>\n\n\n\n<p>Der historische Stadtkern liegt auf einer Insel, die von der Burg Zugbr\u00fccke scaligero, die es umgibt, vorbei an der Altstadt, einst ein Fischerdorf, gibt es die Thermen von Sirmione auf der linken Seite zugegriffen wird, liegt dann auf den H\u00fcgel gehen Villa Cortine, sp\u00e4ter finden wir die romanische Kirche San Pietro in Mavino und endet an der Spitze mit einem spektakul\u00e4ren Panoramablick auf den Gardasee in die Grotten des Catull. Hotel La Paul ist etwa siebenhundert Meter, in perfekter Lage, Sirmione Zentrum besuchen.<\/p>\n\n\n\n<figure class=\"wp-block-image\"><img loading=\"lazy\" decoding=\"async\" width=\"200\" height=\"112\" src=\"https:\/\/www.hotellapaul.it\/wp-content\/uploads\/2015\/01\/sirmione-centro-storico-part-200.jpg\" alt=\"Sirmione Altstadt\" class=\"wp-image-193\" title=\"Sirmione Altstadt\"\/><\/figure>\n\n\n\n<h4 class=\"wp-block-heading\">Scaliger-Burg<\/h4>\n\n\n\n<p>Die Scaligerburg von Sirmione, vergr\u00f6\u00dfert und von Mastino II della Scala f\u00fcr Flottensteuerung auf niedrigen Garda verst\u00e4rkt, noch in sehr gutem Zustand, vielleicht der einzige noch intakt mit der Andocken und die Zugbr\u00fccke; Innenseite ist ein Museum untergebracht. &#8230;&#8230; Weiterlesen<\/p>\n\n\n\n<figure class=\"wp-block-image\"><img loading=\"lazy\" decoding=\"async\" width=\"200\" height=\"136\" src=\"https:\/\/www.hotellapaul.it\/wp-content\/uploads\/2015\/01\/castello-di-Sirmione-200.jpg\" alt=\"Scaliger-Burg\" class=\"wp-image-194\" title=\"Scaliger-Burg\"\/><\/figure>\n\n\n\n<h4 class=\"wp-block-heading\">Grotten des Catullo<\/h4>\n\n\n\n<p>Grotten des Catullo die arch\u00e4ologische St\u00e4tte der imposantesten r\u00f6mischen Villa in Norditalien, die aus dem ersten Jahrhundert. A. C. und dem ersten Jahrhundert. AD, bieten einen spektakul\u00e4ren Blick auf den Gardasee; sie die Reste der Keller und im Erdgeschoss sind, vorbei an historischen erreichen Sie und weiter in Richtung der Spitze der Halbinsel &#8230;&#8230; Lesen Sie mehr<\/p>\n\n\n\n<figure class=\"wp-block-image\"><img loading=\"lazy\" decoding=\"async\" width=\"200\" height=\"134\" src=\"https:\/\/www.hotellapaul.it\/wp-content\/uploads\/2015\/01\/grotte-di-catullo-200.jpg\" alt=\"Grotten des Catullo\" class=\"wp-image-195\" title=\"Grotten des Catullo\"\/><\/figure>\n\n\n\n<h4 class=\"wp-block-heading\">St. Anna Kirche<\/h4>\n\n\n\n<p>Am Eingang der Burg, direkt nach der Br\u00fccke befindet sich die kleine Kirche von St. Anne, im f\u00fcnfzehnten Jahrhundert f\u00fcr die Soldaten der Burg befindet, zieht die Aufmerksamkeit f\u00fcr seine Gr\u00f6\u00dfe und seine Position; Sie k\u00f6nnen im Inneren die Fresken zu sehen. &#8230;&#8230; Weiterlesen<\/p>\n\n\n\n<figure class=\"wp-block-image\"><img loading=\"lazy\" decoding=\"async\" width=\"144\" height=\"200\" src=\"https:\/\/www.hotellapaul.it\/wp-content\/uploads\/2015\/01\/chiesa-s-anna-alla-rocca-150.jpg\" alt=\"St. Anna Kirche\" class=\"wp-image-196\" title=\"St. Anna Kirche\"\/><\/figure>\n\n\n\n<h4 class=\"wp-block-heading\">Santa Maria Maggiore Kirche<\/h4>\n\n\n\n<p>Im Zentrum von Sirmione ist die Kirche von Santa Maria Maggiore, im f\u00fcnfzehnten Jahrhundert mit St\u00fccken von der vorherigen Kirche und dem nahe gelegenen Friedhof errichtet, im Inneren gibt es Fresken und eine h\u00f6lzerne Statue der Madonna aus dem Jahr 1400; um den Eingang gibt es eine Veranda von 1500 mit den antiken S\u00e4ulen urspr\u00fcnglichen 361 AD &#8230;&#8230; Weiterlesen<\/p>\n\n\n\n<figure class=\"wp-block-image\"><img loading=\"lazy\" decoding=\"async\" width=\"200\" height=\"149\" src=\"https:\/\/www.hotellapaul.it\/wp-content\/uploads\/2015\/01\/chiesa-santa-maria-della-neve-200.jpg\" alt=\"Santa Maria Maggiore Kirche\" class=\"wp-image-197\" title=\"Santa Maria Maggiore Kirche\"\/><\/figure>\n\n\n\n<h4 class=\"wp-block-heading\">St. Peter in Mavino Kirche<\/h4>\n\n\n\n<p>Die Kirche St. Peter in Mavino ist die \u00e4lteste Kirche in Sirmione, wurde auf den Ruinen eines fr\u00fcheren Tempels in der Lombard Zeit gebaut, noch hat die Kirche verschiedene Elemente der alten Zeiten, einige Fresken und den Glockenturm der elften und zw\u00f6lften Jahrhundert, die Fresken aus dem vierzehnten, ein Teil des urspr\u00fcnglichen Geb\u00e4udes. &#8230;.. Weiterlesen<\/p>\n\n\n\n<figure class=\"wp-block-image\"><img loading=\"lazy\" decoding=\"async\" width=\"200\" height=\"150\" src=\"https:\/\/www.hotellapaul.it\/wp-content\/uploads\/2015\/01\/chiesa-san-pietro-in-mavino-200.jpg\" alt=\"St. Peter in Mavino Kirche\" class=\"wp-image-198\" title=\"St. Peter in Mavino Kirche\"\/><\/figure>\n","protected":false},"excerpt":{"rendered":"<p>Sirmione Altstadt Ist die charakteristischen Dorf am Gardasee ist an der Spitze [&hellip;]<\/p>\n","protected":false},"author":1,"featured_media":0,"parent":0,"menu_order":94,"comment_status":"open","ping_status":"closed","template":"","meta":{"_acf_changed":false,"footnotes":""},"class_list":["post-400","page","type-page","status-publish","hentry"],"acf":[],"yoast_head":"<!-- This site is optimized with the Yoast SEO plugin v27.4 - https:\/\/yoast.com\/product\/yoast-seo-wordpress\/ -->\n<title>Sirmione Altstadt | in der Mitte des Gardasee<\/title>\n<meta name=\"description\" content=\"Besuchen Sirmione Altstadt, ist die Altstadt einer der sch\u00f6nsten und ber\u00fchmtesten der Welt nur ein paar Schritte vom Hotel La Paul\" \/>\n<meta name=\"robots\" content=\"index, follow, max-snippet:-1, max-image-preview:large, max-video-preview:-1\" \/>\n<link rel=\"canonical\" href=\"https:\/\/www.hotellapaul.it\/de\/sirmione-altstadt\/\" \/>\n<meta property=\"og:locale\" content=\"de_DE\" \/>\n<meta property=\"og:type\" content=\"article\" \/>\n<meta property=\"og:title\" content=\"Sirmione Altstadt | in der Mitte des Gardasee\" \/>\n<meta property=\"og:description\" content=\"Besuchen Sirmione Altstadt, ist die Altstadt einer der sch\u00f6nsten und ber\u00fchmtesten der Welt nur ein paar Schritte vom Hotel La Paul\" \/>\n<meta property=\"og:url\" content=\"https:\/\/www.hotellapaul.it\/de\/sirmione-altstadt\/\" \/>\n<meta property=\"og:site_name\" content=\"Hotel La Paul\" \/>\n<meta property=\"article:modified_time\" content=\"2026-01-03T10:41:46+00:00\" \/>\n<meta property=\"og:image\" content=\"https:\/\/www.hotellapaul.it\/wp-content\/uploads\/2015\/01\/sirmione-centro-storico-part-200.jpg\" \/>\n<meta name=\"twitter:card\" content=\"summary_large_image\" \/>\n<meta name=\"twitter:label1\" content=\"Gesch\u00e4tzte Lesezeit\" \/>\n\t<meta name=\"twitter:data1\" content=\"4\u00a0Minuten\" \/>\n<script type=\"application\/ld+json\" class=\"yoast-schema-graph\">{\"@context\":\"https:\\\/\\\/schema.org\",\"@graph\":[{\"@type\":\"WebPage\",\"@id\":\"https:\\\/\\\/www.hotellapaul.it\\\/de\\\/sirmione-altstadt\\\/\",\"url\":\"https:\\\/\\\/www.hotellapaul.it\\\/de\\\/sirmione-altstadt\\\/\",\"name\":\"Sirmione Altstadt | in der Mitte des Gardasee\",\"isPartOf\":{\"@id\":\"https:\\\/\\\/www.hotellapaul.it\\\/#website\"},\"primaryImageOfPage\":{\"@id\":\"https:\\\/\\\/www.hotellapaul.it\\\/de\\\/sirmione-altstadt\\\/#primaryimage\"},\"image\":{\"@id\":\"https:\\\/\\\/www.hotellapaul.it\\\/de\\\/sirmione-altstadt\\\/#primaryimage\"},\"thumbnailUrl\":\"https:\\\/\\\/www.hotellapaul.it\\\/wp-content\\\/uploads\\\/2015\\\/01\\\/sirmione-centro-storico-part-200.jpg\",\"datePublished\":\"2015-01-20T14:01:28+00:00\",\"dateModified\":\"2026-01-03T10:41:46+00:00\",\"description\":\"Besuchen Sirmione Altstadt, ist die Altstadt einer der sch\u00f6nsten und ber\u00fchmtesten der Welt nur ein paar Schritte vom Hotel La Paul\",\"breadcrumb\":{\"@id\":\"https:\\\/\\\/www.hotellapaul.it\\\/de\\\/sirmione-altstadt\\\/#breadcrumb\"},\"inLanguage\":\"de\",\"potentialAction\":[{\"@type\":\"ReadAction\",\"target\":[\"https:\\\/\\\/www.hotellapaul.it\\\/de\\\/sirmione-altstadt\\\/\"]}]},{\"@type\":\"ImageObject\",\"inLanguage\":\"de\",\"@id\":\"https:\\\/\\\/www.hotellapaul.it\\\/de\\\/sirmione-altstadt\\\/#primaryimage\",\"url\":\"https:\\\/\\\/www.hotellapaul.it\\\/wp-content\\\/uploads\\\/2015\\\/01\\\/sirmione-centro-storico-part-200.jpg\",\"contentUrl\":\"https:\\\/\\\/www.hotellapaul.it\\\/wp-content\\\/uploads\\\/2015\\\/01\\\/sirmione-centro-storico-part-200.jpg\"},{\"@type\":\"BreadcrumbList\",\"@id\":\"https:\\\/\\\/www.hotellapaul.it\\\/de\\\/sirmione-altstadt\\\/#breadcrumb\",\"itemListElement\":[{\"@type\":\"ListItem\",\"position\":1,\"name\":\"Home\",\"item\":\"https:\\\/\\\/www.hotellapaul.it\\\/de\\\/\"},{\"@type\":\"ListItem\",\"position\":2,\"name\":\"Sirmione Altstadt\"}]},{\"@type\":\"WebSite\",\"@id\":\"https:\\\/\\\/www.hotellapaul.it\\\/#website\",\"url\":\"https:\\\/\\\/www.hotellapaul.it\\\/\",\"name\":\"Hotel La Paul\",\"description\":\"Hotel dal 1958 a Sirmione\",\"potentialAction\":[{\"@type\":\"SearchAction\",\"target\":{\"@type\":\"EntryPoint\",\"urlTemplate\":\"https:\\\/\\\/www.hotellapaul.it\\\/?s={search_term_string}\"},\"query-input\":{\"@type\":\"PropertyValueSpecification\",\"valueRequired\":true,\"valueName\":\"search_term_string\"}}],\"inLanguage\":\"de\"}]}<\/script>\n<!-- \/ Yoast SEO plugin. -->","yoast_head_json":{"title":"Sirmione Altstadt | in der Mitte des Gardasee","description":"Besuchen Sirmione Altstadt, ist die Altstadt einer der sch\u00f6nsten und ber\u00fchmtesten der Welt nur ein paar Schritte vom Hotel La Paul","robots":{"index":"index","follow":"follow","max-snippet":"max-snippet:-1","max-image-preview":"max-image-preview:large","max-video-preview":"max-video-preview:-1"},"canonical":"https:\/\/www.hotellapaul.it\/de\/sirmione-altstadt\/","og_locale":"de_DE","og_type":"article","og_title":"Sirmione Altstadt | in der Mitte des Gardasee","og_description":"Besuchen Sirmione Altstadt, ist die Altstadt einer der sch\u00f6nsten und ber\u00fchmtesten der Welt nur ein paar Schritte vom Hotel La Paul","og_url":"https:\/\/www.hotellapaul.it\/de\/sirmione-altstadt\/","og_site_name":"Hotel La Paul","article_modified_time":"2026-01-03T10:41:46+00:00","og_image":[{"url":"https:\/\/www.hotellapaul.it\/wp-content\/uploads\/2015\/01\/sirmione-centro-storico-part-200.jpg","type":"","width":"","height":""}],"twitter_card":"summary_large_image","twitter_misc":{"Gesch\u00e4tzte Lesezeit":"4\u00a0Minuten"},"schema":{"@context":"https:\/\/schema.org","@graph":[{"@type":"WebPage","@id":"https:\/\/www.hotellapaul.it\/de\/sirmione-altstadt\/","url":"https:\/\/www.hotellapaul.it\/de\/sirmione-altstadt\/","name":"Sirmione Altstadt | in der Mitte des Gardasee","isPartOf":{"@id":"https:\/\/www.hotellapaul.it\/#website"},"primaryImageOfPage":{"@id":"https:\/\/www.hotellapaul.it\/de\/sirmione-altstadt\/#primaryimage"},"image":{"@id":"https:\/\/www.hotellapaul.it\/de\/sirmione-altstadt\/#primaryimage"},"thumbnailUrl":"https:\/\/www.hotellapaul.it\/wp-content\/uploads\/2015\/01\/sirmione-centro-storico-part-200.jpg","datePublished":"2015-01-20T14:01:28+00:00","dateModified":"2026-01-03T10:41:46+00:00","description":"Besuchen Sirmione Altstadt, ist die Altstadt einer der sch\u00f6nsten und ber\u00fchmtesten der Welt nur ein paar Schritte vom Hotel La Paul","breadcrumb":{"@id":"https:\/\/www.hotellapaul.it\/de\/sirmione-altstadt\/#breadcrumb"},"inLanguage":"de","potentialAction":[{"@type":"ReadAction","target":["https:\/\/www.hotellapaul.it\/de\/sirmione-altstadt\/"]}]},{"@type":"ImageObject","inLanguage":"de","@id":"https:\/\/www.hotellapaul.it\/de\/sirmione-altstadt\/#primaryimage","url":"https:\/\/www.hotellapaul.it\/wp-content\/uploads\/2015\/01\/sirmione-centro-storico-part-200.jpg","contentUrl":"https:\/\/www.hotellapaul.it\/wp-content\/uploads\/2015\/01\/sirmione-centro-storico-part-200.jpg"},{"@type":"BreadcrumbList","@id":"https:\/\/www.hotellapaul.it\/de\/sirmione-altstadt\/#breadcrumb","itemListElement":[{"@type":"ListItem","position":1,"name":"Home","item":"https:\/\/www.hotellapaul.it\/de\/"},{"@type":"ListItem","position":2,"name":"Sirmione Altstadt"}]},{"@type":"WebSite","@id":"https:\/\/www.hotellapaul.it\/#website","url":"https:\/\/www.hotellapaul.it\/","name":"Hotel La Paul","description":"Hotel dal 1958 a Sirmione","potentialAction":[{"@type":"SearchAction","target":{"@type":"EntryPoint","urlTemplate":"https:\/\/www.hotellapaul.it\/?s={search_term_string}"},"query-input":{"@type":"PropertyValueSpecification","valueRequired":true,"valueName":"search_term_string"}}],"inLanguage":"de"}]}},"_links":{"self":[{"href":"https:\/\/www.hotellapaul.it\/de\/wp-json\/wp\/v2\/pages\/400","targetHints":{"allow":["GET"]}}],"collection":[{"href":"https:\/\/www.hotellapaul.it\/de\/wp-json\/wp\/v2\/pages"}],"about":[{"href":"https:\/\/www.hotellapaul.it\/de\/wp-json\/wp\/v2\/types\/page"}],"author":[{"embeddable":true,"href":"https:\/\/www.hotellapaul.it\/de\/wp-json\/wp\/v2\/users\/1"}],"replies":[{"embeddable":true,"href":"https:\/\/www.hotellapaul.it\/de\/wp-json\/wp\/v2\/comments?post=400"}],"version-history":[{"count":0,"href":"https:\/\/www.hotellapaul.it\/de\/wp-json\/wp\/v2\/pages\/400\/revisions"}],"wp:attachment":[{"href":"https:\/\/www.hotellapaul.it\/de\/wp-json\/wp\/v2\/media?parent=400"}],"curies":[{"name":"wp","href":"https:\/\/api.w.org\/{rel}","templated":true}]}}