{"id":398,"date":"2015-01-20T15:08:58","date_gmt":"2015-01-20T14:08:58","guid":{"rendered":"https:\/\/www.hotellapaul.it\/?page_id=398"},"modified":"2026-01-03T11:41:47","modified_gmt":"2026-01-03T10:41:47","slug":"gardasee-besuchen","status":"publish","type":"page","link":"https:\/\/www.hotellapaul.it\/de\/gardasee-besuchen\/","title":{"rendered":"Gardasee Besuchen"},"content":{"rendered":"\n<h2 class=\"wp-block-heading\">Gardasee Besuchen in der N\u00e4he von Sirmione finden Geschichte, Kultur, Unterhaltung f\u00fcr die ganze Familie.<\/h2>\n\n\n\n<p>Gardasee Besuchen: Sirmione ist definitiv der beste Ort f\u00fcr einen Besuch am Gardasee, aber es gibt auch viel zu tun in der Umgebung von Sirmione, sowohl als Unterhaltung und als Kultur, Essen und Wein;<br>das Gebiet des Gardasees ist seit pr\u00e4historischen Zeiten ein Ort der Passage im Norden und Europa, dann seit pr\u00e4historischen Zeiten besiedelt war, mit Pfahlbauten St\u00e4tten von internationaler Bedeutung &#8222;der Polada&#8220;, See Lucone, Ledrotal ; reichen St\u00e4tten der r\u00f6mischen Villen mit Desenzano, Sirmione Toscolano und zu den gr\u00f6\u00dften in Norditalien; romanischen Kirchen wie der Kirche Santa Maria in Valtenesi, San Severo in Bardolino, San Zeno in Lonato, San Pancrazio in Montichiari; mittelalterliche Burgen wie die von Padenghe, Moniga, Lazise, Malcesine, die Festungen von Lonato und Manerba; charmante D\u00f6rfer wie Castellaro Lagusello, Borghetto di Valeggio; Renaissance-Bauten, wie sie in den historischen Zentren von Castiglione, Garda und allen L\u00e4ndern der Gardasee und Umgebung; alle interessante Orte in der N\u00e4he von Sirmione. Hotel La Paul ist auf jeden Fall der ideale Ausgangspunkt f\u00fcr den Gardasee Besuchen.<\/p>\n\n\n\n<figure data-wp-context=\"{&quot;imageId&quot;:&quot;69e1dfd212f66&quot;}\" data-wp-interactive=\"core\/image\" data-wp-key=\"69e1dfd212f66\" class=\"wp-block-image size-full wp-lightbox-container\"><img decoding=\"async\" data-wp-class--hide=\"state.isContentHidden\" data-wp-class--show=\"state.isContentVisible\" data-wp-init=\"callbacks.setButtonStyles\" data-wp-on--click=\"actions.showLightbox\" data-wp-on--load=\"callbacks.setButtonStyles\" data-wp-on-window--resize=\"callbacks.setButtonStyles\" src=\"https:\/\/www.hotellapaul.it\/wp-content\/uploads\/2024\/02\/panoramica-rocca-manerba.jpg\" alt=\"pietta\" class=\"wp-image-9621\" title=\"gardasee besuchen\"\/><button\n\t\t\tclass=\"lightbox-trigger\"\n\t\t\ttype=\"button\"\n\t\t\taria-haspopup=\"dialog\"\n\t\t\taria-label=\"Vergr\u00f6\u00dfern\"\n\t\t\tdata-wp-init=\"callbacks.initTriggerButton\"\n\t\t\tdata-wp-on--click=\"actions.showLightbox\"\n\t\t\tdata-wp-style--right=\"state.imageButtonRight\"\n\t\t\tdata-wp-style--top=\"state.imageButtonTop\"\n\t\t>\n\t\t\t<svg xmlns=\"http:\/\/www.w3.org\/2000\/svg\" width=\"12\" height=\"12\" fill=\"none\" viewBox=\"0 0 12 12\">\n\t\t\t\t<path fill=\"#fff\" d=\"M2 0a2 2 0 0 0-2 2v2h1.5V2a.5.5 0 0 1 .5-.5h2V0H2Zm2 10.5H2a.5.5 0 0 1-.5-.5V8H0v2a2 2 0 0 0 2 2h2v-1.5ZM8 12v-1.5h2a.5.5 0 0 0 .5-.5V8H12v2a2 2 0 0 1-2 2H8Zm2-12a2 2 0 0 1 2 2v2h-1.5V2a.5.5 0 0 0-.5-.5H8V0h2Z\" \/>\n\t\t\t<\/svg>\n\t\t<\/button><\/figure>\n","protected":false},"excerpt":{"rendered":"<p>Gardasee Besuchen in der N\u00e4he von Sirmione finden Geschichte, Kultur, Unterhaltung f\u00fcr [&hellip;]<\/p>\n","protected":false},"author":1,"featured_media":0,"parent":0,"menu_order":104,"comment_status":"open","ping_status":"closed","template":"","meta":{"_acf_changed":false,"footnotes":""},"class_list":["post-398","page","type-page","status-publish","hentry"],"acf":[],"yoast_head":"<!-- This site is optimized with the Yoast SEO plugin v27.4 - https:\/\/yoast.com\/product\/yoast-seo-wordpress\/ -->\n<title>Gardasee Besuchen in der N\u00e4he von Sirmione<\/title>\n<meta name=\"description\" content=\"Gardasee Besuchen in der N\u00e4he von Sirmione, Schl\u00f6sser, mittelalterliche D\u00f6rfer, Burgen, Freizeitparks, die Natur um uns herum .......\" \/>\n<meta name=\"robots\" content=\"index, follow, max-snippet:-1, max-image-preview:large, max-video-preview:-1\" \/>\n<link rel=\"canonical\" href=\"https:\/\/www.hotellapaul.it\/de\/gardasee-besuchen\/\" \/>\n<meta property=\"og:locale\" content=\"de_DE\" \/>\n<meta property=\"og:type\" content=\"article\" \/>\n<meta property=\"og:title\" content=\"Gardasee Besuchen in der N\u00e4he von Sirmione\" \/>\n<meta property=\"og:description\" content=\"Gardasee Besuchen in der N\u00e4he von Sirmione, Schl\u00f6sser, mittelalterliche D\u00f6rfer, Burgen, Freizeitparks, die Natur um uns herum .......\" \/>\n<meta property=\"og:url\" content=\"https:\/\/www.hotellapaul.it\/de\/gardasee-besuchen\/\" \/>\n<meta property=\"og:site_name\" content=\"Hotel La Paul\" \/>\n<meta property=\"article:modified_time\" content=\"2026-01-03T10:41:47+00:00\" \/>\n<meta property=\"og:image\" content=\"https:\/\/www.hotellapaul.it\/wp-content\/uploads\/2024\/02\/panoramica-rocca-manerba.jpg\" \/>\n<meta name=\"twitter:card\" content=\"summary_large_image\" \/>\n<meta name=\"twitter:label1\" content=\"Gesch\u00e4tzte Lesezeit\" \/>\n\t<meta name=\"twitter:data1\" content=\"2\u00a0Minuten\" \/>\n<script type=\"application\/ld+json\" class=\"yoast-schema-graph\">{\"@context\":\"https:\\\/\\\/schema.org\",\"@graph\":[{\"@type\":\"WebPage\",\"@id\":\"https:\\\/\\\/www.hotellapaul.it\\\/de\\\/gardasee-besuchen\\\/\",\"url\":\"https:\\\/\\\/www.hotellapaul.it\\\/de\\\/gardasee-besuchen\\\/\",\"name\":\"Gardasee Besuchen in der N\u00e4he von Sirmione\",\"isPartOf\":{\"@id\":\"https:\\\/\\\/www.hotellapaul.it\\\/#website\"},\"primaryImageOfPage\":{\"@id\":\"https:\\\/\\\/www.hotellapaul.it\\\/de\\\/gardasee-besuchen\\\/#primaryimage\"},\"image\":{\"@id\":\"https:\\\/\\\/www.hotellapaul.it\\\/de\\\/gardasee-besuchen\\\/#primaryimage\"},\"thumbnailUrl\":\"https:\\\/\\\/www.hotellapaul.it\\\/wp-content\\\/uploads\\\/2024\\\/02\\\/panoramica-rocca-manerba.jpg\",\"datePublished\":\"2015-01-20T14:08:58+00:00\",\"dateModified\":\"2026-01-03T10:41:47+00:00\",\"description\":\"Gardasee Besuchen in der N\u00e4he von Sirmione, Schl\u00f6sser, mittelalterliche D\u00f6rfer, Burgen, Freizeitparks, die Natur um uns herum .......\",\"breadcrumb\":{\"@id\":\"https:\\\/\\\/www.hotellapaul.it\\\/de\\\/gardasee-besuchen\\\/#breadcrumb\"},\"inLanguage\":\"de\",\"potentialAction\":[{\"@type\":\"ReadAction\",\"target\":[\"https:\\\/\\\/www.hotellapaul.it\\\/de\\\/gardasee-besuchen\\\/\"]}]},{\"@type\":\"ImageObject\",\"inLanguage\":\"de\",\"@id\":\"https:\\\/\\\/www.hotellapaul.it\\\/de\\\/gardasee-besuchen\\\/#primaryimage\",\"url\":\"https:\\\/\\\/www.hotellapaul.it\\\/wp-content\\\/uploads\\\/2024\\\/02\\\/panoramica-rocca-manerba.jpg\",\"contentUrl\":\"https:\\\/\\\/www.hotellapaul.it\\\/wp-content\\\/uploads\\\/2024\\\/02\\\/panoramica-rocca-manerba.jpg\"},{\"@type\":\"BreadcrumbList\",\"@id\":\"https:\\\/\\\/www.hotellapaul.it\\\/de\\\/gardasee-besuchen\\\/#breadcrumb\",\"itemListElement\":[{\"@type\":\"ListItem\",\"position\":1,\"name\":\"Home\",\"item\":\"https:\\\/\\\/www.hotellapaul.it\\\/de\\\/\"},{\"@type\":\"ListItem\",\"position\":2,\"name\":\"Gardasee Besuchen\"}]},{\"@type\":\"WebSite\",\"@id\":\"https:\\\/\\\/www.hotellapaul.it\\\/#website\",\"url\":\"https:\\\/\\\/www.hotellapaul.it\\\/\",\"name\":\"Hotel La Paul\",\"description\":\"Hotel dal 1958 a Sirmione\",\"potentialAction\":[{\"@type\":\"SearchAction\",\"target\":{\"@type\":\"EntryPoint\",\"urlTemplate\":\"https:\\\/\\\/www.hotellapaul.it\\\/?s={search_term_string}\"},\"query-input\":{\"@type\":\"PropertyValueSpecification\",\"valueRequired\":true,\"valueName\":\"search_term_string\"}}],\"inLanguage\":\"de\"}]}<\/script>\n<!-- \/ Yoast SEO plugin. -->","yoast_head_json":{"title":"Gardasee Besuchen in der N\u00e4he von Sirmione","description":"Gardasee Besuchen in der N\u00e4he von Sirmione, Schl\u00f6sser, mittelalterliche D\u00f6rfer, Burgen, Freizeitparks, die Natur um uns herum .......","robots":{"index":"index","follow":"follow","max-snippet":"max-snippet:-1","max-image-preview":"max-image-preview:large","max-video-preview":"max-video-preview:-1"},"canonical":"https:\/\/www.hotellapaul.it\/de\/gardasee-besuchen\/","og_locale":"de_DE","og_type":"article","og_title":"Gardasee Besuchen in der N\u00e4he von Sirmione","og_description":"Gardasee Besuchen in der N\u00e4he von Sirmione, Schl\u00f6sser, mittelalterliche D\u00f6rfer, Burgen, Freizeitparks, die Natur um uns herum .......","og_url":"https:\/\/www.hotellapaul.it\/de\/gardasee-besuchen\/","og_site_name":"Hotel La Paul","article_modified_time":"2026-01-03T10:41:47+00:00","og_image":[{"url":"https:\/\/www.hotellapaul.it\/wp-content\/uploads\/2024\/02\/panoramica-rocca-manerba.jpg","type":"","width":"","height":""}],"twitter_card":"summary_large_image","twitter_misc":{"Gesch\u00e4tzte Lesezeit":"2\u00a0Minuten"},"schema":{"@context":"https:\/\/schema.org","@graph":[{"@type":"WebPage","@id":"https:\/\/www.hotellapaul.it\/de\/gardasee-besuchen\/","url":"https:\/\/www.hotellapaul.it\/de\/gardasee-besuchen\/","name":"Gardasee Besuchen in der N\u00e4he von Sirmione","isPartOf":{"@id":"https:\/\/www.hotellapaul.it\/#website"},"primaryImageOfPage":{"@id":"https:\/\/www.hotellapaul.it\/de\/gardasee-besuchen\/#primaryimage"},"image":{"@id":"https:\/\/www.hotellapaul.it\/de\/gardasee-besuchen\/#primaryimage"},"thumbnailUrl":"https:\/\/www.hotellapaul.it\/wp-content\/uploads\/2024\/02\/panoramica-rocca-manerba.jpg","datePublished":"2015-01-20T14:08:58+00:00","dateModified":"2026-01-03T10:41:47+00:00","description":"Gardasee Besuchen in der N\u00e4he von Sirmione, Schl\u00f6sser, mittelalterliche D\u00f6rfer, Burgen, Freizeitparks, die Natur um uns herum .......","breadcrumb":{"@id":"https:\/\/www.hotellapaul.it\/de\/gardasee-besuchen\/#breadcrumb"},"inLanguage":"de","potentialAction":[{"@type":"ReadAction","target":["https:\/\/www.hotellapaul.it\/de\/gardasee-besuchen\/"]}]},{"@type":"ImageObject","inLanguage":"de","@id":"https:\/\/www.hotellapaul.it\/de\/gardasee-besuchen\/#primaryimage","url":"https:\/\/www.hotellapaul.it\/wp-content\/uploads\/2024\/02\/panoramica-rocca-manerba.jpg","contentUrl":"https:\/\/www.hotellapaul.it\/wp-content\/uploads\/2024\/02\/panoramica-rocca-manerba.jpg"},{"@type":"BreadcrumbList","@id":"https:\/\/www.hotellapaul.it\/de\/gardasee-besuchen\/#breadcrumb","itemListElement":[{"@type":"ListItem","position":1,"name":"Home","item":"https:\/\/www.hotellapaul.it\/de\/"},{"@type":"ListItem","position":2,"name":"Gardasee Besuchen"}]},{"@type":"WebSite","@id":"https:\/\/www.hotellapaul.it\/#website","url":"https:\/\/www.hotellapaul.it\/","name":"Hotel La Paul","description":"Hotel dal 1958 a Sirmione","potentialAction":[{"@type":"SearchAction","target":{"@type":"EntryPoint","urlTemplate":"https:\/\/www.hotellapaul.it\/?s={search_term_string}"},"query-input":{"@type":"PropertyValueSpecification","valueRequired":true,"valueName":"search_term_string"}}],"inLanguage":"de"}]}},"_links":{"self":[{"href":"https:\/\/www.hotellapaul.it\/de\/wp-json\/wp\/v2\/pages\/398","targetHints":{"allow":["GET"]}}],"collection":[{"href":"https:\/\/www.hotellapaul.it\/de\/wp-json\/wp\/v2\/pages"}],"about":[{"href":"https:\/\/www.hotellapaul.it\/de\/wp-json\/wp\/v2\/types\/page"}],"author":[{"embeddable":true,"href":"https:\/\/www.hotellapaul.it\/de\/wp-json\/wp\/v2\/users\/1"}],"replies":[{"embeddable":true,"href":"https:\/\/www.hotellapaul.it\/de\/wp-json\/wp\/v2\/comments?post=398"}],"version-history":[{"count":0,"href":"https:\/\/www.hotellapaul.it\/de\/wp-json\/wp\/v2\/pages\/398\/revisions"}],"wp:attachment":[{"href":"https:\/\/www.hotellapaul.it\/de\/wp-json\/wp\/v2\/media?parent=398"}],"curies":[{"name":"wp","href":"https:\/\/api.w.org\/{rel}","templated":true}]}}