{"id":394,"date":"2015-01-20T09:09:46","date_gmt":"2015-01-20T08:09:46","guid":{"rendered":"https:\/\/www.hotellapaul.it\/?page_id=394"},"modified":"2026-01-03T11:41:43","modified_gmt":"2026-01-03T10:41:43","slug":"sirmione-besuchen","status":"publish","type":"page","link":"https:\/\/www.hotellapaul.it\/de\/sirmione-besuchen\/","title":{"rendered":"Sirmione besuchen"},"content":{"rendered":"\n<h2 class=\"wp-block-heading\">Sirmione besuchen Sie die Perle des Gardasees<\/h2>\n\n\n\n<h3 class=\"wp-block-heading\">Die Stadt Sirmione ist das charakteristischste des Gardasees, an der Spitze der Halbinsel ist in der Mitte des Sees, in den Mauern seiner Burg eingeschlossen Scaligero die Altstadt bietet dem Besucher eine historische Zentrum komplett Fu\u00dfg\u00e4nger wichtigen Pers\u00f6nlichkeiten der Vergangenheit abdekantiert.<\/h3>\n\n\n\n<p>Sirmione besuchen: am Anfang der Halbinsel Sirmione liegen die lebhaften D\u00f6rfer Colombare und Lugana, die reich an kommerziellen Aktivit\u00e4ten, Gesch\u00e4fte, Bars, Restaurants und der Anlage Virgil Terme di Sirmione. Sirmione ist an der Grenze zwischen Lombardei und Veneto, in ausgezeichneter Lage, um sowohl die verschiedenen Stellen des Garda zu erreichen, dass die wichtigen St\u00e4dte Verona, Brescia und Mantua; Dank dieser ist eine gute Alternative f\u00fcr diejenigen, die das Zentrum Messe Verona (Veronafiere) gehen muss, das Ausstellungszentrum von Brescia (Brixiaexpo) oder dem Garda Messegel\u00e4nde in Montichiari, so dass die M\u00f6glichkeit, den Abend in einem sch\u00f6nen Ort wie Sirmione verbringen und am Morgen, um in etwa 30 Minuten bei der Arbeit sein. Das La Paul Hotel hat eine ideale Lage f\u00fcr den Sirmione Besuchen, nur einen kurzen Spaziergang von der Altstadt von Sirmione, aber verkehrsberuhigten Zone frei gelegen, mit dem Auto gut zu erreichen.<\/p>\n\n\n\n<p>Hier haben die interessantesten Dinge zu tun, in <strong><a href=\"https:\/\/www.hotellapaul.it\/de\/sirmione-altstadt\/\">Sirmione Altstadt<\/a><\/strong><\/p>\n\n\n\n<p>Hier haben die interessantesten Dinge zu tun, in <strong><a href=\"https:\/\/www.hotellapaul.it\/de\/gardasee-besuchen\/\">Gardasee<\/a><\/strong><\/p>\n\n\n<div class=\"wp-block-image\">\n<figure class=\"aligncenter size-large\"><a href=\"https:\/\/www.hotellapaul.it\/wp-content\/uploads\/2015\/12\/mappa-100r.jpg\"><img decoding=\"async\" src=\"https:\/\/www.hotellapaul.it\/wp-content\/uploads\/2015\/12\/mappa-100r-1024x596.jpg\" alt=\"Sirmione besuchen am Gardasee\" class=\"wp-image-1812\" title=\"Sirmione besuchen am gardasee\"\/><\/a><\/figure>\n<\/div>","protected":false},"excerpt":{"rendered":"<p>Sirmione besuchen Sie die Perle des Gardasees Die Stadt Sirmione ist das [&hellip;]<\/p>\n","protected":false},"author":1,"featured_media":0,"parent":0,"menu_order":111,"comment_status":"open","ping_status":"closed","template":"","meta":{"_acf_changed":false,"footnotes":""},"class_list":["post-394","page","type-page","status-publish","hentry"],"acf":[],"yoast_head":"<!-- This site is optimized with the Yoast SEO plugin v27.3 - https:\/\/yoast.com\/product\/yoast-seo-wordpress\/ -->\n<title>Sirmione besuchen Sie die Perle des Gardasees<\/title>\n<meta name=\"description\" content=\"Sirmione besuchen Sie eine Perle in der Mitte des Gardasees, in der ganzen Welt bekannt f\u00fcr seine Sch\u00f6nheit, reich an zweitausend Jahre Geschichte\" \/>\n<meta name=\"robots\" content=\"index, follow, max-snippet:-1, max-image-preview:large, max-video-preview:-1\" \/>\n<link rel=\"canonical\" href=\"https:\/\/www.hotellapaul.it\/de\/sirmione-besuchen\/\" \/>\n<meta property=\"og:locale\" content=\"de_DE\" \/>\n<meta property=\"og:type\" content=\"article\" \/>\n<meta property=\"og:title\" content=\"Sirmione besuchen Sie die Perle des Gardasees\" \/>\n<meta property=\"og:description\" content=\"Sirmione besuchen Sie eine Perle in der Mitte des Gardasees, in der ganzen Welt bekannt f\u00fcr seine Sch\u00f6nheit, reich an zweitausend Jahre Geschichte\" \/>\n<meta property=\"og:url\" content=\"https:\/\/www.hotellapaul.it\/de\/sirmione-besuchen\/\" \/>\n<meta property=\"og:site_name\" content=\"Hotel La Paul\" \/>\n<meta property=\"article:modified_time\" content=\"2026-01-03T10:41:43+00:00\" \/>\n<meta property=\"og:image\" content=\"https:\/\/www.hotellapaul.it\/wp-content\/uploads\/2015\/12\/mappa-100r-1024x596.jpg\" \/>\n<meta name=\"twitter:card\" content=\"summary_large_image\" \/>\n<meta name=\"twitter:label1\" content=\"Gesch\u00e4tzte Lesezeit\" \/>\n\t<meta name=\"twitter:data1\" content=\"2\u00a0Minuten\" \/>\n<script type=\"application\/ld+json\" class=\"yoast-schema-graph\">{\"@context\":\"https:\\\/\\\/schema.org\",\"@graph\":[{\"@type\":\"WebPage\",\"@id\":\"https:\\\/\\\/www.hotellapaul.it\\\/de\\\/sirmione-besuchen\\\/\",\"url\":\"https:\\\/\\\/www.hotellapaul.it\\\/de\\\/sirmione-besuchen\\\/\",\"name\":\"Sirmione besuchen Sie die Perle des Gardasees\",\"isPartOf\":{\"@id\":\"https:\\\/\\\/www.hotellapaul.it\\\/#website\"},\"primaryImageOfPage\":{\"@id\":\"https:\\\/\\\/www.hotellapaul.it\\\/de\\\/sirmione-besuchen\\\/#primaryimage\"},\"image\":{\"@id\":\"https:\\\/\\\/www.hotellapaul.it\\\/de\\\/sirmione-besuchen\\\/#primaryimage\"},\"thumbnailUrl\":\"https:\\\/\\\/www.hotellapaul.it\\\/wp-content\\\/uploads\\\/2015\\\/12\\\/mappa-100r-1024x596.jpg\",\"datePublished\":\"2015-01-20T08:09:46+00:00\",\"dateModified\":\"2026-01-03T10:41:43+00:00\",\"description\":\"Sirmione besuchen Sie eine Perle in der Mitte des Gardasees, in der ganzen Welt bekannt f\u00fcr seine Sch\u00f6nheit, reich an zweitausend Jahre Geschichte\",\"breadcrumb\":{\"@id\":\"https:\\\/\\\/www.hotellapaul.it\\\/de\\\/sirmione-besuchen\\\/#breadcrumb\"},\"inLanguage\":\"de\",\"potentialAction\":[{\"@type\":\"ReadAction\",\"target\":[\"https:\\\/\\\/www.hotellapaul.it\\\/de\\\/sirmione-besuchen\\\/\"]}]},{\"@type\":\"ImageObject\",\"inLanguage\":\"de\",\"@id\":\"https:\\\/\\\/www.hotellapaul.it\\\/de\\\/sirmione-besuchen\\\/#primaryimage\",\"url\":\"https:\\\/\\\/www.hotellapaul.it\\\/wp-content\\\/uploads\\\/2015\\\/12\\\/mappa-100r-1024x596.jpg\",\"contentUrl\":\"https:\\\/\\\/www.hotellapaul.it\\\/wp-content\\\/uploads\\\/2015\\\/12\\\/mappa-100r-1024x596.jpg\"},{\"@type\":\"BreadcrumbList\",\"@id\":\"https:\\\/\\\/www.hotellapaul.it\\\/de\\\/sirmione-besuchen\\\/#breadcrumb\",\"itemListElement\":[{\"@type\":\"ListItem\",\"position\":1,\"name\":\"Home\",\"item\":\"https:\\\/\\\/www.hotellapaul.it\\\/de\\\/\"},{\"@type\":\"ListItem\",\"position\":2,\"name\":\"Sirmione besuchen\"}]},{\"@type\":\"WebSite\",\"@id\":\"https:\\\/\\\/www.hotellapaul.it\\\/#website\",\"url\":\"https:\\\/\\\/www.hotellapaul.it\\\/\",\"name\":\"Hotel La Paul\",\"description\":\"Hotel dal 1958 a Sirmione\",\"potentialAction\":[{\"@type\":\"SearchAction\",\"target\":{\"@type\":\"EntryPoint\",\"urlTemplate\":\"https:\\\/\\\/www.hotellapaul.it\\\/?s={search_term_string}\"},\"query-input\":{\"@type\":\"PropertyValueSpecification\",\"valueRequired\":true,\"valueName\":\"search_term_string\"}}],\"inLanguage\":\"de\"}]}<\/script>\n<!-- \/ Yoast SEO plugin. -->","yoast_head_json":{"title":"Sirmione besuchen Sie die Perle des Gardasees","description":"Sirmione besuchen Sie eine Perle in der Mitte des Gardasees, in der ganzen Welt bekannt f\u00fcr seine Sch\u00f6nheit, reich an zweitausend Jahre Geschichte","robots":{"index":"index","follow":"follow","max-snippet":"max-snippet:-1","max-image-preview":"max-image-preview:large","max-video-preview":"max-video-preview:-1"},"canonical":"https:\/\/www.hotellapaul.it\/de\/sirmione-besuchen\/","og_locale":"de_DE","og_type":"article","og_title":"Sirmione besuchen Sie die Perle des Gardasees","og_description":"Sirmione besuchen Sie eine Perle in der Mitte des Gardasees, in der ganzen Welt bekannt f\u00fcr seine Sch\u00f6nheit, reich an zweitausend Jahre Geschichte","og_url":"https:\/\/www.hotellapaul.it\/de\/sirmione-besuchen\/","og_site_name":"Hotel La Paul","article_modified_time":"2026-01-03T10:41:43+00:00","og_image":[{"url":"https:\/\/www.hotellapaul.it\/wp-content\/uploads\/2015\/12\/mappa-100r-1024x596.jpg","type":"","width":"","height":""}],"twitter_card":"summary_large_image","twitter_misc":{"Gesch\u00e4tzte Lesezeit":"2\u00a0Minuten"},"schema":{"@context":"https:\/\/schema.org","@graph":[{"@type":"WebPage","@id":"https:\/\/www.hotellapaul.it\/de\/sirmione-besuchen\/","url":"https:\/\/www.hotellapaul.it\/de\/sirmione-besuchen\/","name":"Sirmione besuchen Sie die Perle des Gardasees","isPartOf":{"@id":"https:\/\/www.hotellapaul.it\/#website"},"primaryImageOfPage":{"@id":"https:\/\/www.hotellapaul.it\/de\/sirmione-besuchen\/#primaryimage"},"image":{"@id":"https:\/\/www.hotellapaul.it\/de\/sirmione-besuchen\/#primaryimage"},"thumbnailUrl":"https:\/\/www.hotellapaul.it\/wp-content\/uploads\/2015\/12\/mappa-100r-1024x596.jpg","datePublished":"2015-01-20T08:09:46+00:00","dateModified":"2026-01-03T10:41:43+00:00","description":"Sirmione besuchen Sie eine Perle in der Mitte des Gardasees, in der ganzen Welt bekannt f\u00fcr seine Sch\u00f6nheit, reich an zweitausend Jahre Geschichte","breadcrumb":{"@id":"https:\/\/www.hotellapaul.it\/de\/sirmione-besuchen\/#breadcrumb"},"inLanguage":"de","potentialAction":[{"@type":"ReadAction","target":["https:\/\/www.hotellapaul.it\/de\/sirmione-besuchen\/"]}]},{"@type":"ImageObject","inLanguage":"de","@id":"https:\/\/www.hotellapaul.it\/de\/sirmione-besuchen\/#primaryimage","url":"https:\/\/www.hotellapaul.it\/wp-content\/uploads\/2015\/12\/mappa-100r-1024x596.jpg","contentUrl":"https:\/\/www.hotellapaul.it\/wp-content\/uploads\/2015\/12\/mappa-100r-1024x596.jpg"},{"@type":"BreadcrumbList","@id":"https:\/\/www.hotellapaul.it\/de\/sirmione-besuchen\/#breadcrumb","itemListElement":[{"@type":"ListItem","position":1,"name":"Home","item":"https:\/\/www.hotellapaul.it\/de\/"},{"@type":"ListItem","position":2,"name":"Sirmione besuchen"}]},{"@type":"WebSite","@id":"https:\/\/www.hotellapaul.it\/#website","url":"https:\/\/www.hotellapaul.it\/","name":"Hotel La Paul","description":"Hotel dal 1958 a Sirmione","potentialAction":[{"@type":"SearchAction","target":{"@type":"EntryPoint","urlTemplate":"https:\/\/www.hotellapaul.it\/?s={search_term_string}"},"query-input":{"@type":"PropertyValueSpecification","valueRequired":true,"valueName":"search_term_string"}}],"inLanguage":"de"}]}},"_links":{"self":[{"href":"https:\/\/www.hotellapaul.it\/de\/wp-json\/wp\/v2\/pages\/394","targetHints":{"allow":["GET"]}}],"collection":[{"href":"https:\/\/www.hotellapaul.it\/de\/wp-json\/wp\/v2\/pages"}],"about":[{"href":"https:\/\/www.hotellapaul.it\/de\/wp-json\/wp\/v2\/types\/page"}],"author":[{"embeddable":true,"href":"https:\/\/www.hotellapaul.it\/de\/wp-json\/wp\/v2\/users\/1"}],"replies":[{"embeddable":true,"href":"https:\/\/www.hotellapaul.it\/de\/wp-json\/wp\/v2\/comments?post=394"}],"version-history":[{"count":0,"href":"https:\/\/www.hotellapaul.it\/de\/wp-json\/wp\/v2\/pages\/394\/revisions"}],"wp:attachment":[{"href":"https:\/\/www.hotellapaul.it\/de\/wp-json\/wp\/v2\/media?parent=394"}],"curies":[{"name":"wp","href":"https:\/\/api.w.org\/{rel}","templated":true}]}}