{"id":392,"date":"2015-01-23T12:51:03","date_gmt":"2015-01-23T11:51:03","guid":{"rendered":"https:\/\/www.hotellapaul.it\/?page_id=392"},"modified":"2026-04-18T13:15:16","modified_gmt":"2026-04-18T11:15:16","slug":"glutenfreie-restaurant","status":"publish","type":"page","link":"https:\/\/www.hotellapaul.it\/de\/glutenfreie-restaurant\/","title":{"rendered":"Glutenfreie Restaurant"},"content":{"rendered":"\n<h3 class=\"wp-block-heading\">Das Glutenfreie Restaurant<\/h3>\n\n\n\n<p>Glutenfreie Restaurant im Hotel La Paul ist seit 2001 aktiv und regelm\u00e4\u00dfig in der Liste der &#8222;Z\u00f6liakie-Vereins AIC bei Einheimischen f\u00fcr Z\u00f6liakie-Patienten eingetragen;<br>seitdem ist die Z\u00f6liakie Kochen ist besonders genau und umfasst sowohl die Hauptmahlzeiten, dass Fr\u00fchst\u00fcck und Snacks, Gerichte werden mit gr\u00f6\u00dfter Aufmerksamkeit auf die Entwicklung und den Ursprung von Produkten verwendet, die ausschlie\u00dflich innerhalb der Linien gew\u00e4hlt werden vorbereitet gro\u00dfe Qualit\u00e4t und Vielfalt. Das Hotelrestaurant bietet einen kompletten Service durch die Qualit\u00e4t und gro\u00dfe Auswahl. Auch der K\u00fcchenchef ist f\u00fcr Kunden verf\u00fcgbar, die glutenfrei essen und benutzerdefinierte Men\u00fcs f\u00fcr Veranstaltungen, Jubil\u00e4en und f\u00fcr alle Informationen m\u00f6chten. Unsere K\u00fcche ist ausschlie\u00dflich auf glutenfreie Zubereitung ausgerichtet. F\u00fcr laktosefreie Bed\u00fcrfnisse bieten wir nur Basisprodukte wie Milch, Joghurt, Brot und Kekse an. KEINE VEGANER<\/p>\n\n\n\n<h5 class=\"wp-block-heading\">Das Glutenfrei Fr\u00fchst\u00fcck<\/h5>\n\n\n\n<p>Das Fr\u00fchst\u00fcck wird in Buffetform serviert, und Sie k\u00f6nnen zu finden Pflaumenkuchen, Kekse, Joghurt, Marmelade, Nutella, Cornflakes, Croissants, Schinken, geschnitten Brot, glutenfreies Brot.<\/p>\n\n\n\n<figure class=\"wp-block-image\"><a href=\"https:\/\/www.hotellapaul.it\/wp-content\/uploads\/2015\/01\/senza-glutine-colazione-1.jpg\"><img loading=\"lazy\" decoding=\"async\" width=\"144\" height=\"115\" src=\"https:\/\/www.hotellapaul.it\/wp-content\/uploads\/2015\/01\/senza-glutine-colazione-1.jpg\" alt=\"senza-glutine-colazione\" class=\"wp-image-118\"\/><\/a><\/figure>\n\n\n\n<figure class=\"wp-block-image\"><a href=\"https:\/\/www.hotellapaul.it\/wp-content\/uploads\/2015\/01\/senza-glutine-colazione-2.jpg\"><img decoding=\"async\" src=\"https:\/\/www.hotellapaul.it\/wp-content\/uploads\/2015\/01\/senza-glutine-colazione-2.jpg\" alt=\"senza-glutine-colazione\" class=\"wp-image-119\"\/><\/a><\/figure>\n\n\n\n<figure class=\"wp-block-image\"><a href=\"https:\/\/www.hotellapaul.it\/wp-content\/uploads\/2015\/01\/senza-glutine-colazione-3.jpg\"><img loading=\"lazy\" decoding=\"async\" width=\"218\" height=\"115\" src=\"https:\/\/www.hotellapaul.it\/wp-content\/uploads\/2015\/01\/senza-glutine-colazione-3.jpg\" alt=\"senza-glutine-colazione\" class=\"wp-image-120\"\/><\/a><\/figure>\n\n\n\n<p><\/p>\n\n\n\n<h5 class=\"wp-block-heading\">Das glutenfrei Halbpension<\/h5>\n\n\n\n<p>Unsere Halbpensionsmen\u00fc hat die Wahl zwischen vier Vorspeisen und Hauptgerichten, Beilagen und Desserts. Die Men\u00fcs sind nahezu identisch mit denen mit Gluten variiert manchmal nur das Format der Pasta.<\/p>\n\n\n\n<figure class=\"wp-block-image\"><a href=\"https:\/\/www.hotellapaul.it\/wp-content\/uploads\/2015\/01\/senza-glutine-mezzapensione-2.jpg\"><img decoding=\"async\" src=\"https:\/\/www.hotellapaul.it\/wp-content\/uploads\/2015\/01\/senza-glutine-mezzapensione-2-300x104.jpg\" alt=\"senza-glutine-mezzapensione\" class=\"wp-image-124\"\/><\/a><\/figure>\n\n\n\n<p><\/p>\n\n\n\n<h5 class=\"wp-block-heading\">Die ersten Kurse Glutenfrei<\/h5>\n\n\n\n<p>Wir bereiten Risotto, Pasta, Gnocchi, Crepes mit Saucen von verschiedenen Arten ab Grundzutaten, verwenden wir keine Cremes oder Saucen Fertig. Die Pasta ist die besten Marken oder tun unser glutenfreie Pasta wie Lasagne, Nudeln, Nudeln.<\/p>\n\n\n\n<figure class=\"wp-block-image\"><img loading=\"lazy\" decoding=\"async\" width=\"173\" height=\"115\" src=\"https:\/\/www.hotellapaul.it\/wp-content\/uploads\/2015\/01\/senza-glutine-mezzapensione-5.jpg\" alt=\"senza-glutine-mezzapensione\" class=\"wp-image-126\"\/><\/figure>\n\n\n\n<figure class=\"wp-block-image\"><a href=\"https:\/\/www.hotellapaul.it\/wp-content\/uploads\/2015\/01\/senza-glutine-mezzapensione-4.jpg\"><img decoding=\"async\" src=\"https:\/\/www.hotellapaul.it\/wp-content\/uploads\/2015\/01\/senza-glutine-mezzapensione-4.jpg\" alt=\"senza-glutine-mezzapensione\" class=\"wp-image-125\"\/><\/a><\/figure>\n\n\n\n<figure class=\"wp-block-image\"><a href=\"https:\/\/www.hotellapaul.it\/wp-content\/uploads\/2015\/01\/senza-glutine-mezzapensione-10.jpg\"><img decoding=\"async\" src=\"https:\/\/www.hotellapaul.it\/wp-content\/uploads\/2015\/01\/senza-glutine-mezzapensione-10.jpg\" alt=\"senza-glutine-mezzapensione\" class=\"wp-image-131\"\/><\/a><\/figure>\n\n\n\n<p><a href=\"https:\/\/www.hotellapaul.it\/wp-content\/uploads\/2015\/01\/senza-glutine-mezzapensione-5.jpg\"> <\/a> <\/p>\n\n\n\n<h5 class=\"wp-block-heading\">Die Hauptgerichte glutenfrei<\/h5>\n\n\n\n<p>Fleisch und Fisch gegrillt oder gebratene Meeresfr\u00fcchte, Schnitzel, Chicken Nuggets, paniert, \u00fcberbacken; Beilagen Bratkartoffeln, gebacken, Kroketten.<\/p>\n\n\n\n<figure class=\"wp-block-image\"><a href=\"https:\/\/www.hotellapaul.it\/wp-content\/uploads\/2015\/01\/senza-glutine-mezzapensione-6.jpg\"><img decoding=\"async\" src=\"https:\/\/www.hotellapaul.it\/wp-content\/uploads\/2015\/01\/senza-glutine-mezzapensione-6.jpg\" alt=\"senza-glutine-mezzapensione\" class=\"wp-image-127\"\/><\/a><\/figure>\n\n\n\n<figure class=\"wp-block-image\"><a href=\"https:\/\/www.hotellapaul.it\/wp-content\/uploads\/2015\/01\/senza-glutine-mezzapensione-7.jpg\"><img loading=\"lazy\" decoding=\"async\" width=\"173\" height=\"115\" src=\"https:\/\/www.hotellapaul.it\/wp-content\/uploads\/2015\/01\/senza-glutine-mezzapensione-7.jpg\" alt=\"senza-glutine-mezzapensione\" class=\"wp-image-128\"\/><\/a><\/figure>\n\n\n\n<figure class=\"wp-block-image\"><a href=\"https:\/\/www.hotellapaul.it\/wp-content\/uploads\/2015\/01\/senza-glutine-mezzapensione-11.jpg\"><img loading=\"lazy\" decoding=\"async\" width=\"172\" height=\"115\" src=\"https:\/\/www.hotellapaul.it\/wp-content\/uploads\/2015\/01\/senza-glutine-mezzapensione-11.jpg\" alt=\"senza-glutine-mezzapensione\" class=\"wp-image-132\"\/><\/a><\/figure>\n\n\n\n<p><\/p>\n\n\n\n<h5 class=\"wp-block-heading\">Desserts glutenfrei<\/h5>\n\n\n\n<p>Zum Nachtisch servieren wir glutenfreie Kuchen, Schokoladenkuchen oder Tiramisu, Cr\u00e8me Caramel, Eis, Pudding.<\/p>\n\n\n\n<figure class=\"wp-block-image\"><a href=\"https:\/\/www.hotellapaul.it\/wp-content\/uploads\/2015\/01\/senza-glutine-mezzapensione-9.jpg\"><img loading=\"lazy\" decoding=\"async\" width=\"173\" height=\"115\" src=\"https:\/\/www.hotellapaul.it\/wp-content\/uploads\/2015\/01\/senza-glutine-mezzapensione-9.jpg\" alt=\"senza-glutine-mezzapensione\" class=\"wp-image-130\"\/><\/a><\/figure>\n\n\n\n<figure class=\"wp-block-image\"><a href=\"https:\/\/www.hotellapaul.it\/wp-content\/uploads\/2015\/01\/senza-glutine-mezzapensione-8.jpg\"><img decoding=\"async\" src=\"https:\/\/www.hotellapaul.it\/wp-content\/uploads\/2015\/01\/senza-glutine-mezzapensione-8.jpg\" alt=\"senza-glutine-mezzapensione\" class=\"wp-image-129\"\/><\/a><\/figure>\n\n\n\n<figure class=\"wp-block-image\"><a href=\"https:\/\/www.hotellapaul.it\/wp-content\/uploads\/2015\/01\/senza-glutine-mezzapensione-12.jpg\"><img loading=\"lazy\" decoding=\"async\" width=\"194\" height=\"115\" src=\"https:\/\/www.hotellapaul.it\/wp-content\/uploads\/2015\/01\/senza-glutine-mezzapensione-12.jpg\" alt=\"senza-glutine-mezzapensione\" class=\"wp-image-117\"\/><\/a><\/figure>\n\n\n\n<p><\/p>\n\n\n\n<h5 class=\"wp-block-heading\">Das Picknickmittagessen Glutenfrei<\/h5>\n\n\n\n<p>F\u00fcr Ihre Tage in den Parks oder Ausfl\u00fcge, bereiten wir mit Sandwiches, Softdrinks, Dessert oder Snack ein Lunchpaket.<\/p>\n\n\n\n<h5 class=\"wp-block-heading\">Die Bankette<\/h5>\n\n\n\n<p>Wir haben eine Reihe von Men\u00fcs f\u00fcr Bankette und solche Vorkommnisse k\u00f6nnen glutenfrei f\u00fcr alle oder nur f\u00fcr diejenigen invitatati Z\u00f6liakie werden; Fleisch und Fisch streng frisch.<\/p>\n","protected":false},"excerpt":{"rendered":"<p>Das Glutenfreie Restaurant Glutenfreie Restaurant im Hotel La Paul ist seit 2001 [&hellip;]<\/p>\n","protected":false},"author":1,"featured_media":0,"parent":0,"menu_order":59,"comment_status":"open","ping_status":"closed","template":"","meta":{"_acf_changed":false,"footnotes":""},"class_list":["post-392","page","type-page","status-publish","hentry"],"acf":[],"yoast_head":"<!-- This site is optimized with the Yoast SEO plugin v27.6 - https:\/\/yoast.com\/product\/yoast-seo-wordpress\/ -->\n<title>Glutenfreie Restaurant | Hotel La Paul | Sirmione<\/title>\n<meta name=\"description\" content=\"Glutenfreie Restaurant Hotel La Paul im Sirmione am Gardasee, Fr\u00fchst\u00fccksbuffet, Mittag- und Abendessen f\u00fcr Ihren Urlaub gluten Entspannen\" \/>\n<meta name=\"robots\" content=\"index, follow, max-snippet:-1, max-image-preview:large, max-video-preview:-1\" \/>\n<link rel=\"canonical\" href=\"https:\/\/www.hotellapaul.it\/de\/glutenfreie-restaurant\/\" \/>\n<meta property=\"og:locale\" content=\"de_DE\" \/>\n<meta property=\"og:type\" content=\"article\" \/>\n<meta property=\"og:title\" content=\"Glutenfreie Restaurant | Hotel La Paul | Sirmione\" \/>\n<meta property=\"og:description\" content=\"Glutenfreie Restaurant Hotel La Paul im Sirmione am Gardasee, Fr\u00fchst\u00fccksbuffet, Mittag- und Abendessen f\u00fcr Ihren Urlaub gluten Entspannen\" \/>\n<meta property=\"og:url\" content=\"https:\/\/www.hotellapaul.it\/de\/glutenfreie-restaurant\/\" \/>\n<meta property=\"og:site_name\" content=\"Hotel La Paul\" \/>\n<meta property=\"article:modified_time\" content=\"2026-04-18T11:15:16+00:00\" \/>\n<meta property=\"og:image\" content=\"https:\/\/www.hotellapaul.it\/wp-content\/uploads\/2015\/01\/senza-glutine-colazione-1.jpg\" \/>\n\t<meta property=\"og:image:width\" content=\"144\" \/>\n\t<meta property=\"og:image:height\" content=\"115\" \/>\n\t<meta property=\"og:image:type\" content=\"image\/jpeg\" \/>\n<meta name=\"twitter:card\" content=\"summary_large_image\" \/>\n<meta name=\"twitter:label1\" content=\"Gesch\u00e4tzte Lesezeit\" \/>\n\t<meta name=\"twitter:data1\" content=\"5\u00a0Minuten\" \/>\n<script type=\"application\/ld+json\" class=\"yoast-schema-graph\">{\"@context\":\"https:\\\/\\\/schema.org\",\"@graph\":[{\"@type\":\"WebPage\",\"@id\":\"https:\\\/\\\/www.hotellapaul.it\\\/de\\\/glutenfreie-restaurant\\\/\",\"url\":\"https:\\\/\\\/www.hotellapaul.it\\\/de\\\/glutenfreie-restaurant\\\/\",\"name\":\"Glutenfreie Restaurant | Hotel La Paul | Sirmione\",\"isPartOf\":{\"@id\":\"https:\\\/\\\/www.hotellapaul.it\\\/#website\"},\"primaryImageOfPage\":{\"@id\":\"https:\\\/\\\/www.hotellapaul.it\\\/de\\\/glutenfreie-restaurant\\\/#primaryimage\"},\"image\":{\"@id\":\"https:\\\/\\\/www.hotellapaul.it\\\/de\\\/glutenfreie-restaurant\\\/#primaryimage\"},\"thumbnailUrl\":\"https:\\\/\\\/www.hotellapaul.it\\\/wp-content\\\/uploads\\\/2015\\\/01\\\/senza-glutine-colazione-1.jpg\",\"datePublished\":\"2015-01-23T11:51:03+00:00\",\"dateModified\":\"2026-04-18T11:15:16+00:00\",\"description\":\"Glutenfreie Restaurant Hotel La Paul im Sirmione am Gardasee, Fr\u00fchst\u00fccksbuffet, Mittag- und Abendessen f\u00fcr Ihren Urlaub gluten Entspannen\",\"breadcrumb\":{\"@id\":\"https:\\\/\\\/www.hotellapaul.it\\\/de\\\/glutenfreie-restaurant\\\/#breadcrumb\"},\"inLanguage\":\"de\",\"potentialAction\":[{\"@type\":\"ReadAction\",\"target\":[\"https:\\\/\\\/www.hotellapaul.it\\\/de\\\/glutenfreie-restaurant\\\/\"]}]},{\"@type\":\"ImageObject\",\"inLanguage\":\"de\",\"@id\":\"https:\\\/\\\/www.hotellapaul.it\\\/de\\\/glutenfreie-restaurant\\\/#primaryimage\",\"url\":\"https:\\\/\\\/www.hotellapaul.it\\\/wp-content\\\/uploads\\\/2015\\\/01\\\/senza-glutine-colazione-1.jpg\",\"contentUrl\":\"https:\\\/\\\/www.hotellapaul.it\\\/wp-content\\\/uploads\\\/2015\\\/01\\\/senza-glutine-colazione-1.jpg\"},{\"@type\":\"BreadcrumbList\",\"@id\":\"https:\\\/\\\/www.hotellapaul.it\\\/de\\\/glutenfreie-restaurant\\\/#breadcrumb\",\"itemListElement\":[{\"@type\":\"ListItem\",\"position\":1,\"name\":\"Home\",\"item\":\"https:\\\/\\\/www.hotellapaul.it\\\/de\\\/\"},{\"@type\":\"ListItem\",\"position\":2,\"name\":\"Glutenfreie Restaurant\"}]},{\"@type\":\"WebSite\",\"@id\":\"https:\\\/\\\/www.hotellapaul.it\\\/#website\",\"url\":\"https:\\\/\\\/www.hotellapaul.it\\\/\",\"name\":\"Hotel La Paul\",\"description\":\"Hotel dal 1958 a Sirmione\",\"potentialAction\":[{\"@type\":\"SearchAction\",\"target\":{\"@type\":\"EntryPoint\",\"urlTemplate\":\"https:\\\/\\\/www.hotellapaul.it\\\/?s={search_term_string}\"},\"query-input\":{\"@type\":\"PropertyValueSpecification\",\"valueRequired\":true,\"valueName\":\"search_term_string\"}}],\"inLanguage\":\"de\"}]}<\/script>\n<!-- \/ Yoast SEO plugin. -->","yoast_head_json":{"title":"Glutenfreie Restaurant | Hotel La Paul | Sirmione","description":"Glutenfreie Restaurant Hotel La Paul im Sirmione am Gardasee, Fr\u00fchst\u00fccksbuffet, Mittag- und Abendessen f\u00fcr Ihren Urlaub gluten Entspannen","robots":{"index":"index","follow":"follow","max-snippet":"max-snippet:-1","max-image-preview":"max-image-preview:large","max-video-preview":"max-video-preview:-1"},"canonical":"https:\/\/www.hotellapaul.it\/de\/glutenfreie-restaurant\/","og_locale":"de_DE","og_type":"article","og_title":"Glutenfreie Restaurant | Hotel La Paul | Sirmione","og_description":"Glutenfreie Restaurant Hotel La Paul im Sirmione am Gardasee, Fr\u00fchst\u00fccksbuffet, Mittag- und Abendessen f\u00fcr Ihren Urlaub gluten Entspannen","og_url":"https:\/\/www.hotellapaul.it\/de\/glutenfreie-restaurant\/","og_site_name":"Hotel La Paul","article_modified_time":"2026-04-18T11:15:16+00:00","og_image":[{"width":144,"height":115,"url":"https:\/\/www.hotellapaul.it\/wp-content\/uploads\/2015\/01\/senza-glutine-colazione-1.jpg","type":"image\/jpeg"}],"twitter_card":"summary_large_image","twitter_misc":{"Gesch\u00e4tzte Lesezeit":"5\u00a0Minuten"},"schema":{"@context":"https:\/\/schema.org","@graph":[{"@type":"WebPage","@id":"https:\/\/www.hotellapaul.it\/de\/glutenfreie-restaurant\/","url":"https:\/\/www.hotellapaul.it\/de\/glutenfreie-restaurant\/","name":"Glutenfreie Restaurant | Hotel La Paul | Sirmione","isPartOf":{"@id":"https:\/\/www.hotellapaul.it\/#website"},"primaryImageOfPage":{"@id":"https:\/\/www.hotellapaul.it\/de\/glutenfreie-restaurant\/#primaryimage"},"image":{"@id":"https:\/\/www.hotellapaul.it\/de\/glutenfreie-restaurant\/#primaryimage"},"thumbnailUrl":"https:\/\/www.hotellapaul.it\/wp-content\/uploads\/2015\/01\/senza-glutine-colazione-1.jpg","datePublished":"2015-01-23T11:51:03+00:00","dateModified":"2026-04-18T11:15:16+00:00","description":"Glutenfreie Restaurant Hotel La Paul im Sirmione am Gardasee, Fr\u00fchst\u00fccksbuffet, Mittag- und Abendessen f\u00fcr Ihren Urlaub gluten Entspannen","breadcrumb":{"@id":"https:\/\/www.hotellapaul.it\/de\/glutenfreie-restaurant\/#breadcrumb"},"inLanguage":"de","potentialAction":[{"@type":"ReadAction","target":["https:\/\/www.hotellapaul.it\/de\/glutenfreie-restaurant\/"]}]},{"@type":"ImageObject","inLanguage":"de","@id":"https:\/\/www.hotellapaul.it\/de\/glutenfreie-restaurant\/#primaryimage","url":"https:\/\/www.hotellapaul.it\/wp-content\/uploads\/2015\/01\/senza-glutine-colazione-1.jpg","contentUrl":"https:\/\/www.hotellapaul.it\/wp-content\/uploads\/2015\/01\/senza-glutine-colazione-1.jpg"},{"@type":"BreadcrumbList","@id":"https:\/\/www.hotellapaul.it\/de\/glutenfreie-restaurant\/#breadcrumb","itemListElement":[{"@type":"ListItem","position":1,"name":"Home","item":"https:\/\/www.hotellapaul.it\/de\/"},{"@type":"ListItem","position":2,"name":"Glutenfreie Restaurant"}]},{"@type":"WebSite","@id":"https:\/\/www.hotellapaul.it\/#website","url":"https:\/\/www.hotellapaul.it\/","name":"Hotel La Paul","description":"Hotel dal 1958 a Sirmione","potentialAction":[{"@type":"SearchAction","target":{"@type":"EntryPoint","urlTemplate":"https:\/\/www.hotellapaul.it\/?s={search_term_string}"},"query-input":{"@type":"PropertyValueSpecification","valueRequired":true,"valueName":"search_term_string"}}],"inLanguage":"de"}]}},"_links":{"self":[{"href":"https:\/\/www.hotellapaul.it\/de\/wp-json\/wp\/v2\/pages\/392","targetHints":{"allow":["GET"]}}],"collection":[{"href":"https:\/\/www.hotellapaul.it\/de\/wp-json\/wp\/v2\/pages"}],"about":[{"href":"https:\/\/www.hotellapaul.it\/de\/wp-json\/wp\/v2\/types\/page"}],"author":[{"embeddable":true,"href":"https:\/\/www.hotellapaul.it\/de\/wp-json\/wp\/v2\/users\/1"}],"replies":[{"embeddable":true,"href":"https:\/\/www.hotellapaul.it\/de\/wp-json\/wp\/v2\/comments?post=392"}],"version-history":[{"count":1,"href":"https:\/\/www.hotellapaul.it\/de\/wp-json\/wp\/v2\/pages\/392\/revisions"}],"predecessor-version":[{"id":11750,"href":"https:\/\/www.hotellapaul.it\/de\/wp-json\/wp\/v2\/pages\/392\/revisions\/11750"}],"wp:attachment":[{"href":"https:\/\/www.hotellapaul.it\/de\/wp-json\/wp\/v2\/media?parent=392"}],"curies":[{"name":"wp","href":"https:\/\/api.w.org\/{rel}","templated":true}]}}