{"id":390,"date":"2014-12-21T18:58:38","date_gmt":"2014-12-21T17:58:38","guid":{"rendered":"https:\/\/www.hotellapaul.it\/?page_id=390"},"modified":"2026-01-03T11:41:43","modified_gmt":"2026-01-03T10:41:43","slug":"restaurant-hotel","status":"publish","type":"page","link":"https:\/\/www.hotellapaul.it\/de\/restaurant-hotel\/","title":{"rendered":"Restaurant Hotel"},"content":{"rendered":"\n<h3 class=\"wp-block-heading\">M\u00f6glichkeit im Hotel Halbpension beim Abendessen, Vollpension in der Hochsaison speisen<\/h3>\n\n\n\n<p><span class=\"HwtZe\" lang=\"de\"><span class=\"jCAhz ChMk0b\"><span class=\"ryNqvb\">Hotel restaurant La Paul, eingebettet in das Gr\u00fcn des Gartens mit Blick auf den See, um den Sonnenuntergang zu genie\u00dfen.<\/span><\/span> <span class=\"jCAhz ChMk0b\"><span class=\"ryNqvb\">Im Sommer ist es m\u00f6glich, zum Mittag- und Abendessen im Freien zu essen.<\/span><\/span> <span class=\"jCAhz ChMk0b\"><span class=\"ryNqvb\">Tags\u00fcber ist auch die Kiosk-Bar f\u00fcr kalte Speisen, Sandwiches und vieles mehr ge\u00f6ffnet.<\/span><\/span> <span class=\"jCAhz ChMk0b\"><span class=\"ryNqvb\">Halbpension und Vollpension sind verf\u00fcgbar<\/span><\/span><\/span>. <strong>KEINE VEGANER<\/strong><\/p>\n\n\n\n<h3 class=\"wp-block-heading has-text-align-center\">Das Restaurant Hotel <span class=\"VIiyi\" lang=\"de\"><span class=\"JLqJ4b ChMk0b\" data-language-for-alternatives=\"de\" data-language-to-translate-into=\"it\" data-phrase-index=\"0\">im Garten mit Panoramablick<\/span><\/span><\/h3>\n\n\n\n<p><span class=\"HwtZe\" lang=\"de\"><span class=\"jCAhz ChMk0b\"><span class=\"ryNqvb\">Das Restaurant ist vollst\u00e4ndig in das Gr\u00fcn des Gartens eingebettet und bietet einen weiten Blick auf den See.<\/span><\/span> <span class=\"jCAhz ChMk0b\"><span class=\"ryNqvb\">Unsere Speisekarte konzentriert sich auf Meeresfr\u00fcchte, die auch glutenfrei erh\u00e4ltlich sind  und vegetarische Gerichte.<\/span><\/span> <span class=\"jCAhz ChMk0b\"><span class=\"ryNqvb\">Unsere Weinkarte besteht haupts\u00e4chlich aus typischen Weinen der Region wie: Lugana, Valpolicella, Bardolino, Custoza, die von kleinen und mittleren Weing\u00fctern stammen, f\u00fcr ein Produkt, das n\u00e4her am Gebiet liegt.<\/span><\/span><\/span><\/p>\n\n\n<div class=\"wp-block-image\">\n<figure class=\"aligncenter size-large\"><img decoding=\"async\" src=\"https:\/\/www.hotellapaul.it\/wp-content\/uploads\/2024\/02\/IMG_4963-a-1280-1024x527.jpg\" alt=\"Ristorante Canneto Sirmione\" class=\"wp-image-9502\"\/><\/figure>\n<\/div>\n\n\n<figure class=\"wp-block-gallery aligncenter has-nested-images columns-default is-cropped wp-block-gallery-1 is-layout-flex wp-block-gallery-is-layout-flex\">\n<figure class=\"wp-block-image size-large\"><a href=\"https:\/\/www.hotellapaul.it\/wp-content\/uploads\/2024\/02\/IMG_5044-a-1280.jpg\"><img decoding=\"async\" data-id=\"9517\" src=\"https:\/\/www.hotellapaul.it\/wp-content\/uploads\/2024\/02\/IMG_5044-a-1280-1024x444.jpg\" alt=\"Ristorante Canneto Sirmione\" class=\"wp-image-9517\"\/><\/a><\/figure>\n\n\n\n<figure class=\"wp-block-image size-large\"><a href=\"https:\/\/www.hotellapaul.it\/wp-content\/uploads\/2024\/02\/IMG_5720-A-1280x853-1.jpg\"><img decoding=\"async\" data-id=\"9522\" src=\"https:\/\/www.hotellapaul.it\/wp-content\/uploads\/2024\/02\/IMG_5720-A-1280x853-1-1024x682.jpg\" alt=\"Ristorante Canneto Sirmione\" class=\"wp-image-9522\"\/><\/a><\/figure>\n\n\n\n<figure class=\"wp-block-image size-large\"><a href=\"https:\/\/www.hotellapaul.it\/wp-content\/uploads\/2024\/02\/WhatsApp-Image-2021-10-19-at-18.45.59-1280.jpg\"><img decoding=\"async\" data-id=\"9527\" src=\"https:\/\/www.hotellapaul.it\/wp-content\/uploads\/2024\/02\/WhatsApp-Image-2021-10-19-at-18.45.59-1280-768x1024.jpg\" alt=\"Ristorante Canneto Sirmione\" class=\"wp-image-9527\"\/><\/a><\/figure>\n\n\n\n<figure class=\"wp-block-image size-large\"><a href=\"https:\/\/www.hotellapaul.it\/wp-content\/uploads\/2024\/02\/WhatsApp-Image-2021-10-19-at-18.50.53-7-A-1280.jpg\"><img decoding=\"async\" data-id=\"9532\" src=\"https:\/\/www.hotellapaul.it\/wp-content\/uploads\/2024\/02\/WhatsApp-Image-2021-10-19-at-18.50.53-7-A-1280-1024x557.jpg\" alt=\"Ristorante Canneto Sirmione\" class=\"wp-image-9532\"\/><\/a><\/figure>\n\n\n\n<figure class=\"wp-block-image size-large\"><a href=\"https:\/\/www.hotellapaul.it\/wp-content\/uploads\/2024\/02\/SALA-IMG_3166-68-2000X853.jpg\"><img decoding=\"async\" data-id=\"9512\" src=\"https:\/\/www.hotellapaul.it\/wp-content\/uploads\/2024\/02\/SALA-IMG_3166-68-2000X853-1024x427.jpg\" alt=\"Ristorante Canneto Sirmione\" class=\"wp-image-9512\"\/><\/a><\/figure>\n\n\n\n<figure class=\"wp-block-image size-large\"><a href=\"https:\/\/www.hotellapaul.it\/wp-content\/uploads\/2024\/02\/IMG_4963-a-1280.jpg\"><img decoding=\"async\" data-id=\"9502\" src=\"https:\/\/www.hotellapaul.it\/wp-content\/uploads\/2024\/02\/IMG_4963-a-1280-1024x527.jpg\" alt=\"Ristorante Canneto Sirmione\" class=\"wp-image-9502\"\/><\/a><\/figure>\n\n\n\n<figure class=\"wp-block-image size-large\"><a href=\"https:\/\/www.hotellapaul.it\/wp-content\/uploads\/2024\/02\/1621003369709-a-1280X576.jpg\"><img decoding=\"async\" data-id=\"9537\" src=\"https:\/\/www.hotellapaul.it\/wp-content\/uploads\/2024\/02\/1621003369709-a-1280X576-1024x461.jpg\" alt=\"Ristorante Canneto Sirmione\" class=\"wp-image-9537\"\/><\/a><\/figure>\n\n\n\n<figure class=\"wp-block-image size-large\"><a href=\"https:\/\/www.hotellapaul.it\/wp-content\/uploads\/2024\/02\/IMG_4993-A-1280.jpg\"><img decoding=\"async\" data-id=\"9542\" src=\"https:\/\/www.hotellapaul.it\/wp-content\/uploads\/2024\/02\/IMG_4993-A-1280-1024x536.jpg\" alt=\"Ristorante Canneto Sirmione\" class=\"wp-image-9542\"\/><\/a><\/figure>\n<\/figure>\n\n\n\n<h3 class=\"wp-block-heading has-text-align-center\">Das Fr\u00fchst\u00fccksbuffet<\/h3>\n\n\n\n<p>Am Morgen beginnen Sie Ihren Tag mit einem herzhaften Fr\u00fchst\u00fcck im Garten mit Blick auf den See, die M\u00f6glichkeit, im Freien unter Palmen und Olivenb\u00e4umen zu sitzen; Fr\u00fchst\u00fccksbuffet mit s\u00fc\u00dfen und herzhaften Speisen, Eier, K\u00e4se und Salami. Das Buffet ist ge\u00f6ffnet von 7,30 bis 10,00, Sie k\u00f6nnen sie nach italienischen Fr\u00fchst\u00fcck zu tun an der Bar im hotel oder in der Bar im Garten.<\/p>\n\n\n<div class=\"wp-block-image\">\n<figure class=\"aligncenter size-full\"><img decoding=\"async\" src=\"https:\/\/www.hotellapaul.it\/wp-content\/uploads\/2014\/12\/hotel-la-paul-colazione-a-buffet.jpg\" alt=\"\" class=\"wp-image-5174\"\/><\/figure>\n<\/div>\n\n\n<figure class=\"wp-block-gallery aligncenter has-nested-images columns-default is-cropped wp-block-gallery-2 is-layout-flex wp-block-gallery-is-layout-flex\">\n<figure class=\"wp-block-image size-large\"><a href=\"https:\/\/www.hotellapaul.it\/wp-content\/uploads\/2014\/12\/hotel-la-paul-colazione-a-buffet-salato.jpg\"><img decoding=\"async\" data-id=\"5175\" src=\"https:\/\/www.hotellapaul.it\/wp-content\/uploads\/2014\/12\/hotel-la-paul-colazione-a-buffet-salato.jpg\" alt=\"\" class=\"wp-image-5175\"\/><\/a><\/figure>\n\n\n\n<figure class=\"wp-block-image size-large\"><a href=\"https:\/\/www.hotellapaul.it\/wp-content\/uploads\/2014\/12\/hotel-la-paul-colazione-a-buffet-bevande.jpg\"><img decoding=\"async\" data-id=\"5177\" src=\"https:\/\/www.hotellapaul.it\/wp-content\/uploads\/2014\/12\/hotel-la-paul-colazione-a-buffet-bevande.jpg\" alt=\"\" class=\"wp-image-5177\"\/><\/a><\/figure>\n\n\n\n<figure class=\"wp-block-image size-large\"><a href=\"https:\/\/www.hotellapaul.it\/wp-content\/uploads\/2014\/12\/colazioni-a-buffet-2.jpg\"><img decoding=\"async\" data-id=\"5179\" src=\"https:\/\/www.hotellapaul.it\/wp-content\/uploads\/2014\/12\/colazioni-a-buffet-2-1024x683.jpg\" alt=\"\" class=\"wp-image-5179\"\/><\/a><\/figure>\n\n\n\n<figure class=\"wp-block-image size-large\"><a href=\"https:\/\/www.hotellapaul.it\/wp-content\/uploads\/2014\/12\/colazioni-a-buffet-1.jpg\"><img decoding=\"async\" data-id=\"5180\" src=\"https:\/\/www.hotellapaul.it\/wp-content\/uploads\/2014\/12\/colazioni-a-buffet-1-1024x683.jpg\" alt=\"\" class=\"wp-image-5180\"\/><\/a><\/figure>\n\n\n\n<figure class=\"wp-block-image size-large\"><a href=\"https:\/\/www.hotellapaul.it\/wp-content\/uploads\/2014\/12\/hotel-la-paul-colazione-buffet-1r.jpg\"><img decoding=\"async\" data-id=\"5182\" src=\"https:\/\/www.hotellapaul.it\/wp-content\/uploads\/2014\/12\/hotel-la-paul-colazione-buffet-1r.jpg\" alt=\"\" class=\"wp-image-5182\"\/><\/a><\/figure>\n\n\n\n<figure class=\"wp-block-image size-large\"><a href=\"https:\/\/www.hotellapaul.it\/wp-content\/uploads\/2014\/12\/hotel-la-paul-colazione-buffet-2r.jpg\"><img decoding=\"async\" data-id=\"5181\" src=\"https:\/\/www.hotellapaul.it\/wp-content\/uploads\/2014\/12\/hotel-la-paul-colazione-buffet-2r.jpg\" alt=\"\" class=\"wp-image-5181\"\/><\/a><\/figure>\n\n\n\n<figure class=\"wp-block-image size-large\"><a href=\"https:\/\/www.hotellapaul.it\/wp-content\/uploads\/2014\/12\/hotel-la-paul-colazione-buffet-esterno-6r.jpg\"><img decoding=\"async\" data-id=\"5183\" src=\"https:\/\/www.hotellapaul.it\/wp-content\/uploads\/2014\/12\/hotel-la-paul-colazione-buffet-esterno-6r.jpg\" alt=\"\" class=\"wp-image-5183\"\/><\/a><\/figure>\n<\/figure>\n","protected":false},"excerpt":{"rendered":"<p>M\u00f6glichkeit im Hotel Halbpension beim Abendessen, Vollpension in der Hochsaison speisen Hotel [&hellip;]<\/p>\n","protected":false},"author":1,"featured_media":11420,"parent":0,"menu_order":79,"comment_status":"open","ping_status":"closed","template":"","meta":{"_acf_changed":false,"footnotes":""},"class_list":["post-390","page","type-page","status-publish","has-post-thumbnail","hentry"],"acf":[],"yoast_head":"<!-- This site is optimized with the Yoast SEO plugin v27.4 - https:\/\/yoast.com\/product\/yoast-seo-wordpress\/ -->\n<title>Restaurant Hotel La Paul auf den Gardasee<\/title>\n<meta name=\"description\" content=\"Restaurant Hotel La Paul in Sirmione,Blick auf den Gardasee, glutenfreie K\u00fcche, Fr\u00fchst\u00fccksbuffet in den See, Seefisch, lokale K\u00fcche, Weine von Garda\" \/>\n<meta name=\"robots\" content=\"index, follow, max-snippet:-1, max-image-preview:large, max-video-preview:-1\" \/>\n<link rel=\"canonical\" href=\"https:\/\/www.hotellapaul.it\/de\/restaurant-hotel\/\" \/>\n<meta property=\"og:locale\" content=\"de_DE\" \/>\n<meta property=\"og:type\" content=\"article\" \/>\n<meta property=\"og:title\" content=\"Restaurant Hotel La Paul auf den Gardasee\" \/>\n<meta property=\"og:description\" content=\"Restaurant Hotel La Paul in Sirmione,Blick auf den Gardasee, glutenfreie K\u00fcche, Fr\u00fchst\u00fccksbuffet in den See, Seefisch, lokale K\u00fcche, Weine von Garda\" \/>\n<meta property=\"og:url\" content=\"https:\/\/www.hotellapaul.it\/de\/restaurant-hotel\/\" \/>\n<meta property=\"og:site_name\" content=\"Hotel La Paul\" \/>\n<meta property=\"article:modified_time\" content=\"2026-01-03T10:41:43+00:00\" \/>\n<meta property=\"og:image\" content=\"https:\/\/www.hotellapaul.it\/wp-content\/uploads\/2024\/02\/IMG_4993-A-1280.jpg\" \/>\n\t<meta property=\"og:image:width\" content=\"1280\" \/>\n\t<meta property=\"og:image:height\" content=\"670\" \/>\n\t<meta property=\"og:image:type\" content=\"image\/jpeg\" \/>\n<meta name=\"twitter:card\" content=\"summary_large_image\" \/>\n<meta name=\"twitter:label1\" content=\"Gesch\u00e4tzte Lesezeit\" \/>\n\t<meta name=\"twitter:data1\" content=\"5\u00a0Minuten\" \/>\n<script type=\"application\/ld+json\" class=\"yoast-schema-graph\">{\"@context\":\"https:\\\/\\\/schema.org\",\"@graph\":[{\"@type\":\"WebPage\",\"@id\":\"https:\\\/\\\/www.hotellapaul.it\\\/de\\\/restaurant-hotel\\\/\",\"url\":\"https:\\\/\\\/www.hotellapaul.it\\\/de\\\/restaurant-hotel\\\/\",\"name\":\"Restaurant Hotel La Paul auf den Gardasee\",\"isPartOf\":{\"@id\":\"https:\\\/\\\/www.hotellapaul.it\\\/#website\"},\"primaryImageOfPage\":{\"@id\":\"https:\\\/\\\/www.hotellapaul.it\\\/de\\\/restaurant-hotel\\\/#primaryimage\"},\"image\":{\"@id\":\"https:\\\/\\\/www.hotellapaul.it\\\/de\\\/restaurant-hotel\\\/#primaryimage\"},\"thumbnailUrl\":\"https:\\\/\\\/www.hotellapaul.it\\\/wp-content\\\/uploads\\\/2024\\\/02\\\/IMG_4993-A-1280.jpg\",\"datePublished\":\"2014-12-21T17:58:38+00:00\",\"dateModified\":\"2026-01-03T10:41:43+00:00\",\"description\":\"Restaurant Hotel La Paul in Sirmione,Blick auf den Gardasee, glutenfreie K\u00fcche, Fr\u00fchst\u00fccksbuffet in den See, Seefisch, lokale K\u00fcche, Weine von Garda\",\"breadcrumb\":{\"@id\":\"https:\\\/\\\/www.hotellapaul.it\\\/de\\\/restaurant-hotel\\\/#breadcrumb\"},\"inLanguage\":\"de\",\"potentialAction\":[{\"@type\":\"ReadAction\",\"target\":[\"https:\\\/\\\/www.hotellapaul.it\\\/de\\\/restaurant-hotel\\\/\"]}]},{\"@type\":\"ImageObject\",\"inLanguage\":\"de\",\"@id\":\"https:\\\/\\\/www.hotellapaul.it\\\/de\\\/restaurant-hotel\\\/#primaryimage\",\"url\":\"https:\\\/\\\/www.hotellapaul.it\\\/wp-content\\\/uploads\\\/2024\\\/02\\\/IMG_4993-A-1280.jpg\",\"contentUrl\":\"https:\\\/\\\/www.hotellapaul.it\\\/wp-content\\\/uploads\\\/2024\\\/02\\\/IMG_4993-A-1280.jpg\",\"width\":1280,\"height\":670,\"caption\":\"Ristorante Canneto Sirmione\"},{\"@type\":\"BreadcrumbList\",\"@id\":\"https:\\\/\\\/www.hotellapaul.it\\\/de\\\/restaurant-hotel\\\/#breadcrumb\",\"itemListElement\":[{\"@type\":\"ListItem\",\"position\":1,\"name\":\"Home\",\"item\":\"https:\\\/\\\/www.hotellapaul.it\\\/de\\\/\"},{\"@type\":\"ListItem\",\"position\":2,\"name\":\"Restaurant Hotel\"}]},{\"@type\":\"WebSite\",\"@id\":\"https:\\\/\\\/www.hotellapaul.it\\\/#website\",\"url\":\"https:\\\/\\\/www.hotellapaul.it\\\/\",\"name\":\"Hotel La Paul\",\"description\":\"Hotel dal 1958 a Sirmione\",\"potentialAction\":[{\"@type\":\"SearchAction\",\"target\":{\"@type\":\"EntryPoint\",\"urlTemplate\":\"https:\\\/\\\/www.hotellapaul.it\\\/?s={search_term_string}\"},\"query-input\":{\"@type\":\"PropertyValueSpecification\",\"valueRequired\":true,\"valueName\":\"search_term_string\"}}],\"inLanguage\":\"de\"}]}<\/script>\n<!-- \/ Yoast SEO plugin. -->","yoast_head_json":{"title":"Restaurant Hotel La Paul auf den Gardasee","description":"Restaurant Hotel La Paul in Sirmione,Blick auf den Gardasee, glutenfreie K\u00fcche, Fr\u00fchst\u00fccksbuffet in den See, Seefisch, lokale K\u00fcche, Weine von Garda","robots":{"index":"index","follow":"follow","max-snippet":"max-snippet:-1","max-image-preview":"max-image-preview:large","max-video-preview":"max-video-preview:-1"},"canonical":"https:\/\/www.hotellapaul.it\/de\/restaurant-hotel\/","og_locale":"de_DE","og_type":"article","og_title":"Restaurant Hotel La Paul auf den Gardasee","og_description":"Restaurant Hotel La Paul in Sirmione,Blick auf den Gardasee, glutenfreie K\u00fcche, Fr\u00fchst\u00fccksbuffet in den See, Seefisch, lokale K\u00fcche, Weine von Garda","og_url":"https:\/\/www.hotellapaul.it\/de\/restaurant-hotel\/","og_site_name":"Hotel La Paul","article_modified_time":"2026-01-03T10:41:43+00:00","og_image":[{"width":1280,"height":670,"url":"https:\/\/www.hotellapaul.it\/wp-content\/uploads\/2024\/02\/IMG_4993-A-1280.jpg","type":"image\/jpeg"}],"twitter_card":"summary_large_image","twitter_misc":{"Gesch\u00e4tzte Lesezeit":"5\u00a0Minuten"},"schema":{"@context":"https:\/\/schema.org","@graph":[{"@type":"WebPage","@id":"https:\/\/www.hotellapaul.it\/de\/restaurant-hotel\/","url":"https:\/\/www.hotellapaul.it\/de\/restaurant-hotel\/","name":"Restaurant Hotel La Paul auf den Gardasee","isPartOf":{"@id":"https:\/\/www.hotellapaul.it\/#website"},"primaryImageOfPage":{"@id":"https:\/\/www.hotellapaul.it\/de\/restaurant-hotel\/#primaryimage"},"image":{"@id":"https:\/\/www.hotellapaul.it\/de\/restaurant-hotel\/#primaryimage"},"thumbnailUrl":"https:\/\/www.hotellapaul.it\/wp-content\/uploads\/2024\/02\/IMG_4993-A-1280.jpg","datePublished":"2014-12-21T17:58:38+00:00","dateModified":"2026-01-03T10:41:43+00:00","description":"Restaurant Hotel La Paul in Sirmione,Blick auf den Gardasee, glutenfreie K\u00fcche, Fr\u00fchst\u00fccksbuffet in den See, Seefisch, lokale K\u00fcche, Weine von Garda","breadcrumb":{"@id":"https:\/\/www.hotellapaul.it\/de\/restaurant-hotel\/#breadcrumb"},"inLanguage":"de","potentialAction":[{"@type":"ReadAction","target":["https:\/\/www.hotellapaul.it\/de\/restaurant-hotel\/"]}]},{"@type":"ImageObject","inLanguage":"de","@id":"https:\/\/www.hotellapaul.it\/de\/restaurant-hotel\/#primaryimage","url":"https:\/\/www.hotellapaul.it\/wp-content\/uploads\/2024\/02\/IMG_4993-A-1280.jpg","contentUrl":"https:\/\/www.hotellapaul.it\/wp-content\/uploads\/2024\/02\/IMG_4993-A-1280.jpg","width":1280,"height":670,"caption":"Ristorante Canneto Sirmione"},{"@type":"BreadcrumbList","@id":"https:\/\/www.hotellapaul.it\/de\/restaurant-hotel\/#breadcrumb","itemListElement":[{"@type":"ListItem","position":1,"name":"Home","item":"https:\/\/www.hotellapaul.it\/de\/"},{"@type":"ListItem","position":2,"name":"Restaurant Hotel"}]},{"@type":"WebSite","@id":"https:\/\/www.hotellapaul.it\/#website","url":"https:\/\/www.hotellapaul.it\/","name":"Hotel La Paul","description":"Hotel dal 1958 a Sirmione","potentialAction":[{"@type":"SearchAction","target":{"@type":"EntryPoint","urlTemplate":"https:\/\/www.hotellapaul.it\/?s={search_term_string}"},"query-input":{"@type":"PropertyValueSpecification","valueRequired":true,"valueName":"search_term_string"}}],"inLanguage":"de"}]}},"_links":{"self":[{"href":"https:\/\/www.hotellapaul.it\/de\/wp-json\/wp\/v2\/pages\/390","targetHints":{"allow":["GET"]}}],"collection":[{"href":"https:\/\/www.hotellapaul.it\/de\/wp-json\/wp\/v2\/pages"}],"about":[{"href":"https:\/\/www.hotellapaul.it\/de\/wp-json\/wp\/v2\/types\/page"}],"author":[{"embeddable":true,"href":"https:\/\/www.hotellapaul.it\/de\/wp-json\/wp\/v2\/users\/1"}],"replies":[{"embeddable":true,"href":"https:\/\/www.hotellapaul.it\/de\/wp-json\/wp\/v2\/comments?post=390"}],"version-history":[{"count":0,"href":"https:\/\/www.hotellapaul.it\/de\/wp-json\/wp\/v2\/pages\/390\/revisions"}],"wp:featuredmedia":[{"embeddable":true,"href":"https:\/\/www.hotellapaul.it\/de\/wp-json\/wp\/v2\/media\/11420"}],"wp:attachment":[{"href":"https:\/\/www.hotellapaul.it\/de\/wp-json\/wp\/v2\/media?parent=390"}],"curies":[{"name":"wp","href":"https:\/\/api.w.org\/{rel}","templated":true}]}}