{"id":387,"date":"2015-01-20T14:48:30","date_gmt":"2015-01-20T13:48:30","guid":{"rendered":"https:\/\/www.hotellapaul.it\/?page_id=387"},"modified":"2026-01-03T11:41:45","modified_gmt":"2026-01-03T10:41:45","slug":"meeting-sirmione","status":"publish","type":"page","link":"https:\/\/www.hotellapaul.it\/de\/meeting-sirmione\/","title":{"rendered":"Meeting Sirmione"},"content":{"rendered":"\n<h4 class=\"wp-block-heading\">Meeting Sirmione im Hotel La Paul in Ufer zum Gardasee<\/h4>\n\n\n\n<p>F\u00fcr ein Gesch\u00e4ftstreffen in einem informellen Rahmen, am Ufer des Gardasees, wo man die Arbeit mit Entspannung zu verbinden. Der Tagungsraum hat Erker mit Blick auf den Pool. Die Anordnung ist nach den Bed\u00fcrfnissen des Kunden ist die Kapazit\u00e4t um 70 Pl\u00e4tze im Theater.<\/p>\n\n\n\n<p>Dienste<br>\nkomplett abgedunkelten Raum<br>\nflipchart<br>\nAmplifikation<br>\nFax-Service<br>\nComputer-Projektor<br>\nDiaprojektor<br>\nKopierservice<br>\nRiesenleinwand 200&#215;250 cm<br>\nwifi<br>\nCatering f\u00fcr Meetings<br>\nKaffeepausen<br>\nItalienisch Brunch<br>\nArbeitsessen<br>\nAbendessen mit speziellen Men\u00fcs f\u00fcr jeden Bedarf<\/p>\n","protected":false},"excerpt":{"rendered":"<p>Meeting Sirmione im Hotel La Paul in Ufer zum Gardasee F\u00fcr ein [&hellip;]<\/p>\n","protected":false},"author":1,"featured_media":0,"parent":0,"menu_order":84,"comment_status":"open","ping_status":"closed","template":"","meta":{"_acf_changed":false,"footnotes":""},"class_list":["post-387","page","type-page","status-publish","hentry"],"acf":[],"yoast_head":"<!-- This site is optimized with the Yoast SEO plugin v27.4 - https:\/\/yoast.com\/product\/yoast-seo-wordpress\/ -->\n<title>Meeting Sirmione im Hotel La Paul<\/title>\n<meta name=\"description\" content=\"Meeting Sirmione im Hotel La Paul am Ufer des Gardasees, Arbeiten und Entspannen in einer gr\u00fcnen Oase\" \/>\n<meta name=\"robots\" content=\"index, follow, max-snippet:-1, max-image-preview:large, max-video-preview:-1\" \/>\n<link rel=\"canonical\" href=\"https:\/\/www.hotellapaul.it\/de\/meeting-sirmione\/\" \/>\n<meta property=\"og:locale\" content=\"de_DE\" \/>\n<meta property=\"og:type\" content=\"article\" \/>\n<meta property=\"og:title\" content=\"Meeting Sirmione im Hotel La Paul\" \/>\n<meta property=\"og:description\" content=\"Meeting Sirmione im Hotel La Paul am Ufer des Gardasees, Arbeiten und Entspannen in einer gr\u00fcnen Oase\" \/>\n<meta property=\"og:url\" content=\"https:\/\/www.hotellapaul.it\/de\/meeting-sirmione\/\" \/>\n<meta property=\"og:site_name\" content=\"Hotel La Paul\" \/>\n<meta property=\"article:modified_time\" content=\"2026-01-03T10:41:45+00:00\" \/>\n<meta name=\"twitter:card\" content=\"summary_large_image\" \/>\n<meta name=\"twitter:label1\" content=\"Gesch\u00e4tzte Lesezeit\" \/>\n\t<meta name=\"twitter:data1\" content=\"1\u00a0Minute\" \/>\n<script type=\"application\/ld+json\" class=\"yoast-schema-graph\">{\"@context\":\"https:\\\/\\\/schema.org\",\"@graph\":[{\"@type\":\"WebPage\",\"@id\":\"https:\\\/\\\/www.hotellapaul.it\\\/de\\\/meeting-sirmione\\\/\",\"url\":\"https:\\\/\\\/www.hotellapaul.it\\\/de\\\/meeting-sirmione\\\/\",\"name\":\"Meeting Sirmione im Hotel La Paul\",\"isPartOf\":{\"@id\":\"https:\\\/\\\/www.hotellapaul.it\\\/#website\"},\"datePublished\":\"2015-01-20T13:48:30+00:00\",\"dateModified\":\"2026-01-03T10:41:45+00:00\",\"description\":\"Meeting Sirmione im Hotel La Paul am Ufer des Gardasees, Arbeiten und Entspannen in einer gr\u00fcnen Oase\",\"breadcrumb\":{\"@id\":\"https:\\\/\\\/www.hotellapaul.it\\\/de\\\/meeting-sirmione\\\/#breadcrumb\"},\"inLanguage\":\"de\",\"potentialAction\":[{\"@type\":\"ReadAction\",\"target\":[\"https:\\\/\\\/www.hotellapaul.it\\\/de\\\/meeting-sirmione\\\/\"]}]},{\"@type\":\"BreadcrumbList\",\"@id\":\"https:\\\/\\\/www.hotellapaul.it\\\/de\\\/meeting-sirmione\\\/#breadcrumb\",\"itemListElement\":[{\"@type\":\"ListItem\",\"position\":1,\"name\":\"Home\",\"item\":\"https:\\\/\\\/www.hotellapaul.it\\\/de\\\/\"},{\"@type\":\"ListItem\",\"position\":2,\"name\":\"Meeting Sirmione\"}]},{\"@type\":\"WebSite\",\"@id\":\"https:\\\/\\\/www.hotellapaul.it\\\/#website\",\"url\":\"https:\\\/\\\/www.hotellapaul.it\\\/\",\"name\":\"Hotel La Paul\",\"description\":\"Hotel dal 1958 a Sirmione\",\"potentialAction\":[{\"@type\":\"SearchAction\",\"target\":{\"@type\":\"EntryPoint\",\"urlTemplate\":\"https:\\\/\\\/www.hotellapaul.it\\\/?s={search_term_string}\"},\"query-input\":{\"@type\":\"PropertyValueSpecification\",\"valueRequired\":true,\"valueName\":\"search_term_string\"}}],\"inLanguage\":\"de\"}]}<\/script>\n<!-- \/ Yoast SEO plugin. -->","yoast_head_json":{"title":"Meeting Sirmione im Hotel La Paul","description":"Meeting Sirmione im Hotel La Paul am Ufer des Gardasees, Arbeiten und Entspannen in einer gr\u00fcnen Oase","robots":{"index":"index","follow":"follow","max-snippet":"max-snippet:-1","max-image-preview":"max-image-preview:large","max-video-preview":"max-video-preview:-1"},"canonical":"https:\/\/www.hotellapaul.it\/de\/meeting-sirmione\/","og_locale":"de_DE","og_type":"article","og_title":"Meeting Sirmione im Hotel La Paul","og_description":"Meeting Sirmione im Hotel La Paul am Ufer des Gardasees, Arbeiten und Entspannen in einer gr\u00fcnen Oase","og_url":"https:\/\/www.hotellapaul.it\/de\/meeting-sirmione\/","og_site_name":"Hotel La Paul","article_modified_time":"2026-01-03T10:41:45+00:00","twitter_card":"summary_large_image","twitter_misc":{"Gesch\u00e4tzte Lesezeit":"1\u00a0Minute"},"schema":{"@context":"https:\/\/schema.org","@graph":[{"@type":"WebPage","@id":"https:\/\/www.hotellapaul.it\/de\/meeting-sirmione\/","url":"https:\/\/www.hotellapaul.it\/de\/meeting-sirmione\/","name":"Meeting Sirmione im Hotel La Paul","isPartOf":{"@id":"https:\/\/www.hotellapaul.it\/#website"},"datePublished":"2015-01-20T13:48:30+00:00","dateModified":"2026-01-03T10:41:45+00:00","description":"Meeting Sirmione im Hotel La Paul am Ufer des Gardasees, Arbeiten und Entspannen in einer gr\u00fcnen Oase","breadcrumb":{"@id":"https:\/\/www.hotellapaul.it\/de\/meeting-sirmione\/#breadcrumb"},"inLanguage":"de","potentialAction":[{"@type":"ReadAction","target":["https:\/\/www.hotellapaul.it\/de\/meeting-sirmione\/"]}]},{"@type":"BreadcrumbList","@id":"https:\/\/www.hotellapaul.it\/de\/meeting-sirmione\/#breadcrumb","itemListElement":[{"@type":"ListItem","position":1,"name":"Home","item":"https:\/\/www.hotellapaul.it\/de\/"},{"@type":"ListItem","position":2,"name":"Meeting Sirmione"}]},{"@type":"WebSite","@id":"https:\/\/www.hotellapaul.it\/#website","url":"https:\/\/www.hotellapaul.it\/","name":"Hotel La Paul","description":"Hotel dal 1958 a Sirmione","potentialAction":[{"@type":"SearchAction","target":{"@type":"EntryPoint","urlTemplate":"https:\/\/www.hotellapaul.it\/?s={search_term_string}"},"query-input":{"@type":"PropertyValueSpecification","valueRequired":true,"valueName":"search_term_string"}}],"inLanguage":"de"}]}},"_links":{"self":[{"href":"https:\/\/www.hotellapaul.it\/de\/wp-json\/wp\/v2\/pages\/387","targetHints":{"allow":["GET"]}}],"collection":[{"href":"https:\/\/www.hotellapaul.it\/de\/wp-json\/wp\/v2\/pages"}],"about":[{"href":"https:\/\/www.hotellapaul.it\/de\/wp-json\/wp\/v2\/types\/page"}],"author":[{"embeddable":true,"href":"https:\/\/www.hotellapaul.it\/de\/wp-json\/wp\/v2\/users\/1"}],"replies":[{"embeddable":true,"href":"https:\/\/www.hotellapaul.it\/de\/wp-json\/wp\/v2\/comments?post=387"}],"version-history":[{"count":0,"href":"https:\/\/www.hotellapaul.it\/de\/wp-json\/wp\/v2\/pages\/387\/revisions"}],"wp:attachment":[{"href":"https:\/\/www.hotellapaul.it\/de\/wp-json\/wp\/v2\/media?parent=387"}],"curies":[{"name":"wp","href":"https:\/\/api.w.org\/{rel}","templated":true}]}}