{"id":382,"date":"2015-02-16T15:57:14","date_gmt":"2015-02-16T14:57:14","guid":{"rendered":"https:\/\/www.hotellapaul.it\/?page_id=382"},"modified":"2026-04-04T12:53:54","modified_gmt":"2026-04-04T10:53:54","slug":"hotel-la-paul-im-sirmione","status":"publish","type":"page","link":"https:\/\/www.hotellapaul.it\/de\/hotel-la-paul-im-sirmione\/","title":{"rendered":"Hotel La Paul im Sirmione"},"content":{"rendered":"\n<h2 class=\"wp-block-heading\"><strong>Hotel La Paul im Sirmione, in der N\u00e4he der Altstadt, mit gro\u00dfem Garten auf dem See, Privatparkplatz.<\/strong><\/h2>\n\n\n\n<p>Hotel La Paul im Sirmione: Von uns k\u00f6nnen Sie im Auto zu jeder Zeit ohne Probleme ruhig ankommen, Sie haben zu Ihrer Veranlagung einen gro\u00dfen Parkplatz ausgeschlossen vor dem Hotel und in wenigen Minuten sechs zum Schlo\u00df von Sirmione, um die alte Stadt zu Fu\u00df zu besuchen. Entspannen Sie am See gibt es etwa 3000 qm Garten mit B\u00e4umen und mit einem kleinen Strand an der Westseite der Halbinsel ausgestattet, um die Sonne zu genie\u00dfen bis zum sp\u00e4ten Nachmittag am Ufer des Gardasees mit Sommerbar im Schatten der Linden f\u00fcr Service am Strand und Bootssteg zum Festmachen Boote; auf der anderen Seite des Geb\u00e4udes befindet sich der Au\u00dfenpool mit Sonnenterrasse , die von gesch\u00fctzten Hotel bleibt, um die Sonne auch in der Nebensaison zu genie\u00dfen. Sowohl der Garten und der Pool werden durch wifi Hotel abgedeckt; Hunde am Strand werden akzeptiert, aber m\u00fcssen angeleint werden.<\/p>\n\n\n\n<p><strong>Hunde:<\/strong> Wegen der wiederholten Episoden mit Menschen als unh\u00f6flich Hunde werden nicht akzeptiert.<\/p>\n\n\n\n<figure class=\"wp-block-image size-large\"><img decoding=\"async\" src=\"https:\/\/www.hotellapaul.it\/wp-content\/uploads\/2024\/02\/IMG_5021-ok-T-1024x457.jpg\" alt=\"\" class=\"wp-image-9316\"\/><\/figure>\n\n\n\n<p>Hotel La Paul Sirmione- Hoteldienste<\/p>\n\n\n\n<h5 class=\"wp-block-heading\">Hoteldienste f\u00fcr Familien, Dienstleistungen Sommer am Strand<\/h5>\n\n\n\n<p>Wifi im Hotel kostenlos in den \u00f6ffentlichen Bereichen und Zimmer<br>Reservierung Auto und \/ oder Vermietung mit Fahrer *<br>Reservierung Hotel Transfer vom \/ zum Flughafen *<br>Reservierung Sie Karten Arena di Verona und Theatern<br>Reservierung Tour auf dem Gardasee und den wichtigsten Zielen in Norditalien<br>Kleine freie Bibliothek zur Verf\u00fcgung<br>W\u00e4scherei Hotels und B\u00fcgel in 24h<br>Geldwechsel-Dollar \/ Pfund<br>Lunchpakete f\u00fcr Ihre Tage in den Parks<br>Fahrr\u00e4der (externer Service)<br>Beach Bar<br>Lakeside Garten mit Sonnenliegen<br>Kostenlose Strandt\u00fccher<br>Kinderbetten mit hohen Seiten<br>Hochst\u00fchle und Tischsets<br>Kindermen\u00fc (in der Saison)<\/p>\n","protected":false},"excerpt":{"rendered":"<p>Hotel La Paul im Sirmione, in der N\u00e4he der Altstadt, mit gro\u00dfem [&hellip;]<\/p>\n","protected":false},"author":1,"featured_media":11450,"parent":0,"menu_order":47,"comment_status":"open","ping_status":"closed","template":"","meta":{"_acf_changed":false,"footnotes":""},"class_list":["post-382","page","type-page","status-publish","has-post-thumbnail","hentry"],"acf":[],"yoast_head":"<!-- This site is optimized with the Yoast SEO plugin v27.4 - https:\/\/yoast.com\/product\/yoast-seo-wordpress\/ -->\n<title>Hotel La Paul im Sirmione | Gardasee | offizielle Website<\/title>\n<meta name=\"description\" content=\"Hotel La Paul im Sirmione OFFICIAL WEBSITE Direktbuchung mit den besten Preisen, direkt am See, nur wenige Schritte von der Altstadt\" \/>\n<meta name=\"robots\" content=\"index, follow, max-snippet:-1, max-image-preview:large, max-video-preview:-1\" \/>\n<link rel=\"canonical\" href=\"https:\/\/www.hotellapaul.it\/de\/hotel-la-paul-im-sirmione\/\" \/>\n<meta property=\"og:locale\" content=\"de_DE\" \/>\n<meta property=\"og:type\" content=\"article\" \/>\n<meta property=\"og:title\" content=\"Hotel La Paul im Sirmione | Gardasee | offizielle Website\" \/>\n<meta property=\"og:description\" content=\"Hotel La Paul im Sirmione OFFICIAL WEBSITE Direktbuchung mit den besten Preisen, direkt am See, nur wenige Schritte von der Altstadt\" \/>\n<meta property=\"og:url\" content=\"https:\/\/www.hotellapaul.it\/de\/hotel-la-paul-im-sirmione\/\" \/>\n<meta property=\"og:site_name\" content=\"Hotel La Paul\" \/>\n<meta property=\"article:modified_time\" content=\"2026-04-04T10:53:54+00:00\" \/>\n<meta property=\"og:image\" content=\"https:\/\/www.hotellapaul.it\/wp-content\/uploads\/2014\/12\/PAN-IMG_9131-33-1280.jpg\" \/>\n\t<meta property=\"og:image:width\" content=\"1280\" \/>\n\t<meta property=\"og:image:height\" content=\"456\" \/>\n\t<meta property=\"og:image:type\" content=\"image\/jpeg\" \/>\n<meta name=\"twitter:card\" content=\"summary_large_image\" \/>\n<meta name=\"twitter:label1\" content=\"Gesch\u00e4tzte Lesezeit\" \/>\n\t<meta name=\"twitter:data1\" content=\"2\u00a0Minuten\" \/>\n<script type=\"application\/ld+json\" class=\"yoast-schema-graph\">{\"@context\":\"https:\\\/\\\/schema.org\",\"@graph\":[{\"@type\":\"WebPage\",\"@id\":\"https:\\\/\\\/www.hotellapaul.it\\\/de\\\/hotel-la-paul-im-sirmione\\\/\",\"url\":\"https:\\\/\\\/www.hotellapaul.it\\\/de\\\/hotel-la-paul-im-sirmione\\\/\",\"name\":\"Hotel La Paul im Sirmione | Gardasee | offizielle Website\",\"isPartOf\":{\"@id\":\"https:\\\/\\\/www.hotellapaul.it\\\/#website\"},\"primaryImageOfPage\":{\"@id\":\"https:\\\/\\\/www.hotellapaul.it\\\/de\\\/hotel-la-paul-im-sirmione\\\/#primaryimage\"},\"image\":{\"@id\":\"https:\\\/\\\/www.hotellapaul.it\\\/de\\\/hotel-la-paul-im-sirmione\\\/#primaryimage\"},\"thumbnailUrl\":\"https:\\\/\\\/www.hotellapaul.it\\\/wp-content\\\/uploads\\\/2014\\\/12\\\/PAN-IMG_9131-33-1280.jpg\",\"datePublished\":\"2015-02-16T14:57:14+00:00\",\"dateModified\":\"2026-04-04T10:53:54+00:00\",\"description\":\"Hotel La Paul im Sirmione OFFICIAL WEBSITE Direktbuchung mit den besten Preisen, direkt am See, nur wenige Schritte von der Altstadt\",\"breadcrumb\":{\"@id\":\"https:\\\/\\\/www.hotellapaul.it\\\/de\\\/hotel-la-paul-im-sirmione\\\/#breadcrumb\"},\"inLanguage\":\"de\",\"potentialAction\":[{\"@type\":\"ReadAction\",\"target\":[\"https:\\\/\\\/www.hotellapaul.it\\\/de\\\/hotel-la-paul-im-sirmione\\\/\"]}]},{\"@type\":\"ImageObject\",\"inLanguage\":\"de\",\"@id\":\"https:\\\/\\\/www.hotellapaul.it\\\/de\\\/hotel-la-paul-im-sirmione\\\/#primaryimage\",\"url\":\"https:\\\/\\\/www.hotellapaul.it\\\/wp-content\\\/uploads\\\/2014\\\/12\\\/PAN-IMG_9131-33-1280.jpg\",\"contentUrl\":\"https:\\\/\\\/www.hotellapaul.it\\\/wp-content\\\/uploads\\\/2014\\\/12\\\/PAN-IMG_9131-33-1280.jpg\",\"width\":1280,\"height\":456},{\"@type\":\"BreadcrumbList\",\"@id\":\"https:\\\/\\\/www.hotellapaul.it\\\/de\\\/hotel-la-paul-im-sirmione\\\/#breadcrumb\",\"itemListElement\":[{\"@type\":\"ListItem\",\"position\":1,\"name\":\"Home\",\"item\":\"https:\\\/\\\/www.hotellapaul.it\\\/de\\\/\"},{\"@type\":\"ListItem\",\"position\":2,\"name\":\"Hotel La Paul im Sirmione\"}]},{\"@type\":\"WebSite\",\"@id\":\"https:\\\/\\\/www.hotellapaul.it\\\/#website\",\"url\":\"https:\\\/\\\/www.hotellapaul.it\\\/\",\"name\":\"Hotel La Paul\",\"description\":\"Hotel dal 1958 a Sirmione\",\"potentialAction\":[{\"@type\":\"SearchAction\",\"target\":{\"@type\":\"EntryPoint\",\"urlTemplate\":\"https:\\\/\\\/www.hotellapaul.it\\\/?s={search_term_string}\"},\"query-input\":{\"@type\":\"PropertyValueSpecification\",\"valueRequired\":true,\"valueName\":\"search_term_string\"}}],\"inLanguage\":\"de\"}]}<\/script>\n<!-- \/ Yoast SEO plugin. -->","yoast_head_json":{"title":"Hotel La Paul im Sirmione | Gardasee | offizielle Website","description":"Hotel La Paul im Sirmione OFFICIAL WEBSITE Direktbuchung mit den besten Preisen, direkt am See, nur wenige Schritte von der Altstadt","robots":{"index":"index","follow":"follow","max-snippet":"max-snippet:-1","max-image-preview":"max-image-preview:large","max-video-preview":"max-video-preview:-1"},"canonical":"https:\/\/www.hotellapaul.it\/de\/hotel-la-paul-im-sirmione\/","og_locale":"de_DE","og_type":"article","og_title":"Hotel La Paul im Sirmione | Gardasee | offizielle Website","og_description":"Hotel La Paul im Sirmione OFFICIAL WEBSITE Direktbuchung mit den besten Preisen, direkt am See, nur wenige Schritte von der Altstadt","og_url":"https:\/\/www.hotellapaul.it\/de\/hotel-la-paul-im-sirmione\/","og_site_name":"Hotel La Paul","article_modified_time":"2026-04-04T10:53:54+00:00","og_image":[{"width":1280,"height":456,"url":"https:\/\/www.hotellapaul.it\/wp-content\/uploads\/2014\/12\/PAN-IMG_9131-33-1280.jpg","type":"image\/jpeg"}],"twitter_card":"summary_large_image","twitter_misc":{"Gesch\u00e4tzte Lesezeit":"2\u00a0Minuten"},"schema":{"@context":"https:\/\/schema.org","@graph":[{"@type":"WebPage","@id":"https:\/\/www.hotellapaul.it\/de\/hotel-la-paul-im-sirmione\/","url":"https:\/\/www.hotellapaul.it\/de\/hotel-la-paul-im-sirmione\/","name":"Hotel La Paul im Sirmione | Gardasee | offizielle Website","isPartOf":{"@id":"https:\/\/www.hotellapaul.it\/#website"},"primaryImageOfPage":{"@id":"https:\/\/www.hotellapaul.it\/de\/hotel-la-paul-im-sirmione\/#primaryimage"},"image":{"@id":"https:\/\/www.hotellapaul.it\/de\/hotel-la-paul-im-sirmione\/#primaryimage"},"thumbnailUrl":"https:\/\/www.hotellapaul.it\/wp-content\/uploads\/2014\/12\/PAN-IMG_9131-33-1280.jpg","datePublished":"2015-02-16T14:57:14+00:00","dateModified":"2026-04-04T10:53:54+00:00","description":"Hotel La Paul im Sirmione OFFICIAL WEBSITE Direktbuchung mit den besten Preisen, direkt am See, nur wenige Schritte von der Altstadt","breadcrumb":{"@id":"https:\/\/www.hotellapaul.it\/de\/hotel-la-paul-im-sirmione\/#breadcrumb"},"inLanguage":"de","potentialAction":[{"@type":"ReadAction","target":["https:\/\/www.hotellapaul.it\/de\/hotel-la-paul-im-sirmione\/"]}]},{"@type":"ImageObject","inLanguage":"de","@id":"https:\/\/www.hotellapaul.it\/de\/hotel-la-paul-im-sirmione\/#primaryimage","url":"https:\/\/www.hotellapaul.it\/wp-content\/uploads\/2014\/12\/PAN-IMG_9131-33-1280.jpg","contentUrl":"https:\/\/www.hotellapaul.it\/wp-content\/uploads\/2014\/12\/PAN-IMG_9131-33-1280.jpg","width":1280,"height":456},{"@type":"BreadcrumbList","@id":"https:\/\/www.hotellapaul.it\/de\/hotel-la-paul-im-sirmione\/#breadcrumb","itemListElement":[{"@type":"ListItem","position":1,"name":"Home","item":"https:\/\/www.hotellapaul.it\/de\/"},{"@type":"ListItem","position":2,"name":"Hotel La Paul im Sirmione"}]},{"@type":"WebSite","@id":"https:\/\/www.hotellapaul.it\/#website","url":"https:\/\/www.hotellapaul.it\/","name":"Hotel La Paul","description":"Hotel dal 1958 a Sirmione","potentialAction":[{"@type":"SearchAction","target":{"@type":"EntryPoint","urlTemplate":"https:\/\/www.hotellapaul.it\/?s={search_term_string}"},"query-input":{"@type":"PropertyValueSpecification","valueRequired":true,"valueName":"search_term_string"}}],"inLanguage":"de"}]}},"_links":{"self":[{"href":"https:\/\/www.hotellapaul.it\/de\/wp-json\/wp\/v2\/pages\/382","targetHints":{"allow":["GET"]}}],"collection":[{"href":"https:\/\/www.hotellapaul.it\/de\/wp-json\/wp\/v2\/pages"}],"about":[{"href":"https:\/\/www.hotellapaul.it\/de\/wp-json\/wp\/v2\/types\/page"}],"author":[{"embeddable":true,"href":"https:\/\/www.hotellapaul.it\/de\/wp-json\/wp\/v2\/users\/1"}],"replies":[{"embeddable":true,"href":"https:\/\/www.hotellapaul.it\/de\/wp-json\/wp\/v2\/comments?post=382"}],"version-history":[{"count":1,"href":"https:\/\/www.hotellapaul.it\/de\/wp-json\/wp\/v2\/pages\/382\/revisions"}],"predecessor-version":[{"id":11693,"href":"https:\/\/www.hotellapaul.it\/de\/wp-json\/wp\/v2\/pages\/382\/revisions\/11693"}],"wp:featuredmedia":[{"embeddable":true,"href":"https:\/\/www.hotellapaul.it\/de\/wp-json\/wp\/v2\/media\/11450"}],"wp:attachment":[{"href":"https:\/\/www.hotellapaul.it\/de\/wp-json\/wp\/v2\/media?parent=382"}],"curies":[{"name":"wp","href":"https:\/\/api.w.org\/{rel}","templated":true}]}}