{"id":380,"date":"2015-01-23T16:40:44","date_gmt":"2015-01-23T15:40:44","guid":{"rendered":"https:\/\/www.hotellapaul.it\/?page_id=380"},"modified":"2026-01-03T11:41:53","modified_gmt":"2026-01-03T10:41:53","slug":"radfahrer-hotel","status":"publish","type":"page","link":"https:\/\/www.hotellapaul.it\/de\/radfahrer-hotel\/","title":{"rendered":"Radfahrer Hotel"},"content":{"rendered":"\n<h4 class=\"wp-block-heading\">Radfahrer Hotel, ausgezeichneter Ausgangspunkt, um den Gardasee in Mountainbike besuchen:<\/h4>\n\n\n\n<p>unten Garda hat die Eigenschaft, flach oder h\u00fcgelig, daher geeignet f\u00fcr Radfahrer, ohne eine gute sportliche Ausbildung zu haben. Vor allem die zentrale Lage von Sirmione, ist es zweckm\u00e4\u00dfig, sowohl die St\u00e4dte am See auf die K\u00fcste und im Landesinneren zu besuchen, auf der Suche nach D\u00f6rfer, Burgen, Weing\u00fcter, oder folgen Sie den Mincio. Ungew\u00f6hnliche Erfahrung auch Fahrten mit dem Boot zu passen in verschiedene L\u00e4nder der K\u00fcste zu bekommen und dann besuchen Sie sie mit dem Fahrrad oder besuchen Sie Brescia und Verona, das Auto au\u00dferhalb der Altstadt.<br><\/p>\n\n\n\n<figure class=\"wp-block-image size-large\"><img decoding=\"async\" src=\"https:\/\/www.hotellapaul.it\/wp-content\/uploads\/2018\/02\/gruppo-svezia-2017-1a-1024x313.jpg\" alt=\"\" class=\"wp-image-9447\"\/><\/figure>\n\n\n\n<h4 class=\"wp-block-heading\">Hoteldienste f\u00fcr Radfahrer:<\/h4>\n\n\n\n<p>im Hotel sind Fahrr\u00e4der um zu reiten, oder Sie k\u00f6nnen Fahrr\u00e4der zu guten Preisen f\u00fcr professionelle Besuch am weitesten entfernten mieten; aber wenn Sie Ihr Fahrrad dabei haben, haben wir eine sichere Speicherung mit Gitter, Tools und Support f\u00fcr Fahrradreparaturen. In unserer N\u00e4he gibt es auch mechanische f\u00fcr eventuelle Sch\u00e4den oder f\u00fcr Ersatzteile. In der Rezeption gibt es Karten der Routen Basso Garda, eine Sammlung von Radwegen und w\u00e4hrend der Saison (April bis Oktober) k\u00f6nnen Sie den Gardasee mit unseren Gruppenreise mit dem Fahrrad besuchen. <span style=\"color: #ff0000;\"><strong>(Die F\u00fchrung wird vor\u00fcbergehend eingestellt)<\/strong><\/span><\/p>\n\n\n\n<p class=\"has-vivid-red-color has-text-color has-link-color wp-elements-90fa9bc45cfb2b0c9403cd789e4e8bd9\">Einzel- oder Gruppenreisebuchungen (Service vor\u00fcbergehend eingestellt)<\/p>\n\n\n\n<div class=\"wp-block-buttons is-layout-flex wp-block-buttons-is-layout-flex\">\n<div class=\"wp-block-button\"><a class=\"wp-block-button__link wp-element-button\">INDIVIDUELLE TOUREN<\/a><\/div>\n\n\n\n<div class=\"wp-block-button\"><a class=\"wp-block-button__link wp-element-button\">KLEINE GRUPPENREISEN<\/a><\/div>\n<\/div>\n\n\n\n<div style=\"height:50px\" aria-hidden=\"true\" class=\"wp-block-spacer\"><\/div>\n\n\n\n<h4 class=\"wp-block-heading\">Einige Garda-Touren mit Karten in Hotels f\u00fcr MTB-Touren verf\u00fcgbar &#8211; Radwege f\u00fcr Familien &#8211; Routen f\u00fcr Radfahrer<\/h4>\n\n\n\n<p>Tour durch Valtenesi, eine h\u00fcgelige Gegend, die f\u00fcr den Wein Garda Classico, Rotwein und natives Oliven\u00f6l extra bekannt ist, mit Blick auf den Gardasee, vorbei an Burgen, mittelalterlichen D\u00f6rfern, Pfahlbauten und mit Passagen zwischen dem See und den mit Weinbergen bedeckten H\u00fcgeln.<br>Tour durch die Mor\u00e4nenh\u00fcgel des Gardasees, Route zwischen den Produktionsgebieten des ber\u00fchmten Lugana-Weins und des Custoza-Weins, zwischen ausgedehnten Weinbergen im Herzen der Mor\u00e4nenh\u00fcgel des Gardasees, Gebiete, in denen 1859 die Schlacht von Solferino und San Martino ausgetragen wurde andere Burgen und mit Variationen zwischen den D\u00f6rfern im Landesinneren mit Festungen, romanischen Kirchen und arch\u00e4ologischen St\u00e4tten.<br>Bei der Lungomincio-Tour gelangen Sie durch Peschiera und entlang des Flusses nach Mantua. Eine ruhige, f\u00fcr jedermann geeignete Fahrt auf einem Radweg, der durch einige der sch\u00f6nsten D\u00f6rfer Italiens wie Valeggio und Borghetto f\u00fchrt.<br>Girolago, etwa 160 km entlang des Sees und vorbei an allen D\u00f6rfern, die ihn \u00fcberblicken.<br>Tour durch Valpolicella, ein angenehmes Auf und Ab zwischen den H\u00fcgeln einer wundersch\u00f6nen historischen Gegend mit weltber\u00fchmten Rotweinen, mit D\u00f6rfern auf den H\u00fcgeln und wundersch\u00f6nen Herrenh\u00e4usern, vorbei an Weinbergen und Weing\u00fctern.<br>Tour auf den Monte Baldo mit einer wundersch\u00f6nen Fahrt bis zu 23 km bergauf und einem fantastischen Ausblick auf den Gardasee.<\/p>\n\n\n\n<figure class=\"wp-block-gallery has-nested-images columns-default is-cropped wp-block-gallery-1 is-layout-flex wp-block-gallery-is-layout-flex\">\n<figure class=\"wp-block-image size-large\"><a href=\"https:\/\/www.hotellapaul.it\/wp-content\/uploads\/2024\/02\/gruppo-svezia-2017-2-1280.jpg\"><img decoding=\"async\" data-id=\"9349\" src=\"https:\/\/www.hotellapaul.it\/wp-content\/uploads\/2024\/02\/gruppo-svezia-2017-2-1280-682x1024.jpg\" alt=\"\" class=\"wp-image-9349\"\/><\/a><\/figure>\n\n\n\n<figure class=\"wp-block-image size-large\"><a href=\"https:\/\/www.hotellapaul.it\/wp-content\/uploads\/2024\/02\/gruppo-svezia-2017-5-1280.jpg\"><img decoding=\"async\" data-id=\"9344\" src=\"https:\/\/www.hotellapaul.it\/wp-content\/uploads\/2024\/02\/gruppo-svezia-2017-5-1280-1024x682.jpg\" alt=\"\" class=\"wp-image-9344\"\/><\/a><\/figure>\n\n\n\n<figure class=\"wp-block-image size-large\"><a href=\"https:\/\/www.hotellapaul.it\/wp-content\/uploads\/2024\/02\/gruppo-svezia-2017-6-1280.jpg\"><img decoding=\"async\" data-id=\"9354\" src=\"https:\/\/www.hotellapaul.it\/wp-content\/uploads\/2024\/02\/gruppo-svezia-2017-6-1280-1024x682.jpg\" alt=\"\" class=\"wp-image-9354\"\/><\/a><\/figure>\n\n\n\n<figure class=\"wp-block-image size-large\"><a href=\"https:\/\/www.hotellapaul.it\/wp-content\/uploads\/2024\/02\/gruppo-svezia-2017-14-1280.jpg\"><img decoding=\"async\" data-id=\"9332\" src=\"https:\/\/www.hotellapaul.it\/wp-content\/uploads\/2024\/02\/gruppo-svezia-2017-14-1280-1024x682.jpg\" alt=\"\" class=\"wp-image-9332\"\/><\/a><figcaption class=\"wp-element-caption\">OLYMPUS DIGITAL CAMERA<\/figcaption><\/figure>\n\n\n\n<figure class=\"wp-block-image size-large\"><a href=\"https:\/\/www.hotellapaul.it\/wp-content\/uploads\/2024\/02\/gruppo-svezia-2017-17-1280.jpg\"><img decoding=\"async\" data-id=\"9333\" src=\"https:\/\/www.hotellapaul.it\/wp-content\/uploads\/2024\/02\/gruppo-svezia-2017-17-1280-682x1024.jpg\" alt=\"\" class=\"wp-image-9333\"\/><\/a><figcaption class=\"wp-element-caption\">OLYMPUS DIGITAL CAMERA<\/figcaption><\/figure>\n\n\n\n<figure class=\"wp-block-image size-large\"><a href=\"https:\/\/www.hotellapaul.it\/wp-content\/uploads\/2024\/02\/gruppo-svezia-2017-18-1280.jpg\"><img decoding=\"async\" data-id=\"9339\" src=\"https:\/\/www.hotellapaul.it\/wp-content\/uploads\/2024\/02\/gruppo-svezia-2017-18-1280-1024x682.jpg\" alt=\"\" class=\"wp-image-9339\"\/><\/a><figcaption class=\"wp-element-caption\">OLYMPUS DIGITAL CAMERA<\/figcaption><\/figure>\n<\/figure>\n\n\n\n<p><a href=\"https:\/\/www.hotel-in-sirmione.it\/de\/category\/was-tun\/fahrradtouren-am-gardasee\/\" target=\"_blank\" rel=\"noreferrer noopener\">Sehen Sie sich alle Radtouren am Gardasee und deren Informationsbl\u00e4tter an, die Sie in unseren Hotels f\u00fcr Radfahrer finden<\/a><\/p>\n\n\n\n<figure class=\"wp-block-image alignnone\"><a href=\"https:\/\/www.hotellapaul.it\/wp-content\/uploads\/2015\/01\/attestato-gardabike-hotel-la-paul.jpg\"><img decoding=\"async\" src=\"https:\/\/www.hotellapaul.it\/wp-content\/uploads\/2015\/01\/attestato-gardabike-hotel-la-paul-300x212.jpg\" alt=\"GardaBike Hospitality\" class=\"wp-image-145\"\/><\/a><figcaption class=\"wp-element-caption\">GardaBike Hospitality<\/figcaption><\/figure>\n\n\n\n<p><\/p>\n","protected":false},"excerpt":{"rendered":"<p>Radfahrer Hotel, ausgezeichneter Ausgangspunkt, um den Gardasee in Mountainbike besuchen: unten Garda [&hellip;]<\/p>\n","protected":false},"author":1,"featured_media":11466,"parent":0,"menu_order":73,"comment_status":"open","ping_status":"closed","template":"","meta":{"_acf_changed":false,"footnotes":""},"class_list":["post-380","page","type-page","status-publish","has-post-thumbnail","hentry"],"acf":[],"yoast_head":"<!-- This site is optimized with the Yoast SEO plugin v27.4 - https:\/\/yoast.com\/product\/yoast-seo-wordpress\/ -->\n<title>Radfahrer Hotel La Paul in SIrmione am Gardasee<\/title>\n<meta name=\"description\" content=\"Radfahrer Hotel La Paul in SIrmione, F\u00fchrungen am Gardasee, Fahrradverleih, Reisegep\u00e4ck, Karten und Routen mtb Fahrradfahren, Fahrradpflege\" \/>\n<meta name=\"robots\" content=\"index, follow, max-snippet:-1, max-image-preview:large, max-video-preview:-1\" \/>\n<link rel=\"canonical\" href=\"https:\/\/www.hotellapaul.it\/de\/radfahrer-hotel\/\" \/>\n<meta property=\"og:locale\" content=\"de_DE\" \/>\n<meta property=\"og:type\" content=\"article\" \/>\n<meta property=\"og:title\" content=\"Radfahrer Hotel La Paul in SIrmione am Gardasee\" \/>\n<meta property=\"og:description\" content=\"Radfahrer Hotel La Paul in SIrmione, F\u00fchrungen am Gardasee, Fahrradverleih, Reisegep\u00e4ck, Karten und Routen mtb Fahrradfahren, Fahrradpflege\" \/>\n<meta property=\"og:url\" content=\"https:\/\/www.hotellapaul.it\/de\/radfahrer-hotel\/\" \/>\n<meta property=\"og:site_name\" content=\"Hotel La Paul\" \/>\n<meta property=\"article:modified_time\" content=\"2026-01-03T10:41:53+00:00\" \/>\n<meta property=\"og:image\" content=\"https:\/\/www.hotellapaul.it\/wp-content\/uploads\/2026\/01\/hotel-per-ciclisti-a-sirmione-scaled.webp\" \/>\n\t<meta property=\"og:image:width\" content=\"2560\" \/>\n\t<meta property=\"og:image:height\" content=\"737\" \/>\n\t<meta property=\"og:image:type\" content=\"image\/webp\" \/>\n<meta name=\"twitter:card\" content=\"summary_large_image\" \/>\n<meta name=\"twitter:label1\" content=\"Gesch\u00e4tzte Lesezeit\" \/>\n\t<meta name=\"twitter:data1\" content=\"5\u00a0Minuten\" \/>\n<script type=\"application\/ld+json\" class=\"yoast-schema-graph\">{\"@context\":\"https:\\\/\\\/schema.org\",\"@graph\":[{\"@type\":\"WebPage\",\"@id\":\"https:\\\/\\\/www.hotellapaul.it\\\/de\\\/radfahrer-hotel\\\/\",\"url\":\"https:\\\/\\\/www.hotellapaul.it\\\/de\\\/radfahrer-hotel\\\/\",\"name\":\"Radfahrer Hotel La Paul in SIrmione am Gardasee\",\"isPartOf\":{\"@id\":\"https:\\\/\\\/www.hotellapaul.it\\\/#website\"},\"primaryImageOfPage\":{\"@id\":\"https:\\\/\\\/www.hotellapaul.it\\\/de\\\/radfahrer-hotel\\\/#primaryimage\"},\"image\":{\"@id\":\"https:\\\/\\\/www.hotellapaul.it\\\/de\\\/radfahrer-hotel\\\/#primaryimage\"},\"thumbnailUrl\":\"https:\\\/\\\/www.hotellapaul.it\\\/wp-content\\\/uploads\\\/2026\\\/01\\\/hotel-per-ciclisti-a-sirmione-scaled.webp\",\"datePublished\":\"2015-01-23T15:40:44+00:00\",\"dateModified\":\"2026-01-03T10:41:53+00:00\",\"description\":\"Radfahrer Hotel La Paul in SIrmione, F\u00fchrungen am Gardasee, Fahrradverleih, Reisegep\u00e4ck, Karten und Routen mtb Fahrradfahren, Fahrradpflege\",\"breadcrumb\":{\"@id\":\"https:\\\/\\\/www.hotellapaul.it\\\/de\\\/radfahrer-hotel\\\/#breadcrumb\"},\"inLanguage\":\"de\",\"potentialAction\":[{\"@type\":\"ReadAction\",\"target\":[\"https:\\\/\\\/www.hotellapaul.it\\\/de\\\/radfahrer-hotel\\\/\"]}]},{\"@type\":\"ImageObject\",\"inLanguage\":\"de\",\"@id\":\"https:\\\/\\\/www.hotellapaul.it\\\/de\\\/radfahrer-hotel\\\/#primaryimage\",\"url\":\"https:\\\/\\\/www.hotellapaul.it\\\/wp-content\\\/uploads\\\/2026\\\/01\\\/hotel-per-ciclisti-a-sirmione-scaled.webp\",\"contentUrl\":\"https:\\\/\\\/www.hotellapaul.it\\\/wp-content\\\/uploads\\\/2026\\\/01\\\/hotel-per-ciclisti-a-sirmione-scaled.webp\",\"width\":2560,\"height\":737},{\"@type\":\"BreadcrumbList\",\"@id\":\"https:\\\/\\\/www.hotellapaul.it\\\/de\\\/radfahrer-hotel\\\/#breadcrumb\",\"itemListElement\":[{\"@type\":\"ListItem\",\"position\":1,\"name\":\"Home\",\"item\":\"https:\\\/\\\/www.hotellapaul.it\\\/de\\\/\"},{\"@type\":\"ListItem\",\"position\":2,\"name\":\"Radfahrer Hotel\"}]},{\"@type\":\"WebSite\",\"@id\":\"https:\\\/\\\/www.hotellapaul.it\\\/#website\",\"url\":\"https:\\\/\\\/www.hotellapaul.it\\\/\",\"name\":\"Hotel La Paul\",\"description\":\"Hotel dal 1958 a Sirmione\",\"potentialAction\":[{\"@type\":\"SearchAction\",\"target\":{\"@type\":\"EntryPoint\",\"urlTemplate\":\"https:\\\/\\\/www.hotellapaul.it\\\/?s={search_term_string}\"},\"query-input\":{\"@type\":\"PropertyValueSpecification\",\"valueRequired\":true,\"valueName\":\"search_term_string\"}}],\"inLanguage\":\"de\"}]}<\/script>\n<!-- \/ Yoast SEO plugin. -->","yoast_head_json":{"title":"Radfahrer Hotel La Paul in SIrmione am Gardasee","description":"Radfahrer Hotel La Paul in SIrmione, F\u00fchrungen am Gardasee, Fahrradverleih, Reisegep\u00e4ck, Karten und Routen mtb Fahrradfahren, Fahrradpflege","robots":{"index":"index","follow":"follow","max-snippet":"max-snippet:-1","max-image-preview":"max-image-preview:large","max-video-preview":"max-video-preview:-1"},"canonical":"https:\/\/www.hotellapaul.it\/de\/radfahrer-hotel\/","og_locale":"de_DE","og_type":"article","og_title":"Radfahrer Hotel La Paul in SIrmione am Gardasee","og_description":"Radfahrer Hotel La Paul in SIrmione, F\u00fchrungen am Gardasee, Fahrradverleih, Reisegep\u00e4ck, Karten und Routen mtb Fahrradfahren, Fahrradpflege","og_url":"https:\/\/www.hotellapaul.it\/de\/radfahrer-hotel\/","og_site_name":"Hotel La Paul","article_modified_time":"2026-01-03T10:41:53+00:00","og_image":[{"width":2560,"height":737,"url":"https:\/\/www.hotellapaul.it\/wp-content\/uploads\/2026\/01\/hotel-per-ciclisti-a-sirmione-scaled.webp","type":"image\/webp"}],"twitter_card":"summary_large_image","twitter_misc":{"Gesch\u00e4tzte Lesezeit":"5\u00a0Minuten"},"schema":{"@context":"https:\/\/schema.org","@graph":[{"@type":"WebPage","@id":"https:\/\/www.hotellapaul.it\/de\/radfahrer-hotel\/","url":"https:\/\/www.hotellapaul.it\/de\/radfahrer-hotel\/","name":"Radfahrer Hotel La Paul in SIrmione am Gardasee","isPartOf":{"@id":"https:\/\/www.hotellapaul.it\/#website"},"primaryImageOfPage":{"@id":"https:\/\/www.hotellapaul.it\/de\/radfahrer-hotel\/#primaryimage"},"image":{"@id":"https:\/\/www.hotellapaul.it\/de\/radfahrer-hotel\/#primaryimage"},"thumbnailUrl":"https:\/\/www.hotellapaul.it\/wp-content\/uploads\/2026\/01\/hotel-per-ciclisti-a-sirmione-scaled.webp","datePublished":"2015-01-23T15:40:44+00:00","dateModified":"2026-01-03T10:41:53+00:00","description":"Radfahrer Hotel La Paul in SIrmione, F\u00fchrungen am Gardasee, Fahrradverleih, Reisegep\u00e4ck, Karten und Routen mtb Fahrradfahren, Fahrradpflege","breadcrumb":{"@id":"https:\/\/www.hotellapaul.it\/de\/radfahrer-hotel\/#breadcrumb"},"inLanguage":"de","potentialAction":[{"@type":"ReadAction","target":["https:\/\/www.hotellapaul.it\/de\/radfahrer-hotel\/"]}]},{"@type":"ImageObject","inLanguage":"de","@id":"https:\/\/www.hotellapaul.it\/de\/radfahrer-hotel\/#primaryimage","url":"https:\/\/www.hotellapaul.it\/wp-content\/uploads\/2026\/01\/hotel-per-ciclisti-a-sirmione-scaled.webp","contentUrl":"https:\/\/www.hotellapaul.it\/wp-content\/uploads\/2026\/01\/hotel-per-ciclisti-a-sirmione-scaled.webp","width":2560,"height":737},{"@type":"BreadcrumbList","@id":"https:\/\/www.hotellapaul.it\/de\/radfahrer-hotel\/#breadcrumb","itemListElement":[{"@type":"ListItem","position":1,"name":"Home","item":"https:\/\/www.hotellapaul.it\/de\/"},{"@type":"ListItem","position":2,"name":"Radfahrer Hotel"}]},{"@type":"WebSite","@id":"https:\/\/www.hotellapaul.it\/#website","url":"https:\/\/www.hotellapaul.it\/","name":"Hotel La Paul","description":"Hotel dal 1958 a Sirmione","potentialAction":[{"@type":"SearchAction","target":{"@type":"EntryPoint","urlTemplate":"https:\/\/www.hotellapaul.it\/?s={search_term_string}"},"query-input":{"@type":"PropertyValueSpecification","valueRequired":true,"valueName":"search_term_string"}}],"inLanguage":"de"}]}},"_links":{"self":[{"href":"https:\/\/www.hotellapaul.it\/de\/wp-json\/wp\/v2\/pages\/380","targetHints":{"allow":["GET"]}}],"collection":[{"href":"https:\/\/www.hotellapaul.it\/de\/wp-json\/wp\/v2\/pages"}],"about":[{"href":"https:\/\/www.hotellapaul.it\/de\/wp-json\/wp\/v2\/types\/page"}],"author":[{"embeddable":true,"href":"https:\/\/www.hotellapaul.it\/de\/wp-json\/wp\/v2\/users\/1"}],"replies":[{"embeddable":true,"href":"https:\/\/www.hotellapaul.it\/de\/wp-json\/wp\/v2\/comments?post=380"}],"version-history":[{"count":0,"href":"https:\/\/www.hotellapaul.it\/de\/wp-json\/wp\/v2\/pages\/380\/revisions"}],"wp:featuredmedia":[{"embeddable":true,"href":"https:\/\/www.hotellapaul.it\/de\/wp-json\/wp\/v2\/media\/11466"}],"wp:attachment":[{"href":"https:\/\/www.hotellapaul.it\/de\/wp-json\/wp\/v2\/media?parent=380"}],"curies":[{"name":"wp","href":"https:\/\/api.w.org\/{rel}","templated":true}]}}